{"id":573,"date":"2019-04-18T16:18:53","date_gmt":"2019-04-18T20:18:53","guid":{"rendered":"https:\/\/mag-dent.com\/?page_id=573"},"modified":"2022-10-26T09:49:22","modified_gmt":"2022-10-26T13:49:22","slug":"urgence-dentaire","status":"publish","type":"page","link":"https:\/\/mag-dent.com\/fr\/urgence-dentaire\/","title":{"rendered":"Urgence Dentaire"},"content":{"rendered":"<div class=\"wpb-content-wrapper\">[vc_row fullwidth=\u00a0\u00bbtrue\u00a0\u00bb el_class=\u00a0\u00bbsliderbox\u00a0\u00bb][vc_column]\n\t\t\t<!-- START emergency REVOLUTION SLIDER 6.7.34 --><p class=\"rs-p-wp-fix\"><\/p>\n\t\t\t<rs-module-wrap id=\"rev_slider_10_1_wrapper\" data-source=\"gallery\" style=\"visibility:hidden;background:transparent;padding:0;margin:0px auto;margin-top:0;margin-bottom:0;\">\n\t\t\t\t<rs-module id=\"rev_slider_10_1\" style=\"\" data-version=\"6.7.34\">\n\t\t\t\t\t<rs-slides style=\"overflow: hidden; position: absolute;\">\n\t\t\t\t\t\t<rs-slide style=\"position: absolute;\" data-key=\"rs-23\" data-title=\"Slide\" data-anim=\"adpr:false;\">\n\t\t\t\t\t\t\t<img wpfc-lazyload-disable=\"true\" decoding=\"async\" src=\"\/\/mag-dent.com\/wp-content\/plugins\/revslider\/sr6\/assets\/assets\/dummy.png\" alt=\"\" title=\"Urgence Dentaire\" class=\"rev-slidebg tp-rs-img rs-lazyload\" data-lazyload=\"\/\/mag-dent.com\/wp-content\/uploads\/2019\/04\/dental-emergencies-1.jpg\" data-parallax=\"3\" data-no-retina>\n<!--\n\t\t\t\t\t\t\t--><rs-layer\n\t\t\t\t\t\t\t\tid=\"slider-10-slide-23-layer-1\" \n\t\t\t\t\t\t\t\tdata-type=\"text\"\n\t\t\t\t\t\t\t\tdata-color=\"#aaaf75\"\n\t\t\t\t\t\t\t\tdata-rsp_ch=\"on\"\n\t\t\t\t\t\t\t\tdata-xy=\"x:l,l,l,c;xo:37px,32px,30px,0;yo:63px,64px,50px,110px;\"\n\t\t\t\t\t\t\t\tdata-text=\"w:nowrap,nowrap,nowrap,normal;s:65,52,42,42;l:72,57,57,52;fw:300;a:inherit,inherit,inherit,center;\"\n\t\t\t\t\t\t\t\tdata-dim=\"w:auto,auto,auto,440px;\"\n\t\t\t\t\t\t\t\tdata-frame_0=\"tp:600;\"\n\t\t\t\t\t\t\t\tdata-frame_1=\"tp:600;st:300;sp:710;sR:300;\"\n\t\t\t\t\t\t\t\tdata-frame_999=\"o:0;tp:600;st:w;sR:7990;\"\n\t\t\t\t\t\t\t\tstyle=\"z-index:5;font-family:'Montserrat';\"\n\t\t\t\t\t\t\t>Urgence dentaire \n\t\t\t\t\t\t\t<\/rs-layer><!--\n\n\t\t\t\t\t\t\t--><rs-layer\n\t\t\t\t\t\t\t\tid=\"slider-10-slide-23-layer-2\" \n\t\t\t\t\t\t\t\tdata-type=\"text\"\n\t\t\t\t\t\t\t\tdata-color=\"#414042\"\n\t\t\t\t\t\t\t\tdata-rsp_ch=\"on\"\n\t\t\t\t\t\t\t\tdata-xy=\"x:l,l,l,c;xo:41px,36px,33px,0;yo:151px,144px,117px,192px;\"\n\t\t\t\t\t\t\t\tdata-text=\"w:normal;s:22,22,22,24;l:28,28,28,30;fw:300;a:inherit,inherit,inherit,center;\"\n\t\t\t\t\t\t\t\tdata-dim=\"w:597px,530px,473px,395px;h:201px,199px,253px,auto;\"\n\t\t\t\t\t\t\t\tdata-frame_0=\"tp:600;\"\n\t\t\t\t\t\t\t\tdata-frame_1=\"tp:600;st:350;sp:720;sR:350;\"\n\t\t\t\t\t\t\t\tdata-frame_999=\"o:0;tp:600;st:w;sR:7930;\"\n\t\t\t\t\t\t\t\tstyle=\"z-index:6;font-family:'Lato';\"\n\t\t\t\t\t\t\t>Si vous-m\u00eame, un membre de votre famille ou un ami avez besoin de soins dentaires d\u2019urgence, communiquez avec notre bureau le plus t\u00f4t possible. Pendant nos heures d\u2019ouverture, appelez au <a href=\"tel:5147382143\"><strong>(514) 738-2143.<\/strong><\/a><br><br> Sinon, remplissez notre <a href=\"https:\/\/mag-dent.com\/fr\/contactez-nous\/\"><strong>demande en ligne de rendez-vous <\/strong> <\/a>et indiquez que c\u2019est une urgence. \n\t\t\t\t\t\t\t<\/rs-layer><!--\n-->\t\t\t\t\t<\/rs-slide>\n\t\t\t\t\t<\/rs-slides>\n\t\t\t\t<\/rs-module>\n\t\t\t\t<script>\n\t\t\t\t\tsetREVStartSize({c: 'rev_slider_10_1',rl:[1240,1024,778,480],el:[],gw:[1200,1024,778,480],gh:[390,390,390,600],type:'hero',justify:'',layout:'fullwidth',mh:\"0\"});if (window.RS_MODULES!==undefined && window.RS_MODULES.modules!==undefined && window.RS_MODULES.modules[\"revslider101\"]!==undefined) {window.RS_MODULES.modules[\"revslider101\"].once = false;window.revapi10 = undefined;if (window.RS_MODULES.checkMinimal!==undefined) window.RS_MODULES.checkMinimal()}\n\t\t\t\t<\/script>\n\t\t\t<\/rs-module-wrap>\n\t\t\t<!-- END REVOLUTION SLIDER -->\n[\/vc_column][\/vc_row][vc_row css=\u00a0\u00bb.vc_custom_1555618831787{padding-top: 50px !important;}\u00a0\u00bb][vc_column][vc_row_inner css=\u00a0\u00bb.vc_custom_1555006567814{margin-top: 0px !important;margin-bottom: 0px !important;padding-top: 0px !important;padding-bottom: 0px !important;}\u00a0\u00bb][vc_column_inner width=\u00a0\u00bb2\/3&Prime;][vc_column_text css=\u00a0\u00bb.vc_custom_1555626280485{margin-bottom: 0px !important;}\u00a0\u00bb]\n<h2>Cas prioritaires<\/h2>\n<p>Si vous \u00eates aux prises avec un mal de dents, avez une dent cass\u00e9e, remarquez une enflure ou encore \u00eates victime d\u2019un accident, nous vous examinerons en priorit\u00e9 le jour m\u00eame.<\/p>\n<h2>L\u2019examen d\u2019urgence<\/h2>\n<p>Une douleur dentaire peut s&rsquo;arr\u00eater spontan\u00e9ment ou peut continuer et s&#8217;empirer. Si elle s&rsquo;arr\u00eate, elle peut revenir avec une plus grande intensit\u00e9. Peu importe la cause, ne prenez pas de risques inutiles et venez nous voir.<\/p>\n<p>Si vous \u00e9prouvez une douleur, un examen rapide et rigoureux de 30 \u00e0 60 minutes peut vous \u00e9viter des moments difficiles, des regrets et des d\u00e9penses plus \u00e9lev\u00e9es. Bien s\u00fbr, nous ferons tout notre possible pour soulager la douleur le jour m\u00eame.[\/vc_column_text][\/vc_column_inner][vc_column_inner width=\u00a0\u00bb1\/3&Prime;][vc_column_text css=\u00a0\u00bb.vc_custom_1666788941908{margin-top: 0px !important;margin-bottom: 0px !important;padding-top: 0px !important;padding-bottom: 0px !important;}\u00a0\u00bb]&nbsp;<\/p>\n<table border=\"0\" width=\"100%\" cellspacing=\"0\" cellpadding=\"0\">\n<tbody>\n<tr>\n<td style=\"text-align: left;\"><strong>Lundi: <\/strong><\/td>\n<td style=\"text-align: left;\">7 h &#8211; 15:30 h<\/td>\n<\/tr>\n<tr>\n<td style=\"text-align: left;\"><strong>Mardi:<\/strong><\/td>\n<td style=\"text-align: left;\">\u00a07 h &#8211; 15:30 h<\/td>\n<\/tr>\n<tr>\n<td style=\"text-align: left;\"><strong>Mercredi:<\/strong><\/td>\n<td style=\"text-align: left;\">\u00a07 h &#8211; 15:30 h<\/td>\n<\/tr>\n<tr>\n<td style=\"text-align: left;\"><strong>Jeudi: <\/strong><\/td>\n<td style=\"text-align: left;\">\u00a07 h &#8211; 15:30 h<\/td>\n<\/tr>\n<tr>\n<td style=\"text-align: left;\"><strong>Vendredi: <\/strong><\/td>\n<td style=\"text-align: left;\">Ferm\u00e9<\/td>\n<\/tr>\n<tr>\n<td style=\"text-align: left;\"><strong>Samedi: <\/strong><\/td>\n<td style=\"text-align: left;\">Ferm\u00e9<\/td>\n<\/tr>\n<tr>\n<td style=\"text-align: left;\"><strong>Dimanche: <\/strong><\/td>\n<td style=\"text-align: left;\">Ferm\u00e9<\/td>\n<\/tr>\n<\/tbody>\n<\/table>\n[\/vc_column_text][\/vc_column_inner][\/vc_row_inner][vc_row_inner css=\u00a0\u00bb.vc_custom_1555006567814{margin-top: 0px !important;margin-bottom: 0px !important;padding-top: 0px !important;padding-bottom: 0px !important;}\u00a0\u00bb][vc_column_inner][vc_column_text css=\u00a0\u00bb.vc_custom_1555626269304{margin-top: -25px !important;margin-bottom: 0px !important;}\u00a0\u00bb]\n<h2>Que faire en attendant votre rendez-vous<\/h2>\n<p>Voici quelques mesures qui peuvent \u00eatre prises avant votre visite chez nous.<\/p>\n<h3>Dent cass\u00e9e<\/h3>\n<ul>\n<li>Nettoyer doucement la r\u00e9gion bless\u00e9e \u00e0 l&rsquo;eau ti\u00e8de.<\/li>\n<li>Si possible, garder la partie cass\u00e9e dans un contenant propre.<\/li>\n<\/ul>\n<h3>Mal de dents<\/h3>\n<ul>\n<li>Notez vos sympt\u00f4mes (chaleur, froid, etc.). Ceci nous aidera \u00e0 trouver la cause du probl\u00e8me.<\/li>\n<li>Pour calmer le mal de dent, obtenez le m\u00e9dicament contre la douleur en vente libre qui vous sera recommand\u00e9 par votre pharmacien.<\/li>\n<li>Surtout, n&rsquo;appliquez pas le m\u00e9dicament directement sur la dent douloureuse. Tenez plut\u00f4t une compresse de glace sur votre visage \u00e0 l&rsquo;endroit sensible.<\/li>\n<li>N&rsquo;appliquez pas d&rsquo;objets chauds sur la m\u00e2choire (ex: coussin chauffant). Cela ne ferait qu&#8217;empirer les choses.<\/li>\n<\/ul>\n<h3>Dent d\u00e9log\u00e9e accidentellement<\/h3>\n<ul>\n<li>Si vous perdez une dent permanente \u00e0 la suite d&rsquo;un accident, il se peut que nous puissions la remettre en place, mais il faut faire vite. Si la dent est r\u00e9implant\u00e9e dans les 10 minutes, il y a de fortes chances qu&rsquo;elle reprenne racine. Apr\u00e8s 2 heures, les chances sont minces.<\/li>\n<li>Si la dent apparait propre, remettez-la en place (dans son alv\u00e9ole). S&rsquo;il y a des chances que la dent soit aval\u00e9e, placez-la dans un contenant de lait froid en attendant votre rendez-vous.<\/li>\n<\/ul>\n<h3>Enflure et ou abc\u00e8s gingival (des gencives)<\/h3>\n<ul>\n<li>Rincer la bouche avec de l&rsquo;eau ti\u00e8de sal\u00e9e<\/li>\n<li>Appliquer des compresses ti\u00e8des sur le visage jusqu\u2019\u00e0 votre rendez-vous.<\/li>\n<\/ul>\n<h3>Blessures dues au port d&rsquo;un appareil orthodontique<\/h3>\n<ul>\n<li>Si un appareil orthodontique ou une partie de l&rsquo;appareil (broche) blesse la muqueuse de la bouche, placer un morceau de cire sur la pointe irritante.<\/li>\n<li>Communiquer avec nous ou votre orthodontiste.<\/li>\n<\/ul>\n<h3>Objet coinc\u00e9 entre les dents<\/h3>\n<ul>\n<li>D&rsquo;abord essayer de retirer l&rsquo;objet avec de la soie dentaire en y allant d\u00e9licatement. Ne jamais se servir d&rsquo;une \u00e9pingle ou d&rsquo;un objet pointu; ils pourraient blesser la gencive ou \u00e9gratigner la surface des dents.<\/li>\n<li>Si vous n\u2019\u00eates pas capable de d\u00e9loger l\u2019objet, prenez rendez-vous et nous vous lib\u00e9rerons de ce d\u00e9sagr\u00e9ment.<\/li>\n<\/ul>\n[\/vc_column_text][\/vc_column_inner][\/vc_row_inner][\/vc_column][\/vc_row][vc_row css=\u00a0\u00bb.vc_custom_1553103042850{margin-top: 50px !important;}\u00a0\u00bb][vc_column]\n\t\t\t<!-- START appointment REVOLUTION SLIDER 6.7.34 --><p class=\"rs-p-wp-fix\"><\/p>\n\t\t\t<rs-module-wrap id=\"rev_slider_2_2_wrapper\" data-source=\"gallery\" style=\"visibility:hidden;background:transparent;padding:0;margin:0px auto;margin-top:0;margin-bottom:0;\">\n\t\t\t\t<rs-module id=\"rev_slider_2_2\" style=\"\" data-version=\"6.7.34\">\n\t\t\t\t\t<rs-slides style=\"overflow: hidden; position: absolute;\">\n\t\t\t\t\t\t<rs-slide style=\"position: absolute;\" data-key=\"rs-11\" data-title=\"Slide\" data-anim=\"adpr:false;\">\n\t\t\t\t\t\t\t<img wpfc-lazyload-disable=\"true\" decoding=\"async\" src=\"\/\/mag-dent.com\/wp-content\/plugins\/revslider\/sr6\/assets\/assets\/dummy.png\" alt=\"\" title=\"Urgence Dentaire\" class=\"rev-slidebg tp-rs-img rs-lazyload\" data-lazyload=\"\/\/mag-dent.com\/wp-content\/uploads\/2019\/03\/cta-bottom.jpg\" data-parallax=\"3\" data-no-retina>\n<!--\n\t\t\t\t\t\t\t--><rs-layer\n\t\t\t\t\t\t\t\tid=\"slider-2-slide-11-layer-1\" \n\t\t\t\t\t\t\t\tdata-type=\"text\"\n\t\t\t\t\t\t\t\tdata-rsp_ch=\"on\"\n\t\t\t\t\t\t\t\tdata-xy=\"x:c;xo:1px;y:m;yo:-19px,-19px,-19px,19px;\"\n\t\t\t\t\t\t\t\tdata-text=\"w:normal;s:37,37,31,22;l:54,54,54,34;fw:500;a:center;\"\n\t\t\t\t\t\t\t\tdata-dim=\"w:835px,835px,685px,427px;h:109px,109px,auto,auto;\"\n\t\t\t\t\t\t\t\tdata-frame_0=\"tp:600;\"\n\t\t\t\t\t\t\t\tdata-frame_1=\"tp:600;st:300;sp:710;sR:300;\"\n\t\t\t\t\t\t\t\tdata-frame_999=\"o:0;tp:600;st:w;sR:7990;\"\n\t\t\t\t\t\t\t\tstyle=\"z-index:5;font-family:'Montserrat';\"\n\t\t\t\t\t\t\t>Vous pouvez nous appeler au 514-738-2143 pour prendre rendez-vous.\n \n\t\t\t\t\t\t\t<\/rs-layer><!--\n\n\t\t\t\t\t\t\t--><rs-layer\n\t\t\t\t\t\t\t\tid=\"slider-2-slide-11-layer-4\" \n\t\t\t\t\t\t\t\tclass=\"rev-btn\"\n\t\t\t\t\t\t\t\tdata-type=\"button\"\n\t\t\t\t\t\t\t\tdata-color=\"#aaaf75\"\n\t\t\t\t\t\t\t\tdata-xy=\"x:c;yo:309px,309px,309px,379px;\"\n\t\t\t\t\t\t\t\tdata-text=\"s:19;l:17;fw:700;a:inherit;\"\n\t\t\t\t\t\t\t\tdata-actions='o:click;a:simplelink;target:_self;url:https:\/\/mag-dent.com\/fr\/contact-us\/;'\n\t\t\t\t\t\t\t\tdata-rsp_bd=\"off\"\n\t\t\t\t\t\t\t\tdata-padding=\"t:16;r:50;b:16;l:50;\"\n\t\t\t\t\t\t\t\tdata-border=\"bor:30px,30px,30px,30px;\"\n\t\t\t\t\t\t\t\tdata-frame_0=\"tp:600;\"\n\t\t\t\t\t\t\t\tdata-frame_1=\"tp:600;st:0;\"\n\t\t\t\t\t\t\t\tdata-frame_999=\"o:0;tp:600;st:w;sR:8700;\"\n\t\t\t\t\t\t\t\tdata-frame_hover=\"c:#b0b579;bgc:#efefef;boc:#000;bor:30px,30px,30px,30px;bos:solid;oX:50;oY:50;sp:0;e:none;\"\n\t\t\t\t\t\t\t\tstyle=\"z-index:6;background-color:#ffffff;font-family:'Montserrat';cursor:pointer;outline:none;box-shadow:none;box-sizing:border-box;-moz-box-sizing:border-box;-webkit-box-sizing:border-box;\"\n\t\t\t\t\t\t\t>Demande de rendez-vous \n\t\t\t\t\t\t\t<\/rs-layer><!--\n-->\t\t\t\t\t<\/rs-slide>\n\t\t\t\t\t<\/rs-slides>\n\t\t\t\t<\/rs-module>\n\t\t\t\t<script>\n\t\t\t\t\tsetREVStartSize({c: 'rev_slider_2_2',rl:[1240,1024,778,480],el:[],gw:[1240,1024,778,480],gh:[450,450,450,600],type:'hero',justify:'',layout:'fullwidth',mh:\"0\"});if (window.RS_MODULES!==undefined && window.RS_MODULES.modules!==undefined && window.RS_MODULES.modules[\"revslider22\"]!==undefined) {window.RS_MODULES.modules[\"revslider22\"].once = false;window.revapi2 = undefined;if (window.RS_MODULES.checkMinimal!==undefined) window.RS_MODULES.checkMinimal()}\n\t\t\t\t<\/script>\n\t\t\t<\/rs-module-wrap>\n\t\t\t<!-- END REVOLUTION SLIDER -->\n[\/vc_column][\/vc_row]\n<\/div>","protected":false},"excerpt":{"rendered":"<p>[vc_row fullwidth=\u00a0\u00bbtrue\u00a0\u00bb el_class=\u00a0\u00bbsliderbox\u00a0\u00bb][vc_column][\/vc_column][\/vc_row][vc_row css=\u00a0\u00bb.vc_custom_1555618831787{padding-top: 50px !important;}\u00a0\u00bb][vc_column][vc_row_inner css=\u00a0\u00bb.vc_custom_1555006567814{margin-top: 0px !important;margin-bottom: 0px !important;padding-top: 0px !important;padding-bottom: 0px !important;}\u00a0\u00bb][vc_column_inner width=\u00a0\u00bb2\/3&Prime;][vc_column_text css=\u00a0\u00bb.vc_custom_1555626280485{margin-bottom: 0px !important;}\u00a0\u00bb] Cas prioritaires Si vous \u00eates aux prises avec un mal de dents, avez une dent cass\u00e9e, remarquez une enflure ou encore \u00eates victime d\u2019un accident, nous vous examinerons en priorit\u00e9 le jour m\u00eame. L\u2019examen d\u2019urgence Une [&hellip;]<\/p>\n","protected":false},"author":1,"featured_media":0,"parent":0,"menu_order":0,"comment_status":"closed","ping_status":"closed","template":"","meta":{"footnotes":""},"class_list":["post-573","page","type-page","status-publish","hentry"],"yoast_head":"<!-- This site is optimized with the Yoast SEO plugin v27.2 - https:\/\/yoast.com\/product\/yoast-seo-wordpress\/ -->\n<title>Urgence dentaire \u00e0 Montr\u00e9al - Soins dentaires et douleur dentaire<\/title>\n<meta name=\"description\" content=\"Les urgences dentaires comprennent les maux de dents, l&#039;enflure et les blessures aux dents ou aux gencives. Cas prioritaires contactez-nous d\u00e8s maintenant\" \/>\n<meta name=\"robots\" content=\"index, follow, max-snippet:-1, max-image-preview:large, max-video-preview:-1\" \/>\n<link rel=\"canonical\" href=\"https:\/\/mag-dent.com\/dental-emergency\/\" \/>\n<meta property=\"og:locale\" content=\"fr_FR\" \/>\n<meta property=\"og:type\" content=\"article\" \/>\n<meta property=\"og:title\" content=\"Urgence dentaire \u00e0 Montr\u00e9al - Soins dentaires et douleur dentaire\" \/>\n<meta property=\"og:description\" content=\"Les urgences dentaires comprennent les maux de dents, l&#039;enflure et les blessures aux dents ou aux gencives. Cas prioritaires contactez-nous d\u00e8s maintenant\" \/>\n<meta property=\"og:url\" content=\"https:\/\/mag-dent.com\/dental-emergency\/\" \/>\n<meta property=\"og:site_name\" content=\"Centre Dentaire Mag-Dent\" \/>\n<meta property=\"article:modified_time\" content=\"2022-10-26T13:49:22+00:00\" \/>\n<meta name=\"twitter:card\" content=\"summary_large_image\" \/>\n<meta name=\"twitter:label1\" content=\"Dur\u00e9e de lecture estim\u00e9e\" \/>\n\t<meta name=\"twitter:data1\" content=\"3 minutes\" \/>\n<script type=\"application\/ld+json\" class=\"yoast-schema-graph\">{\"@context\":\"https:\/\/schema.org\",\"@graph\":[{\"@type\":\"WebPage\",\"@id\":\"https:\/\/mag-dent.com\/dental-emergency\/\",\"url\":\"https:\/\/mag-dent.com\/dental-emergency\/\",\"name\":\"Urgence dentaire \u00e0 Montr\u00e9al - Soins dentaires et douleur dentaire\",\"isPartOf\":{\"@id\":\"https:\/\/mag-dent.com\/#website\"},\"datePublished\":\"2019-04-18T20:18:53+00:00\",\"dateModified\":\"2022-10-26T13:49:22+00:00\",\"description\":\"Les urgences dentaires comprennent les maux de dents, l'enflure et les blessures aux dents ou aux gencives. Cas prioritaires contactez-nous d\u00e8s maintenant\",\"breadcrumb\":{\"@id\":\"https:\/\/mag-dent.com\/dental-emergency\/#breadcrumb\"},\"inLanguage\":\"fr-FR\",\"potentialAction\":[{\"@type\":\"ReadAction\",\"target\":[\"https:\/\/mag-dent.com\/dental-emergency\/\"]}]},{\"@type\":\"BreadcrumbList\",\"@id\":\"https:\/\/mag-dent.com\/dental-emergency\/#breadcrumb\",\"itemListElement\":[{\"@type\":\"ListItem\",\"position\":1,\"name\":\"Home\",\"item\":\"https:\/\/mag-dent.com\/\"},{\"@type\":\"ListItem\",\"position\":2,\"name\":\"Urgence Dentaire\"}]},{\"@type\":\"WebSite\",\"@id\":\"https:\/\/mag-dent.com\/#website\",\"url\":\"https:\/\/mag-dent.com\/\",\"name\":\"Centre Dentaire Mag-Dent\",\"description\":\"Offrant une dentisterie esth\u00e9tique g\u00e9n\u00e9rale et avanc\u00e9e, le Dr. Faraj Hanna A. et son \u00e9quipe sont des experts dans leur domaine.\",\"potentialAction\":[{\"@type\":\"SearchAction\",\"target\":{\"@type\":\"EntryPoint\",\"urlTemplate\":\"https:\/\/mag-dent.com\/?s={search_term_string}\"},\"query-input\":{\"@type\":\"PropertyValueSpecification\",\"valueRequired\":true,\"valueName\":\"search_term_string\"}}],\"inLanguage\":\"fr-FR\"}]}<\/script>\n<!-- \/ Yoast SEO plugin. -->","yoast_head_json":{"title":"Urgence dentaire \u00e0 Montr\u00e9al - Soins dentaires et douleur dentaire","description":"Les urgences dentaires comprennent les maux de dents, l'enflure et les blessures aux dents ou aux gencives. Cas prioritaires contactez-nous d\u00e8s maintenant","robots":{"index":"index","follow":"follow","max-snippet":"max-snippet:-1","max-image-preview":"max-image-preview:large","max-video-preview":"max-video-preview:-1"},"canonical":"https:\/\/mag-dent.com\/dental-emergency\/","og_locale":"fr_FR","og_type":"article","og_title":"Urgence dentaire \u00e0 Montr\u00e9al - Soins dentaires et douleur dentaire","og_description":"Les urgences dentaires comprennent les maux de dents, l'enflure et les blessures aux dents ou aux gencives. Cas prioritaires contactez-nous d\u00e8s maintenant","og_url":"https:\/\/mag-dent.com\/dental-emergency\/","og_site_name":"Centre Dentaire Mag-Dent","article_modified_time":"2022-10-26T13:49:22+00:00","twitter_card":"summary_large_image","twitter_misc":{"Dur\u00e9e de lecture estim\u00e9e":"3 minutes"},"schema":{"@context":"https:\/\/schema.org","@graph":[{"@type":"WebPage","@id":"https:\/\/mag-dent.com\/dental-emergency\/","url":"https:\/\/mag-dent.com\/dental-emergency\/","name":"Urgence dentaire \u00e0 Montr\u00e9al - Soins dentaires et douleur dentaire","isPartOf":{"@id":"https:\/\/mag-dent.com\/#website"},"datePublished":"2019-04-18T20:18:53+00:00","dateModified":"2022-10-26T13:49:22+00:00","description":"Les urgences dentaires comprennent les maux de dents, l'enflure et les blessures aux dents ou aux gencives. Cas prioritaires contactez-nous d\u00e8s maintenant","breadcrumb":{"@id":"https:\/\/mag-dent.com\/dental-emergency\/#breadcrumb"},"inLanguage":"fr-FR","potentialAction":[{"@type":"ReadAction","target":["https:\/\/mag-dent.com\/dental-emergency\/"]}]},{"@type":"BreadcrumbList","@id":"https:\/\/mag-dent.com\/dental-emergency\/#breadcrumb","itemListElement":[{"@type":"ListItem","position":1,"name":"Home","item":"https:\/\/mag-dent.com\/"},{"@type":"ListItem","position":2,"name":"Urgence Dentaire"}]},{"@type":"WebSite","@id":"https:\/\/mag-dent.com\/#website","url":"https:\/\/mag-dent.com\/","name":"Centre Dentaire Mag-Dent","description":"Offrant une dentisterie esth\u00e9tique g\u00e9n\u00e9rale et avanc\u00e9e, le Dr. Faraj Hanna A. et son \u00e9quipe sont des experts dans leur domaine.","potentialAction":[{"@type":"SearchAction","target":{"@type":"EntryPoint","urlTemplate":"https:\/\/mag-dent.com\/?s={search_term_string}"},"query-input":{"@type":"PropertyValueSpecification","valueRequired":true,"valueName":"search_term_string"}}],"inLanguage":"fr-FR"}]}},"_links":{"self":[{"href":"https:\/\/mag-dent.com\/fr\/wp-json\/wp\/v2\/pages\/573","targetHints":{"allow":["GET"]}}],"collection":[{"href":"https:\/\/mag-dent.com\/fr\/wp-json\/wp\/v2\/pages"}],"about":[{"href":"https:\/\/mag-dent.com\/fr\/wp-json\/wp\/v2\/types\/page"}],"author":[{"embeddable":true,"href":"https:\/\/mag-dent.com\/fr\/wp-json\/wp\/v2\/users\/1"}],"replies":[{"embeddable":true,"href":"https:\/\/mag-dent.com\/fr\/wp-json\/wp\/v2\/comments?post=573"}],"version-history":[{"count":13,"href":"https:\/\/mag-dent.com\/fr\/wp-json\/wp\/v2\/pages\/573\/revisions"}],"predecessor-version":[{"id":973,"href":"https:\/\/mag-dent.com\/fr\/wp-json\/wp\/v2\/pages\/573\/revisions\/973"}],"wp:attachment":[{"href":"https:\/\/mag-dent.com\/fr\/wp-json\/wp\/v2\/media?parent=573"}],"curies":[{"name":"wp","href":"https:\/\/api.w.org\/{rel}","templated":true}]}}