{"id":490,"date":"2019-03-24T18:30:52","date_gmt":"2019-03-24T22:30:52","guid":{"rendered":"https:\/\/mag-dent.com\/smile-transformation\/"},"modified":"2021-01-19T16:24:07","modified_gmt":"2021-01-19T21:24:07","slug":"transformation-du-sourire","status":"publish","type":"page","link":"https:\/\/mag-dent.com\/fr\/transformation-du-sourire\/","title":{"rendered":"Transformation du sourire"},"content":{"rendered":"<div class=\"wpb-content-wrapper\">[vc_row][vc_column]\n\t\t\t<!-- START smiletransformation REVOLUTION SLIDER 6.7.34 --><p class=\"rs-p-wp-fix\"><\/p>\n\t\t\t<rs-module-wrap id=\"rev_slider_3_1_wrapper\" data-source=\"gallery\" style=\"visibility:hidden;background:transparent;padding:0;margin:0px auto;margin-top:0;margin-bottom:0;\">\n\t\t\t\t<rs-module id=\"rev_slider_3_1\" style=\"\" data-version=\"6.7.34\">\n\t\t\t\t\t<rs-slides style=\"overflow: hidden; position: absolute;\">\n\t\t\t\t\t\t<rs-slide style=\"position: absolute;\" data-key=\"rs-18\" data-title=\"Slide\" data-anim=\"adpr:false;\">\n\t\t\t\t\t\t\t<img wpfc-lazyload-disable=\"true\" decoding=\"async\" src=\"\/\/mag-dent.com\/wp-content\/plugins\/revslider\/sr6\/assets\/assets\/dummy.png\" alt=\"\" title=\"Transformation du sourire\" class=\"rev-slidebg tp-rs-img rs-lazyload\" data-lazyload=\"\/\/mag-dent.com\/wp-content\/uploads\/2019\/03\/smile-trans-bg.jpg\" data-bg=\"p:left center;\" data-parallax=\"3\" data-no-retina>\n<!--\n\t\t\t\t\t\t\t--><rs-layer\n\t\t\t\t\t\t\t\tid=\"slider-3-slide-18-layer-1\" \n\t\t\t\t\t\t\t\tdata-type=\"text\"\n\t\t\t\t\t\t\t\tdata-color=\"#aaaf75\"\n\t\t\t\t\t\t\t\tdata-rsp_ch=\"on\"\n\t\t\t\t\t\t\t\tdata-xy=\"x:l,l,l,c;xo:40px,29px,27px,0;yo:60px,91px,100px,57px;\"\n\t\t\t\t\t\t\t\tdata-text=\"w:normal;s:65,52,42,48;l:72,57,57,51;fw:300;a:left,inherit,inherit,center;\"\n\t\t\t\t\t\t\t\tdata-dim=\"w:726px,557px,470px,448px;h:auto,auto,auto,158px;\"\n\t\t\t\t\t\t\t\tdata-frame_0=\"tp:600;\"\n\t\t\t\t\t\t\t\tdata-frame_1=\"tp:600;st:300;sp:710;sR:300;\"\n\t\t\t\t\t\t\t\tdata-frame_999=\"o:0;tp:600;st:w;sR:7990;\"\n\t\t\t\t\t\t\t\tstyle=\"z-index:5;font-family:'Montserrat';\"\n\t\t\t\t\t\t\t>Transformation du sourire \n\t\t\t\t\t\t\t<\/rs-layer><!--\n\n\t\t\t\t\t\t\t--><rs-layer\n\t\t\t\t\t\t\t\tid=\"slider-3-slide-18-layer-2\" \n\t\t\t\t\t\t\t\tdata-type=\"text\"\n\t\t\t\t\t\t\t\tdata-color=\"#414042\"\n\t\t\t\t\t\t\t\tdata-rsp_ch=\"on\"\n\t\t\t\t\t\t\t\tdata-xy=\"x:l,l,l,c;xo:40px,28px,28px,0;yo:237px,237px,237px,233px;\"\n\t\t\t\t\t\t\t\tdata-text=\"w:normal;s:22;l:28,28,28,30;fw:300;a:inherit,inherit,inherit,center;\"\n\t\t\t\t\t\t\t\tdata-dim=\"w:597px,528px,425px,460px;h:143px,142px,auto,auto;\"\n\t\t\t\t\t\t\t\tdata-frame_0=\"tp:600;\"\n\t\t\t\t\t\t\t\tdata-frame_1=\"tp:600;st:350;sp:720;sR:350;\"\n\t\t\t\t\t\t\t\tdata-frame_999=\"o:0;tp:600;st:w;sR:7930;\"\n\t\t\t\t\t\t\t\tstyle=\"z-index:6;font-family:'Lato';\"\n\t\t\t\t\t\t\t>Un simple sourire peut exprimer tant de choses. Et un sourire confiant peut devenir votre signature ! Saviez-vous que la plupart des gens qui ont de beaux sourires ne sont pas n\u00e9s comme \u00e7a ? Alors pourquoi ne pas faire les prochains pas vers votre beau sourire ! \n\t\t\t\t\t\t\t<\/rs-layer><!--\n-->\t\t\t\t\t<\/rs-slide>\n\t\t\t\t\t<\/rs-slides>\n\t\t\t\t<\/rs-module>\n\t\t\t\t<script>\n\t\t\t\t\tsetREVStartSize({c: 'rev_slider_3_1',rl:[1240,1024,778,480],el:[],gw:[1200,1024,778,480],gh:[450,450,450,600],type:'hero',justify:'',layout:'fullwidth',mh:\"0\"});if (window.RS_MODULES!==undefined && window.RS_MODULES.modules!==undefined && window.RS_MODULES.modules[\"revslider31\"]!==undefined) {window.RS_MODULES.modules[\"revslider31\"].once = false;window.revapi3 = undefined;if (window.RS_MODULES.checkMinimal!==undefined) window.RS_MODULES.checkMinimal()}\n\t\t\t\t<\/script>\n\t\t\t<\/rs-module-wrap>\n\t\t\t<!-- END REVOLUTION SLIDER -->\n[\/vc_column][\/vc_row][vc_row fullwidth=\u00a0\u00bbtrue\u00a0\u00bb equal_columns=\u00a0\u00bbtrue\u00a0\u00bb attached=\u00a0\u00bbtrue\u00a0\u00bb el_class=\u00a0\u00bbsec-container\u00a0\u00bb][vc_column width=\u00a0\u00bb1\/2&Prime; css=\u00a0\u00bb.vc_custom_1553468789250{background-image: url(https:\/\/mag-dent.com\/wp-content\/uploads\/2019\/03\/sect-2.jpg?id=111) !important;background-position: center !important;background-repeat: no-repeat !important;background-size: cover !important;}\u00a0\u00bb offset=\u00a0\u00bbvc_hidden-sm vc_hidden-xs\u00a0\u00bb][\/vc_column][vc_column width=\u00a0\u00bb1\/2&Prime; css=\u00a0\u00bb.vc_custom_1553468795457{padding-top: 5% !important;padding-right: 5% !important;padding-bottom: 5% !important;padding-left: 5% !important;background-color: #a2ab9a !important;}\u00a0\u00bb offset=\u00a0\u00bbvc_hidden-sm vc_hidden-xs\u00a0\u00bb][vc_column_text css=\u00a0\u00bb.vc_custom_1555023121696{margin-bottom: 0px !important;}\u00a0\u00bb]\n<div class=\"box-title-sec\">Dentisterie esth\u00e9tique<\/div>\n[\/vc_column_text][vc_column_text el_class=\u00a0\u00bbtext-sec\u00a0\u00bb css=\u00a0\u00bb.vc_custom_1555023139122{margin-bottom: 0px !important;}\u00a0\u00bb]Si vous voulez avoir un beau sourire naturel en changeant l\u2019apparence de vos dents, vous avez trouv\u00e9 la bonne adresse. Si vous exigez l\u2019attention et les soins que vous m\u00e9ritez, vous trouverez chez nous ce que vous cherchez.<\/p>\n<p>Pour mieux vous servir, nous appliquons les principes de dentisterie esth\u00e9tique \u00e0 vos dents en avant, en arri\u00e8re ou \u00e0 toute votre bouche. \u00c0 vous de choisir de redonner \u00e0 vos dents leur beaut\u00e9 originale et naturelle ou d\u2019opter pour une transformation plus compl\u00e8te pour un r\u00e9sultat \u00e9blouissant.<\/p>\n<p>Nous serons \u00e0 l\u2019\u00e9coute de vos pr\u00e9occupations et nous vous r\u00e9pondrons honn\u00eatement et sans d\u00e9tours. La sant\u00e9 et l\u2019apparence de votre sourire sont notre priorit\u00e9.<br \/>\nAppelez-nous pour une consultation.[\/vc_column_text][\/vc_column][\/vc_row][vc_row fullwidth=\u00a0\u00bbtrue\u00a0\u00bb equal_columns=\u00a0\u00bbtrue\u00a0\u00bb attached=\u00a0\u00bbtrue\u00a0\u00bb el_class=\u00a0\u00bbsec-container\u00a0\u00bb][vc_column width=\u00a0\u00bb1\/2&Prime; css=\u00a0\u00bb.vc_custom_1553468804289{padding-top: 5% !important;padding-right: 5% !important;padding-bottom: 5% !important;padding-left: 5% !important;background-color: #a2ab9a !important;}\u00a0\u00bb offset=\u00a0\u00bbvc_hidden-lg vc_hidden-md\u00a0\u00bb][vc_column_text css=\u00a0\u00bb.vc_custom_1555023121696{margin-bottom: 0px !important;}\u00a0\u00bb]\n<div class=\"box-title-sec\">Dentisterie esth\u00e9tique<\/div>\n[\/vc_column_text][vc_column_text el_class=\u00a0\u00bbtext-sec\u00a0\u00bb css=\u00a0\u00bb.vc_custom_1555023139122{margin-bottom: 0px !important;}\u00a0\u00bb]Si vous voulez avoir un beau sourire naturel en changeant l\u2019apparence de vos dents, vous avez trouv\u00e9 la bonne adresse. Si vous exigez l\u2019attention et les soins que vous m\u00e9ritez, vous trouverez chez nous ce que vous cherchez.<\/p>\n<p>Pour mieux vous servir, nous appliquons les principes de dentisterie esth\u00e9tique \u00e0 vos dents en avant, en arri\u00e8re ou \u00e0 toute votre bouche. \u00c0 vous de choisir de redonner \u00e0 vos dents leur beaut\u00e9 originale et naturelle ou d\u2019opter pour une transformation plus compl\u00e8te pour un r\u00e9sultat \u00e9blouissant.<\/p>\n<p>Nous serons \u00e0 l\u2019\u00e9coute de vos pr\u00e9occupations et nous vous r\u00e9pondrons honn\u00eatement et sans d\u00e9tours. La sant\u00e9 et l\u2019apparence de votre sourire sont notre priorit\u00e9.<br \/>\nAppelez-nous pour une consultation.[\/vc_column_text][\/vc_column][vc_column width=\u00a0\u00bb1\/2&Prime; css=\u00a0\u00bb.vc_custom_1553468809180{background-image: url(https:\/\/mag-dent.com\/wp-content\/uploads\/2019\/03\/sect-2.jpg?id=111) !important;background-position: center !important;background-repeat: no-repeat !important;background-size: cover !important;}\u00a0\u00bb offset=\u00a0\u00bbvc_hidden-lg vc_hidden-md\u00a0\u00bb][\/vc_column][\/vc_row][vc_row fullwidth=\u00a0\u00bbtrue\u00a0\u00bb equal_columns=\u00a0\u00bbtrue\u00a0\u00bb attached=\u00a0\u00bbtrue\u00a0\u00bb el_class=\u00a0\u00bbsec-container\u00a0\u00bb][vc_column width=\u00a0\u00bb1\/2&Prime; css=\u00a0\u00bb.vc_custom_1553468467729{padding-top: 5% !important;padding-right: 5% !important;padding-bottom: 5% !important;padding-left: 5% !important;background-color: #849167 !important;}\u00a0\u00bb][vc_column_text css=\u00a0\u00bb.vc_custom_1555023173975{margin-bottom: 0px !important;}\u00a0\u00bb]\n<div class=\"box-title-sec\">Orthodontie invisible<br \/>\n(Invisalign)<\/div>\n[\/vc_column_text][vc_column_text el_class=\u00a0\u00bbtext-sec\u00a0\u00bb css=\u00a0\u00bb.vc_custom_1555023246129{margin-bottom: 0px !important;}\u00a0\u00bb]Invisalign est un produit qui permet de redresser les dents en utilisant une s\u00e9rie de coquilles. On utilise l\u2019expression \u00ab orthodontie invisible \u00bb car ces coquilles translucides sont quasiment invisibles quand elles sont port\u00e9es.<\/p>\n<p><strong>Plus besoin d&rsquo;avoir des bagues m\u00e9talliques pour aligner vos dents<\/strong><br \/>\n. Confortable, clair et amovible &#8211; Invisalign transforme votre sourire sans perturber votre vie. Il est difficile d&rsquo;imaginer que ces simples goutti\u00e8res pourraient transformer votre sourire, mais c&rsquo;est quelque chose que plus de 3 millions de personnes dans le monde ont d\u00e9j\u00e0 d\u00e9couvert.[\/vc_column_text][\/vc_column][vc_column width=\u00a0\u00bb1\/2&Prime; css=\u00a0\u00bb.vc_custom_1553468550240{background-image: url(https:\/\/mag-dent.com\/wp-content\/uploads\/2019\/03\/sect-3.jpg?id=110) !important;background-position: center !important;background-repeat: no-repeat !important;background-size: cover !important;}\u00a0\u00bb][\/vc_column][\/vc_row][vc_row fullwidth=\u00a0\u00bbtrue\u00a0\u00bb equal_columns=\u00a0\u00bbtrue\u00a0\u00bb attached=\u00a0\u00bbtrue\u00a0\u00bb el_class=\u00a0\u00bbsec-container\u00a0\u00bb][vc_column width=\u00a0\u00bb1\/2&Prime; css=\u00a0\u00bb.vc_custom_1553467702393{background-image: url(https:\/\/mag-dent.com\/wp-content\/uploads\/2019\/03\/sect-1.jpg?id=112) !important;background-position: center !important;background-repeat: no-repeat !important;background-size: cover !important;}\u00a0\u00bb][\/vc_column][vc_column width=\u00a0\u00bb1\/2&Prime; css=\u00a0\u00bb.vc_custom_1553468113155{padding-top: 5% !important;padding-right: 5% !important;padding-bottom: 5% !important;padding-left: 5% !important;background-color: #9cb67a !important;}\u00a0\u00bb][vc_column_text css=\u00a0\u00bb.vc_custom_1555023084651{margin-bottom: 0px !important;}\u00a0\u00bb]\n<div class=\"box-title-sec\">All-on-4<sup>\u00a9<\/sup>: proth\u00e8ses dentaires fixes sur implants<\/div>\n[\/vc_column_text][vc_column_text el_class=\u00a0\u00bbtext-sec\u00a0\u00bb css=\u00a0\u00bb.vc_custom_1555023097889{margin-bottom: 0px !important;}\u00a0\u00bb]La technologie des implants dentaires a grandement \u00e9volu\u00e9 au fil des ans. Nous pouvons maintenant fournir dans la plupart des cas des proth\u00e8ses fixes temporaires le jour m\u00eame de la chirurgie. Cette technique n\u00e9cessite une \u00e9quipe de professionnels comp\u00e9tents. Le processus est r\u00e9alis\u00e9 avec l&rsquo;aide de nos chirurgiens buccaux et maxillo-faciaux certifi\u00e9s.<\/p>\n<p>Technique All-on-4<br \/>\nUn minimum de 4 implants sont plac\u00e9s dans l&rsquo;os de la m\u00e2choire et la proth\u00e8se temporaire est fabriqu\u00e9e et viss\u00e9e dans les implants, ce qui signifie que les dents sont fix\u00e9es.<br \/>\nEnsuite, 4 \u00e0 6 mois plus tard, nous pouvons commencer les \u00e9tapes pour vous livrer la proth\u00e8se fixe finale.[\/vc_column_text][\/vc_column][\/vc_row][vc_row equal_columns=\u00a0\u00bbtrue\u00a0\u00bb css=\u00a0\u00bb.vc_custom_1553469030774{margin-top: 50px !important;}\u00a0\u00bb][vc_column][vc_column_text el_class=\u00a0\u00bbtitle-main\u00a0\u00bb css=\u00a0\u00bb.vc_custom_1555023271365{margin-bottom: 0px !important;}\u00a0\u00bb]\n<h2 style=\"text-align: center;\">L&rsquo;exp\u00e9rience Mag-Dent<\/h2>\n[\/vc_column_text][\/vc_column][\/vc_row][vc_row css=\u00a0\u00bb.vc_custom_1553091209091{margin-top: 50px !important;}\u00a0\u00bb][vc_column width=\u00a0\u00bb1\/4&Prime;][vc_single_image image=\u00a0\u00bb33&Prime; img_size=\u00a0\u00bblarge\u00a0\u00bb alignment=\u00a0\u00bbcenter\u00a0\u00bb el_class=\u00a0\u00bbicon-exp\u00a0\u00bb][vc_column_text el_class=\u00a0\u00bbexp-title\u00a0\u00bb css=\u00a0\u00bb.vc_custom_1555023281470{margin-bottom: 0px !important;}\u00a0\u00bb]Horaire Flexible[\/vc_column_text][vc_column_text el_class=\u00a0\u00bbexp-text\u00a0\u00bb css=\u00a0\u00bb.vc_custom_1555023288429{margin-bottom: 0px !important;}\u00a0\u00bb]Nous avons des heures de rendez-vous flexibles pour r\u00e9pondre \u00e0 votre horaire charg\u00e9.[\/vc_column_text][\/vc_column][vc_column width=\u00a0\u00bb1\/4&Prime;][vc_single_image image=\u00a0\u00bb32&Prime; img_size=\u00a0\u00bblarge\u00a0\u00bb alignment=\u00a0\u00bbcenter\u00a0\u00bb el_class=\u00a0\u00bbicon-exp\u00a0\u00bb][vc_column_text el_class=\u00a0\u00bbexp-title\u00a0\u00bb css=\u00a0\u00bb.vc_custom_1555023297196{margin-bottom: 0px !important;}\u00a0\u00bb]Stationnement gratuit[\/vc_column_text][vc_column_text el_class=\u00a0\u00bbexp-text\u00a0\u00bb css=\u00a0\u00bb.vc_custom_1555023304061{margin-bottom: 0px !important;}\u00a0\u00bb]Ne vous inqui\u00e9tez pas de trouver du stationnement dans notre quartier, car nous offrons un stationnement gratuit \u00e0 l\u2019int\u00e9rieur pour nos patients.[\/vc_column_text][\/vc_column][vc_column width=\u00a0\u00bb1\/4&Prime;][vc_single_image image=\u00a0\u00bb31&Prime; img_size=\u00a0\u00bblarge\u00a0\u00bb alignment=\u00a0\u00bbcenter\u00a0\u00bb el_class=\u00a0\u00bbicon-exp\u00a0\u00bb][vc_column_text el_class=\u00a0\u00bbexp-title\u00a0\u00bb css=\u00a0\u00bb.vc_custom_1555023311020{margin-bottom: 0px !important;}\u00a0\u00bb]Netflix dans chaque salle[\/vc_column_text][vc_column_text el_class=\u00a0\u00bbexp-text\u00a0\u00bb css=\u00a0\u00bb.vc_custom_1555023320339{margin-bottom: 0px !important;}\u00a0\u00bb]Tout en prenant soin de votre hygi\u00e8ne dentaire, vous pouvez vous d\u00e9tendre et regarder vos programmes pr\u00e9f\u00e9r\u00e9s sur Netflix.[\/vc_column_text][\/vc_column][vc_column width=\u00a0\u00bb1\/4&Prime;][vc_single_image image=\u00a0\u00bb30&Prime; img_size=\u00a0\u00bblarge\u00a0\u00bb alignment=\u00a0\u00bbcenter\u00a0\u00bb el_class=\u00a0\u00bbicon-exp\u00a0\u00bb][vc_column_text el_class=\u00a0\u00bbexp-title\u00a0\u00bb css=\u00a0\u00bb.vc_custom_1555023328884{margin-bottom: 0px !important;}\u00a0\u00bb]Trousse dentaire gratuite[\/vc_column_text][vc_column_text el_class=\u00a0\u00bbexp-text\u00a0\u00bb css=\u00a0\u00bb.vc_custom_1555023338734{margin-bottom: 0px !important;}\u00a0\u00bb]Chaque nouveau patient re\u00e7oit gratuitement un trousse d\u2019hygi\u00e8ne dentaire comprenant une brosse \u00e0 dents aliment\u00e9e par batterie.[\/vc_column_text][\/vc_column][\/vc_row][vc_row css=\u00a0\u00bb.vc_custom_1553103042850{margin-top: 50px !important;}\u00a0\u00bb][vc_column]\n\t\t\t<!-- START appointment REVOLUTION SLIDER 6.7.34 --><p class=\"rs-p-wp-fix\"><\/p>\n\t\t\t<rs-module-wrap id=\"rev_slider_2_2_wrapper\" data-source=\"gallery\" style=\"visibility:hidden;background:transparent;padding:0;margin:0px auto;margin-top:0;margin-bottom:0;\">\n\t\t\t\t<rs-module id=\"rev_slider_2_2\" style=\"\" data-version=\"6.7.34\">\n\t\t\t\t\t<rs-slides style=\"overflow: hidden; position: absolute;\">\n\t\t\t\t\t\t<rs-slide style=\"position: absolute;\" data-key=\"rs-11\" data-title=\"Slide\" data-anim=\"adpr:false;\">\n\t\t\t\t\t\t\t<img wpfc-lazyload-disable=\"true\" decoding=\"async\" src=\"\/\/mag-dent.com\/wp-content\/plugins\/revslider\/sr6\/assets\/assets\/dummy.png\" alt=\"\" title=\"Transformation du sourire\" class=\"rev-slidebg tp-rs-img rs-lazyload\" data-lazyload=\"\/\/mag-dent.com\/wp-content\/uploads\/2019\/03\/cta-bottom.jpg\" data-parallax=\"3\" data-no-retina>\n<!--\n\t\t\t\t\t\t\t--><rs-layer\n\t\t\t\t\t\t\t\tid=\"slider-2-slide-11-layer-1\" \n\t\t\t\t\t\t\t\tdata-type=\"text\"\n\t\t\t\t\t\t\t\tdata-rsp_ch=\"on\"\n\t\t\t\t\t\t\t\tdata-xy=\"x:c;xo:1px;y:m;yo:-19px,-19px,-19px,19px;\"\n\t\t\t\t\t\t\t\tdata-text=\"w:normal;s:37,37,31,22;l:54,54,54,34;fw:500;a:center;\"\n\t\t\t\t\t\t\t\tdata-dim=\"w:835px,835px,685px,427px;h:109px,109px,auto,auto;\"\n\t\t\t\t\t\t\t\tdata-frame_0=\"tp:600;\"\n\t\t\t\t\t\t\t\tdata-frame_1=\"tp:600;st:300;sp:710;sR:300;\"\n\t\t\t\t\t\t\t\tdata-frame_999=\"o:0;tp:600;st:w;sR:7990;\"\n\t\t\t\t\t\t\t\tstyle=\"z-index:5;font-family:'Montserrat';\"\n\t\t\t\t\t\t\t>Vous pouvez nous appeler au 514-738-2143 pour prendre rendez-vous.\n \n\t\t\t\t\t\t\t<\/rs-layer><!--\n\n\t\t\t\t\t\t\t--><rs-layer\n\t\t\t\t\t\t\t\tid=\"slider-2-slide-11-layer-4\" \n\t\t\t\t\t\t\t\tclass=\"rev-btn\"\n\t\t\t\t\t\t\t\tdata-type=\"button\"\n\t\t\t\t\t\t\t\tdata-color=\"#aaaf75\"\n\t\t\t\t\t\t\t\tdata-xy=\"x:c;yo:309px,309px,309px,379px;\"\n\t\t\t\t\t\t\t\tdata-text=\"s:19;l:17;fw:700;a:inherit;\"\n\t\t\t\t\t\t\t\tdata-actions='o:click;a:simplelink;target:_self;url:https:\/\/mag-dent.com\/fr\/contact-us\/;'\n\t\t\t\t\t\t\t\tdata-rsp_bd=\"off\"\n\t\t\t\t\t\t\t\tdata-padding=\"t:16;r:50;b:16;l:50;\"\n\t\t\t\t\t\t\t\tdata-border=\"bor:30px,30px,30px,30px;\"\n\t\t\t\t\t\t\t\tdata-frame_0=\"tp:600;\"\n\t\t\t\t\t\t\t\tdata-frame_1=\"tp:600;st:0;\"\n\t\t\t\t\t\t\t\tdata-frame_999=\"o:0;tp:600;st:w;sR:8700;\"\n\t\t\t\t\t\t\t\tdata-frame_hover=\"c:#b0b579;bgc:#efefef;boc:#000;bor:30px,30px,30px,30px;bos:solid;oX:50;oY:50;sp:0;e:none;\"\n\t\t\t\t\t\t\t\tstyle=\"z-index:6;background-color:#ffffff;font-family:'Montserrat';cursor:pointer;outline:none;box-shadow:none;box-sizing:border-box;-moz-box-sizing:border-box;-webkit-box-sizing:border-box;\"\n\t\t\t\t\t\t\t>Demande de rendez-vous \n\t\t\t\t\t\t\t<\/rs-layer><!--\n-->\t\t\t\t\t<\/rs-slide>\n\t\t\t\t\t<\/rs-slides>\n\t\t\t\t<\/rs-module>\n\t\t\t\t<script>\n\t\t\t\t\tsetREVStartSize({c: 'rev_slider_2_2',rl:[1240,1024,778,480],el:[],gw:[1240,1024,778,480],gh:[450,450,450,600],type:'hero',justify:'',layout:'fullwidth',mh:\"0\"});if (window.RS_MODULES!==undefined && window.RS_MODULES.modules!==undefined && window.RS_MODULES.modules[\"revslider22\"]!==undefined) {window.RS_MODULES.modules[\"revslider22\"].once = false;window.revapi2 = undefined;if (window.RS_MODULES.checkMinimal!==undefined) window.RS_MODULES.checkMinimal()}\n\t\t\t\t<\/script>\n\t\t\t<\/rs-module-wrap>\n\t\t\t<!-- END REVOLUTION SLIDER -->\n[\/vc_column][\/vc_row]\n<\/div>","protected":false},"excerpt":{"rendered":"<p>[vc_row][vc_column][\/vc_column][\/vc_row][vc_row fullwidth=\u00a0\u00bbtrue\u00a0\u00bb equal_columns=\u00a0\u00bbtrue\u00a0\u00bb attached=\u00a0\u00bbtrue\u00a0\u00bb el_class=\u00a0\u00bbsec-container\u00a0\u00bb][vc_column width=\u00a0\u00bb1\/2&Prime; css=\u00a0\u00bb.vc_custom_1553468789250{background-image: url(https:\/\/mag-dent.com\/wp-content\/uploads\/2019\/03\/sect-2.jpg?id=111) !important;background-position: center !important;background-repeat: no-repeat !important;background-size: cover !important;}\u00a0\u00bb offset=\u00a0\u00bbvc_hidden-sm vc_hidden-xs\u00a0\u00bb][\/vc_column][vc_column width=\u00a0\u00bb1\/2&Prime; css=\u00a0\u00bb.vc_custom_1553468795457{padding-top: 5% !important;padding-right: 5% !important;padding-bottom: 5% !important;padding-left: 5% !important;background-color: #a2ab9a !important;}\u00a0\u00bb offset=\u00a0\u00bbvc_hidden-sm vc_hidden-xs\u00a0\u00bb][vc_column_text css=\u00a0\u00bb.vc_custom_1555023121696{margin-bottom: 0px !important;}\u00a0\u00bb] Dentisterie esth\u00e9tique [\/vc_column_text][vc_column_text el_class=\u00a0\u00bbtext-sec\u00a0\u00bb css=\u00a0\u00bb.vc_custom_1555023139122{margin-bottom: 0px !important;}\u00a0\u00bb]Si vous voulez avoir un beau sourire naturel en changeant l\u2019apparence de vos dents, vous [&hellip;]<\/p>\n","protected":false},"author":1,"featured_media":0,"parent":0,"menu_order":0,"comment_status":"closed","ping_status":"closed","template":"","meta":{"footnotes":""},"class_list":["post-490","page","type-page","status-publish","hentry"],"yoast_head":"<!-- This site is optimized with the Yoast SEO plugin v27.2 - https:\/\/yoast.com\/product\/yoast-seo-wordpress\/ -->\n<title>Transformation du sourire - Centre Dentaire Mag-Dent<\/title>\n<meta name=\"description\" content=\"Dentisterie esth\u00e9tique, Orthodontie invisible(Invisalign) et All-on-4\u00a9: proth\u00e8ses dentaires fixes sur implants.\" \/>\n<meta name=\"robots\" content=\"index, follow, max-snippet:-1, max-image-preview:large, max-video-preview:-1\" \/>\n<link rel=\"canonical\" href=\"https:\/\/mag-dent.com\/fr\/transformation-du-sourire\/\" \/>\n<meta property=\"og:locale\" content=\"fr_FR\" \/>\n<meta property=\"og:type\" content=\"article\" \/>\n<meta property=\"og:title\" content=\"Transformation du sourire - Centre Dentaire Mag-Dent\" \/>\n<meta property=\"og:description\" content=\"Dentisterie esth\u00e9tique, Orthodontie invisible(Invisalign) et All-on-4\u00a9: proth\u00e8ses dentaires fixes sur implants.\" \/>\n<meta property=\"og:url\" content=\"https:\/\/mag-dent.com\/fr\/transformation-du-sourire\/\" \/>\n<meta property=\"og:site_name\" content=\"Centre Dentaire Mag-Dent\" \/>\n<meta property=\"article:modified_time\" content=\"2021-01-19T21:24:07+00:00\" \/>\n<meta name=\"twitter:card\" content=\"summary_large_image\" \/>\n<meta name=\"twitter:label1\" content=\"Dur\u00e9e de lecture estim\u00e9e\" \/>\n\t<meta name=\"twitter:data1\" content=\"6 minutes\" \/>\n<script type=\"application\/ld+json\" class=\"yoast-schema-graph\">{\"@context\":\"https:\/\/schema.org\",\"@graph\":[{\"@type\":\"WebPage\",\"@id\":\"https:\/\/mag-dent.com\/fr\/transformation-du-sourire\/\",\"url\":\"https:\/\/mag-dent.com\/fr\/transformation-du-sourire\/\",\"name\":\"Transformation du sourire - Centre Dentaire Mag-Dent\",\"isPartOf\":{\"@id\":\"https:\/\/mag-dent.com\/#website\"},\"datePublished\":\"2019-03-24T22:30:52+00:00\",\"dateModified\":\"2021-01-19T21:24:07+00:00\",\"description\":\"Dentisterie esth\u00e9tique, Orthodontie invisible(Invisalign) et All-on-4\u00a9: proth\u00e8ses dentaires fixes sur implants.\",\"breadcrumb\":{\"@id\":\"https:\/\/mag-dent.com\/fr\/transformation-du-sourire\/#breadcrumb\"},\"inLanguage\":\"fr-FR\",\"potentialAction\":[{\"@type\":\"ReadAction\",\"target\":[\"https:\/\/mag-dent.com\/fr\/transformation-du-sourire\/\"]}]},{\"@type\":\"BreadcrumbList\",\"@id\":\"https:\/\/mag-dent.com\/fr\/transformation-du-sourire\/#breadcrumb\",\"itemListElement\":[{\"@type\":\"ListItem\",\"position\":1,\"name\":\"Home\",\"item\":\"https:\/\/mag-dent.com\/\"},{\"@type\":\"ListItem\",\"position\":2,\"name\":\"Transformation du sourire\"}]},{\"@type\":\"WebSite\",\"@id\":\"https:\/\/mag-dent.com\/#website\",\"url\":\"https:\/\/mag-dent.com\/\",\"name\":\"Centre Dentaire Mag-Dent\",\"description\":\"Offrant une dentisterie esth\u00e9tique g\u00e9n\u00e9rale et avanc\u00e9e, le Dr. Faraj Hanna A. et son \u00e9quipe sont des experts dans leur domaine.\",\"potentialAction\":[{\"@type\":\"SearchAction\",\"target\":{\"@type\":\"EntryPoint\",\"urlTemplate\":\"https:\/\/mag-dent.com\/?s={search_term_string}\"},\"query-input\":{\"@type\":\"PropertyValueSpecification\",\"valueRequired\":true,\"valueName\":\"search_term_string\"}}],\"inLanguage\":\"fr-FR\"}]}<\/script>\n<!-- \/ Yoast SEO plugin. -->","yoast_head_json":{"title":"Transformation du sourire - Centre Dentaire Mag-Dent","description":"Dentisterie esth\u00e9tique, Orthodontie invisible(Invisalign) et All-on-4\u00a9: proth\u00e8ses dentaires fixes sur implants.","robots":{"index":"index","follow":"follow","max-snippet":"max-snippet:-1","max-image-preview":"max-image-preview:large","max-video-preview":"max-video-preview:-1"},"canonical":"https:\/\/mag-dent.com\/fr\/transformation-du-sourire\/","og_locale":"fr_FR","og_type":"article","og_title":"Transformation du sourire - Centre Dentaire Mag-Dent","og_description":"Dentisterie esth\u00e9tique, Orthodontie invisible(Invisalign) et All-on-4\u00a9: proth\u00e8ses dentaires fixes sur implants.","og_url":"https:\/\/mag-dent.com\/fr\/transformation-du-sourire\/","og_site_name":"Centre Dentaire Mag-Dent","article_modified_time":"2021-01-19T21:24:07+00:00","twitter_card":"summary_large_image","twitter_misc":{"Dur\u00e9e de lecture estim\u00e9e":"6 minutes"},"schema":{"@context":"https:\/\/schema.org","@graph":[{"@type":"WebPage","@id":"https:\/\/mag-dent.com\/fr\/transformation-du-sourire\/","url":"https:\/\/mag-dent.com\/fr\/transformation-du-sourire\/","name":"Transformation du sourire - Centre Dentaire Mag-Dent","isPartOf":{"@id":"https:\/\/mag-dent.com\/#website"},"datePublished":"2019-03-24T22:30:52+00:00","dateModified":"2021-01-19T21:24:07+00:00","description":"Dentisterie esth\u00e9tique, Orthodontie invisible(Invisalign) et All-on-4\u00a9: proth\u00e8ses dentaires fixes sur implants.","breadcrumb":{"@id":"https:\/\/mag-dent.com\/fr\/transformation-du-sourire\/#breadcrumb"},"inLanguage":"fr-FR","potentialAction":[{"@type":"ReadAction","target":["https:\/\/mag-dent.com\/fr\/transformation-du-sourire\/"]}]},{"@type":"BreadcrumbList","@id":"https:\/\/mag-dent.com\/fr\/transformation-du-sourire\/#breadcrumb","itemListElement":[{"@type":"ListItem","position":1,"name":"Home","item":"https:\/\/mag-dent.com\/"},{"@type":"ListItem","position":2,"name":"Transformation du sourire"}]},{"@type":"WebSite","@id":"https:\/\/mag-dent.com\/#website","url":"https:\/\/mag-dent.com\/","name":"Centre Dentaire Mag-Dent","description":"Offrant une dentisterie esth\u00e9tique g\u00e9n\u00e9rale et avanc\u00e9e, le Dr. Faraj Hanna A. et son \u00e9quipe sont des experts dans leur domaine.","potentialAction":[{"@type":"SearchAction","target":{"@type":"EntryPoint","urlTemplate":"https:\/\/mag-dent.com\/?s={search_term_string}"},"query-input":{"@type":"PropertyValueSpecification","valueRequired":true,"valueName":"search_term_string"}}],"inLanguage":"fr-FR"}]}},"_links":{"self":[{"href":"https:\/\/mag-dent.com\/fr\/wp-json\/wp\/v2\/pages\/490","targetHints":{"allow":["GET"]}}],"collection":[{"href":"https:\/\/mag-dent.com\/fr\/wp-json\/wp\/v2\/pages"}],"about":[{"href":"https:\/\/mag-dent.com\/fr\/wp-json\/wp\/v2\/types\/page"}],"author":[{"embeddable":true,"href":"https:\/\/mag-dent.com\/fr\/wp-json\/wp\/v2\/users\/1"}],"replies":[{"embeddable":true,"href":"https:\/\/mag-dent.com\/fr\/wp-json\/wp\/v2\/comments?post=490"}],"version-history":[{"count":4,"href":"https:\/\/mag-dent.com\/fr\/wp-json\/wp\/v2\/pages\/490\/revisions"}],"predecessor-version":[{"id":695,"href":"https:\/\/mag-dent.com\/fr\/wp-json\/wp\/v2\/pages\/490\/revisions\/695"}],"wp:attachment":[{"href":"https:\/\/mag-dent.com\/fr\/wp-json\/wp\/v2\/media?parent=490"}],"curies":[{"name":"wp","href":"https:\/\/api.w.org\/{rel}","templated":true}]}}