{"id":486,"date":"2019-03-28T16:48:29","date_gmt":"2019-03-28T20:48:29","guid":{"rendered":"https:\/\/mag-dent.com\/same-day-treatment\/"},"modified":"2019-06-18T12:30:10","modified_gmt":"2019-06-18T16:30:10","slug":"traitements-le-jour-meme","status":"publish","type":"page","link":"https:\/\/mag-dent.com\/fr\/traitements-le-jour-meme\/","title":{"rendered":"Traitements le jour m\u00eame"},"content":{"rendered":"<div class=\"wpb-content-wrapper\">[vc_row][vc_column]\n\t\t\t<!-- START Same Day Treatment REVOLUTION SLIDER 6.7.34 --><p class=\"rs-p-wp-fix\"><\/p>\n\t\t\t<rs-module-wrap id=\"rev_slider_5_1_wrapper\" data-source=\"gallery\" style=\"visibility:hidden;background:transparent;padding:0;margin:0px auto;margin-top:0;margin-bottom:0;\">\n\t\t\t\t<rs-module id=\"rev_slider_5_1\" style=\"\" data-version=\"6.7.34\">\n\t\t\t\t\t<rs-slides style=\"overflow: hidden; position: absolute;\">\n\t\t\t\t\t\t<rs-slide style=\"position: absolute;\" data-key=\"rs-17\" data-title=\"Slide\" data-anim=\"adpr:false;\" data-in=\"o:0;\" data-out=\"a:false;\">\n\t\t\t\t\t\t\t<img wpfc-lazyload-disable=\"true\" decoding=\"async\" src=\"\/\/mag-dent.com\/wp-content\/plugins\/revslider\/sr6\/assets\/assets\/dummy.png\" alt=\"\" title=\"Traitements le jour m\u00eame\" class=\"rev-slidebg tp-rs-img rs-lazyload\" data-lazyload=\"\/\/mag-dent.com\/wp-content\/uploads\/2019\/03\/bg-sameday.jpg\" data-parallax=\"3\" data-no-retina>\n<!--\n\t\t\t\t\t\t\t--><rs-layer\n\t\t\t\t\t\t\t\tid=\"slider-5-slide-17-layer-1\" \n\t\t\t\t\t\t\t\tdata-type=\"text\"\n\t\t\t\t\t\t\t\tdata-color=\"#aaaf75\"\n\t\t\t\t\t\t\t\tdata-rsp_ch=\"on\"\n\t\t\t\t\t\t\t\tdata-xy=\"x:l,l,l,c;xo:40px,31px,32px,0;yo:61px,97px,38px,94px;\"\n\t\t\t\t\t\t\t\tdata-text=\"w:normal;s:65,52,42,48;l:72,57,57,55;fw:300;a:inherit,inherit,inherit,center;\"\n\t\t\t\t\t\t\t\tdata-dim=\"w:447px,404px,379px,450px;h:auto,auto,115px,auto;\"\n\t\t\t\t\t\t\t\tdata-frame_1=\"st:300;sp:710;sR:300;\"\n\t\t\t\t\t\t\t\tdata-frame_999=\"o:0;st:w;sR:7990;\"\n\t\t\t\t\t\t\t\tstyle=\"z-index:5;font-family:'Montserrat';\"\n\t\t\t\t\t\t\t>Traitements le jour m\u00eame \n\t\t\t\t\t\t\t<\/rs-layer><!--\n\n\t\t\t\t\t\t\t--><rs-layer\n\t\t\t\t\t\t\t\tid=\"slider-5-slide-17-layer-2\" \n\t\t\t\t\t\t\t\tdata-type=\"text\"\n\t\t\t\t\t\t\t\tdata-color=\"#414042\"\n\t\t\t\t\t\t\t\tdata-rsp_ch=\"on\"\n\t\t\t\t\t\t\t\tdata-xy=\"x:l,l,l,c;xo:40px,28px,29px,0;yo:231px,237px,162px,251px;\"\n\t\t\t\t\t\t\t\tdata-text=\"w:normal;s:22,22,22,24;l:28,28,28,30;fw:300;a:inherit,inherit,inherit,center;\"\n\t\t\t\t\t\t\t\tdata-dim=\"w:626px,580px,460px,458px;h:auto,172px,253px,auto;\"\n\t\t\t\t\t\t\t\tdata-frame_1=\"st:350;sp:720;sR:350;\"\n\t\t\t\t\t\t\t\tdata-frame_999=\"o:0;st:w;sR:7930;\"\n\t\t\t\t\t\t\t\tstyle=\"z-index:6;font-family:'Lato';\"\n\t\t\t\t\t\t\t>Que vous ayez besoin de couronnes, de facettes ou de ponts, vous n'avez pas besoin de plusieurs s\u00e9ances avec nos traitements dentaires faits le jour m\u00eame. Nous comprenons qu'il est d\u00e9j\u00e0 assez difficile de prendre cong\u00e9 pour soigner vos dents, c'est pourquoi nous vous facilitons la t\u00e2che en vous permettant de faire le travail en une seule s\u00e9ance. \n\t\t\t\t\t\t\t<\/rs-layer><!--\n-->\t\t\t\t\t<\/rs-slide>\n\t\t\t\t\t<\/rs-slides>\n\t\t\t\t<\/rs-module>\n\t\t\t\t<script>\n\t\t\t\t\tsetREVStartSize({c: 'rev_slider_5_1',rl:[1240,1024,778,480],el:[450,450,450,600],gw:[1200,1024,778,480],gh:[450,450,450,600],type:'hero',justify:'',layout:'fullwidth',mh:\"0\"});if (window.RS_MODULES!==undefined && window.RS_MODULES.modules!==undefined && window.RS_MODULES.modules[\"revslider51\"]!==undefined) {window.RS_MODULES.modules[\"revslider51\"].once = false;window.revapi5 = undefined;if (window.RS_MODULES.checkMinimal!==undefined) window.RS_MODULES.checkMinimal()}\n\t\t\t\t<\/script>\n\t\t\t<\/rs-module-wrap>\n\t\t\t<!-- END REVOLUTION SLIDER -->\n[\/vc_column][\/vc_row][vc_row fullwidth=\u00a0\u00bbtrue\u00a0\u00bb equal_columns=\u00a0\u00bbtrue\u00a0\u00bb attached=\u00a0\u00bbtrue\u00a0\u00bb el_class=\u00a0\u00bbsec-container\u00a0\u00bb][vc_column width=\u00a0\u00bb1\/2&Prime; css=\u00a0\u00bb.vc_custom_1553806776483{background-image: url(https:\/\/mag-dent.com\/wp-content\/uploads\/2019\/03\/imag-1.jpg?id=140) !important;background-position: center !important;background-repeat: no-repeat !important;background-size: cover !important;}\u00a0\u00bb][\/vc_column][vc_column width=\u00a0\u00bb1\/2&Prime; css=\u00a0\u00bb.vc_custom_1553807160997{padding-top: 5% !important;padding-right: 5% !important;padding-bottom: 5% !important;padding-left: 5% !important;background-color: #b0b579 !important;}\u00a0\u00bb][vc_column_text css=\u00a0\u00bb.vc_custom_1555022547597{margin-bottom: 0px !important;}\u00a0\u00bb]\n<div class=\"box-title-sec\">Couronnes<\/div>\n[\/vc_column_text][vc_column_text el_class=\u00a0\u00bbtext-sec\u00a0\u00bb css=\u00a0\u00bb.vc_custom_1555022565861{margin-bottom: 0px !important;}\u00a0\u00bb]Une couronne est une couverture permanente qui s&rsquo;adapte sur une dent originale cari\u00e9e, endommag\u00e9e ou fissur\u00e9e. Les couronnes sont utilis\u00e9es pour restaurer la forme, l&rsquo;apparence et la fonction des dents endommag\u00e9es. Ils peuvent \u00e9galement \u00eatre n\u00e9cessaires apr\u00e8s un traitement de canal, lorsqu&rsquo;une dent a subi une obturation importante ou lorsqu&rsquo;elle est cass\u00e9e.<\/p>\n<p>Au Centre Dentaire Mag-Dent avec notre empreinte dentaire 3D, nous pouvons fabriquer une couronne de porcelaine dentaire le jour m\u00eame, ce qui permet \u00e0 nos patients de se faire traiter en une seule visite.[\/vc_column_text][\/vc_column][\/vc_row][vc_row fullwidth=\u00a0\u00bbtrue\u00a0\u00bb equal_columns=\u00a0\u00bbtrue\u00a0\u00bb attached=\u00a0\u00bbtrue\u00a0\u00bb el_class=\u00a0\u00bbsec-container\u00a0\u00bb][vc_column width=\u00a0\u00bb1\/2&Prime; css=\u00a0\u00bb.vc_custom_1553807113035{padding-top: 5% !important;padding-right: 5% !important;padding-bottom: 5% !important;padding-left: 5% !important;background-color: #849167 !important;}\u00a0\u00bb offset=\u00a0\u00bbvc_hidden-sm vc_hidden-xs\u00a0\u00bb][vc_column_text css=\u00a0\u00bb.vc_custom_1555022586459{margin-bottom: 0px !important;}\u00a0\u00bb]\n<div class=\"box-title-sec\">Ponts dentaires<\/div>\n[\/vc_column_text][vc_column_text el_class=\u00a0\u00bbtext-sec\u00a0\u00bb css=\u00a0\u00bb.vc_custom_1555022603035{margin-bottom: 0px !important;}\u00a0\u00bb]Nous sommes d&rsquo;avis que rien ne vaut les dents naturelles. C&rsquo;est pourquoi, nous ferons tout notre possible pour que vous conserviez les v\u00f4tres. Or, parfois, une dent se trouve gravement endommag\u00e9e ou bien manquante. Heureusement, il est possible d&rsquo;y rem\u00e9dier gr\u00e2ce \u00e0 la mise en place d\u2019un pont ou d\u2019un implant dentaire.<\/p>\n<p>Un pont est un appareil dentaire fixe qui comble un espace pr\u00e9c\u00e9demment occup\u00e9 par une ou plusieurs dents.[\/vc_column_text][\/vc_column][vc_column width=\u00a0\u00bb1\/2&Prime; css=\u00a0\u00bb.vc_custom_1553806796322{background-image: url(https:\/\/mag-dent.com\/wp-content\/uploads\/2019\/03\/imag-2.jpg?id=141) !important;background-position: center !important;background-repeat: no-repeat !important;background-size: cover !important;}\u00a0\u00bb offset=\u00a0\u00bbvc_hidden-sm vc_hidden-xs\u00a0\u00bb][\/vc_column][\/vc_row][vc_row fullwidth=\u00a0\u00bbtrue\u00a0\u00bb equal_columns=\u00a0\u00bbtrue\u00a0\u00bb attached=\u00a0\u00bbtrue\u00a0\u00bb el_class=\u00a0\u00bbsec-container\u00a0\u00bb][vc_column width=\u00a0\u00bb1\/2&Prime; css=\u00a0\u00bb.vc_custom_1553806812434{background-image: url(https:\/\/mag-dent.com\/wp-content\/uploads\/2019\/03\/imag-2.jpg?id=141) !important;background-position: center !important;background-repeat: no-repeat !important;background-size: cover !important;}\u00a0\u00bb offset=\u00a0\u00bbvc_hidden-lg vc_hidden-md\u00a0\u00bb][\/vc_column][vc_column width=\u00a0\u00bb1\/2&Prime; css=\u00a0\u00bb.vc_custom_1553471274149{padding-top: 5% !important;padding-right: 5% !important;padding-bottom: 5% !important;padding-left: 5% !important;background-color: #a2ab9a !important;}\u00a0\u00bb offset=\u00a0\u00bbvc_hidden-lg vc_hidden-md\u00a0\u00bb][vc_column_text css=\u00a0\u00bb.vc_custom_1555022586459{margin-bottom: 0px !important;}\u00a0\u00bb]\n<div class=\"box-title-sec\">Ponts dentaires<\/div>\n[\/vc_column_text][vc_column_text el_class=\u00a0\u00bbtext-sec\u00a0\u00bb css=\u00a0\u00bb.vc_custom_1555022603035{margin-bottom: 0px !important;}\u00a0\u00bb]Nous sommes d&rsquo;avis que rien ne vaut les dents naturelles. C&rsquo;est pourquoi, nous ferons tout notre possible pour que vous conserviez les v\u00f4tres. Or, parfois, une dent se trouve gravement endommag\u00e9e ou bien manquante. Heureusement, il est possible d&rsquo;y rem\u00e9dier gr\u00e2ce \u00e0 la mise en place d\u2019un pont ou d\u2019un implant dentaire.<\/p>\n<p>Un pont est un appareil dentaire fixe qui comble un espace pr\u00e9c\u00e9demment occup\u00e9 par une ou plusieurs dents.[\/vc_column_text][\/vc_column][\/vc_row][vc_row fullwidth=\u00a0\u00bbtrue\u00a0\u00bb equal_columns=\u00a0\u00bbtrue\u00a0\u00bb attached=\u00a0\u00bbtrue\u00a0\u00bb el_class=\u00a0\u00bbsec-container\u00a0\u00bb][vc_column width=\u00a0\u00bb1\/2&Prime; css=\u00a0\u00bb.vc_custom_1553806826538{background-image: url(https:\/\/mag-dent.com\/wp-content\/uploads\/2019\/03\/imag-3.jpg?id=142) !important;background-position: center !important;background-repeat: no-repeat !important;background-size: cover !important;}\u00a0\u00bb][\/vc_column][vc_column width=\u00a0\u00bb1\/2&Prime; css=\u00a0\u00bb.vc_custom_1553807128708{padding-top: 5% !important;padding-right: 5% !important;padding-bottom: 5% !important;padding-left: 5% !important;background-color: #a2ab9a !important;}\u00a0\u00bb][vc_column_text css=\u00a0\u00bb.vc_custom_1555022637554{margin-bottom: 0px !important;}\u00a0\u00bb]\n<div class=\"box-title-sec\">Facettes dentaires<\/div>\n[\/vc_column_text][vc_column_text el_class=\u00a0\u00bbtext-sec\u00a0\u00bb css=\u00a0\u00bb.vc_custom_1555022653586{margin-bottom: 0px !important;}\u00a0\u00bb]Les facettes sont de minces \u201ccoquilles\u201d semi-translucides qui couvrent les dents de devant (ant\u00e9rieures). Elles sont faites sur mesure de porcelaine et ciment\u00e9es d\u2019une mani\u00e8re permanente sur les dents.<\/p>\n<p>Elles offrent une alternative esth\u00e9tique int\u00e9ressante pour rehausser l\u2019apparence de votre sourire. Elles peuvent m\u00eame vous aider \u00e0 \u00e9viter d\u2019avoir recours \u00e0 des traitements d\u2019orthodontie.[\/vc_column_text][\/vc_column][\/vc_row][vc_row css=\u00a0\u00bb.vc_custom_1553807231672{margin-top: 0px !important;}\u00a0\u00bb][vc_column]\n\t\t\t<!-- START appointment REVOLUTION SLIDER 6.7.34 --><p class=\"rs-p-wp-fix\"><\/p>\n\t\t\t<rs-module-wrap id=\"rev_slider_2_2_wrapper\" data-source=\"gallery\" style=\"visibility:hidden;background:transparent;padding:0;margin:0px auto;margin-top:0;margin-bottom:0;\">\n\t\t\t\t<rs-module id=\"rev_slider_2_2\" style=\"\" data-version=\"6.7.34\">\n\t\t\t\t\t<rs-slides style=\"overflow: hidden; position: absolute;\">\n\t\t\t\t\t\t<rs-slide style=\"position: absolute;\" data-key=\"rs-11\" data-title=\"Slide\" data-anim=\"adpr:false;\">\n\t\t\t\t\t\t\t<img wpfc-lazyload-disable=\"true\" decoding=\"async\" src=\"\/\/mag-dent.com\/wp-content\/plugins\/revslider\/sr6\/assets\/assets\/dummy.png\" alt=\"\" title=\"Traitements le jour m\u00eame\" class=\"rev-slidebg tp-rs-img rs-lazyload\" data-lazyload=\"\/\/mag-dent.com\/wp-content\/uploads\/2019\/03\/cta-bottom.jpg\" data-parallax=\"3\" data-no-retina>\n<!--\n\t\t\t\t\t\t\t--><rs-layer\n\t\t\t\t\t\t\t\tid=\"slider-2-slide-11-layer-1\" \n\t\t\t\t\t\t\t\tdata-type=\"text\"\n\t\t\t\t\t\t\t\tdata-rsp_ch=\"on\"\n\t\t\t\t\t\t\t\tdata-xy=\"x:c;xo:1px;y:m;yo:-19px,-19px,-19px,19px;\"\n\t\t\t\t\t\t\t\tdata-text=\"w:normal;s:37,37,31,22;l:54,54,54,34;fw:500;a:center;\"\n\t\t\t\t\t\t\t\tdata-dim=\"w:835px,835px,685px,427px;h:109px,109px,auto,auto;\"\n\t\t\t\t\t\t\t\tdata-frame_0=\"tp:600;\"\n\t\t\t\t\t\t\t\tdata-frame_1=\"tp:600;st:300;sp:710;sR:300;\"\n\t\t\t\t\t\t\t\tdata-frame_999=\"o:0;tp:600;st:w;sR:7990;\"\n\t\t\t\t\t\t\t\tstyle=\"z-index:5;font-family:'Montserrat';\"\n\t\t\t\t\t\t\t>Vous pouvez nous appeler au 514-738-2143 pour prendre rendez-vous.\n \n\t\t\t\t\t\t\t<\/rs-layer><!--\n\n\t\t\t\t\t\t\t--><rs-layer\n\t\t\t\t\t\t\t\tid=\"slider-2-slide-11-layer-4\" \n\t\t\t\t\t\t\t\tclass=\"rev-btn\"\n\t\t\t\t\t\t\t\tdata-type=\"button\"\n\t\t\t\t\t\t\t\tdata-color=\"#aaaf75\"\n\t\t\t\t\t\t\t\tdata-xy=\"x:c;yo:309px,309px,309px,379px;\"\n\t\t\t\t\t\t\t\tdata-text=\"s:19;l:17;fw:700;a:inherit;\"\n\t\t\t\t\t\t\t\tdata-actions='o:click;a:simplelink;target:_self;url:https:\/\/mag-dent.com\/fr\/contact-us\/;'\n\t\t\t\t\t\t\t\tdata-rsp_bd=\"off\"\n\t\t\t\t\t\t\t\tdata-padding=\"t:16;r:50;b:16;l:50;\"\n\t\t\t\t\t\t\t\tdata-border=\"bor:30px,30px,30px,30px;\"\n\t\t\t\t\t\t\t\tdata-frame_0=\"tp:600;\"\n\t\t\t\t\t\t\t\tdata-frame_1=\"tp:600;st:0;\"\n\t\t\t\t\t\t\t\tdata-frame_999=\"o:0;tp:600;st:w;sR:8700;\"\n\t\t\t\t\t\t\t\tdata-frame_hover=\"c:#b0b579;bgc:#efefef;boc:#000;bor:30px,30px,30px,30px;bos:solid;oX:50;oY:50;sp:0;e:none;\"\n\t\t\t\t\t\t\t\tstyle=\"z-index:6;background-color:#ffffff;font-family:'Montserrat';cursor:pointer;outline:none;box-shadow:none;box-sizing:border-box;-moz-box-sizing:border-box;-webkit-box-sizing:border-box;\"\n\t\t\t\t\t\t\t>Demande de rendez-vous \n\t\t\t\t\t\t\t<\/rs-layer><!--\n-->\t\t\t\t\t<\/rs-slide>\n\t\t\t\t\t<\/rs-slides>\n\t\t\t\t<\/rs-module>\n\t\t\t\t<script>\n\t\t\t\t\tsetREVStartSize({c: 'rev_slider_2_2',rl:[1240,1024,778,480],el:[],gw:[1240,1024,778,480],gh:[450,450,450,600],type:'hero',justify:'',layout:'fullwidth',mh:\"0\"});if (window.RS_MODULES!==undefined && window.RS_MODULES.modules!==undefined && window.RS_MODULES.modules[\"revslider22\"]!==undefined) {window.RS_MODULES.modules[\"revslider22\"].once = false;window.revapi2 = undefined;if (window.RS_MODULES.checkMinimal!==undefined) window.RS_MODULES.checkMinimal()}\n\t\t\t\t<\/script>\n\t\t\t<\/rs-module-wrap>\n\t\t\t<!-- END REVOLUTION SLIDER -->\n[\/vc_column][\/vc_row][vc_section full_width=\u00a0\u00bbstretch_row\u00a0\u00bb css=\u00a0\u00bb.vc_custom_1553807328935{background-color: #f6f6f6 !important;}\u00a0\u00bb][vc_row equal_columns=\u00a0\u00bbtrue\u00a0\u00bb css=\u00a0\u00bb.vc_custom_1553807356211{margin-top: 10px !important;}\u00a0\u00bb][vc_column][vc_column_text el_class=\u00a0\u00bbtitle-main\u00a0\u00bb css=\u00a0\u00bb.vc_custom_1555022681449{margin-bottom: 0px !important;}\u00a0\u00bb]\n<h2 style=\"text-align: center;\">L&rsquo;exp\u00e9rience Mag-Dent<\/h2>\n[\/vc_column_text][\/vc_column][\/vc_row][vc_row css=\u00a0\u00bb.vc_custom_1553807307121{margin-top: 50px !important;}\u00a0\u00bb][vc_column width=\u00a0\u00bb1\/4&Prime;][vc_single_image image=\u00a0\u00bb33&Prime; img_size=\u00a0\u00bblarge\u00a0\u00bb alignment=\u00a0\u00bbcenter\u00a0\u00bb el_class=\u00a0\u00bbicon-exp\u00a0\u00bb][vc_column_text el_class=\u00a0\u00bbexp-title\u00a0\u00bb css=\u00a0\u00bb.vc_custom_1555022692244{margin-bottom: 0px !important;}\u00a0\u00bb]Horaire Flexible[\/vc_column_text][vc_column_text el_class=\u00a0\u00bbexp-text\u00a0\u00bb css=\u00a0\u00bb.vc_custom_1555022702570{margin-bottom: 0px !important;}\u00a0\u00bb]Nous avons des heures de rendez-vous flexibles pour r\u00e9pondre \u00e0 votre horaire charg\u00e9.[\/vc_column_text][\/vc_column][vc_column width=\u00a0\u00bb1\/4&Prime;][vc_single_image image=\u00a0\u00bb32&Prime; img_size=\u00a0\u00bblarge\u00a0\u00bb alignment=\u00a0\u00bbcenter\u00a0\u00bb el_class=\u00a0\u00bbicon-exp\u00a0\u00bb][vc_column_text el_class=\u00a0\u00bbexp-title\u00a0\u00bb css=\u00a0\u00bb.vc_custom_1555022710144{margin-bottom: 0px !important;}\u00a0\u00bb]Stationnement gratuit[\/vc_column_text][vc_column_text el_class=\u00a0\u00bbexp-text\u00a0\u00bb css=\u00a0\u00bb.vc_custom_1555022720050{margin-bottom: 0px !important;}\u00a0\u00bb]Ne vous inqui\u00e9tez pas de trouver du stationnement dans notre quartier, car nous offrons un stationnement gratuit \u00e0 l\u2019int\u00e9rieur pour nos patients.[\/vc_column_text][\/vc_column][vc_column width=\u00a0\u00bb1\/4&Prime;][vc_single_image image=\u00a0\u00bb31&Prime; img_size=\u00a0\u00bblarge\u00a0\u00bb alignment=\u00a0\u00bbcenter\u00a0\u00bb el_class=\u00a0\u00bbicon-exp\u00a0\u00bb][vc_column_text el_class=\u00a0\u00bbexp-title\u00a0\u00bb css=\u00a0\u00bb.vc_custom_1555022727161{margin-bottom: 0px !important;}\u00a0\u00bb]Netflix dans chaque salle[\/vc_column_text][vc_column_text el_class=\u00a0\u00bbexp-text\u00a0\u00bb css=\u00a0\u00bb.vc_custom_1555022738640{margin-bottom: 0px !important;}\u00a0\u00bb]Tout en prenant soin de votre hygi\u00e8ne dentaire, vous pouvez vous d\u00e9tendre et regarder vos programmes pr\u00e9f\u00e9r\u00e9s sur Netflix.[\/vc_column_text][\/vc_column][vc_column width=\u00a0\u00bb1\/4&Prime;][vc_single_image image=\u00a0\u00bb30&Prime; img_size=\u00a0\u00bblarge\u00a0\u00bb alignment=\u00a0\u00bbcenter\u00a0\u00bb el_class=\u00a0\u00bbicon-exp\u00a0\u00bb][vc_column_text el_class=\u00a0\u00bbexp-title\u00a0\u00bb css=\u00a0\u00bb.vc_custom_1555022749000{margin-bottom: 0px !important;}\u00a0\u00bb]Trousse dentaire gratuite[\/vc_column_text][vc_column_text el_class=\u00a0\u00bbexp-text\u00a0\u00bb css=\u00a0\u00bb.vc_custom_1555022759865{margin-bottom: 0px !important;}\u00a0\u00bb]Chaque nouveau patient re\u00e7oit gratuitement un trousse d\u2019hygi\u00e8ne dentaire comprenant une brosse \u00e0 dents aliment\u00e9e par batterie.[\/vc_column_text][\/vc_column][\/vc_row][\/vc_section]\n<\/div>","protected":false},"excerpt":{"rendered":"<p>[vc_row][vc_column][\/vc_column][\/vc_row][vc_row fullwidth=\u00a0\u00bbtrue\u00a0\u00bb equal_columns=\u00a0\u00bbtrue\u00a0\u00bb attached=\u00a0\u00bbtrue\u00a0\u00bb el_class=\u00a0\u00bbsec-container\u00a0\u00bb][vc_column width=\u00a0\u00bb1\/2&Prime; css=\u00a0\u00bb.vc_custom_1553806776483{background-image: url(https:\/\/mag-dent.com\/wp-content\/uploads\/2019\/03\/imag-1.jpg?id=140) !important;background-position: center !important;background-repeat: no-repeat !important;background-size: cover !important;}\u00a0\u00bb][\/vc_column][vc_column width=\u00a0\u00bb1\/2&Prime; css=\u00a0\u00bb.vc_custom_1553807160997{padding-top: 5% !important;padding-right: 5% !important;padding-bottom: 5% !important;padding-left: 5% !important;background-color: #b0b579 !important;}\u00a0\u00bb][vc_column_text css=\u00a0\u00bb.vc_custom_1555022547597{margin-bottom: 0px !important;}\u00a0\u00bb] Couronnes [\/vc_column_text][vc_column_text el_class=\u00a0\u00bbtext-sec\u00a0\u00bb css=\u00a0\u00bb.vc_custom_1555022565861{margin-bottom: 0px !important;}\u00a0\u00bb]Une couronne est une couverture permanente qui s&rsquo;adapte sur une dent originale cari\u00e9e, endommag\u00e9e ou fissur\u00e9e. Les couronnes sont utilis\u00e9es [&hellip;]<\/p>\n","protected":false},"author":1,"featured_media":0,"parent":0,"menu_order":0,"comment_status":"closed","ping_status":"closed","template":"","meta":{"footnotes":""},"class_list":["post-486","page","type-page","status-publish","hentry"],"yoast_head":"<!-- This site is optimized with the Yoast SEO plugin v27.2 - https:\/\/yoast.com\/product\/yoast-seo-wordpress\/ -->\n<title>Traitements le jour m\u00eame \u00e0 Montr\u00e9al - Soins dentaires en une journ\u00e9e<\/title>\n<meta name=\"description\" content=\"Vous n&#039;avez plus besoin de visites de retour avec nos traitements du jour m\u00eame. Nous vous facilitons la vie en finissant le travail en une seule s\u00e9ance\" \/>\n<meta name=\"robots\" content=\"index, follow, max-snippet:-1, max-image-preview:large, max-video-preview:-1\" \/>\n<link rel=\"canonical\" href=\"https:\/\/mag-dent.com\/fr\/traitements-le-jour-meme\/\" \/>\n<meta property=\"og:locale\" content=\"fr_FR\" \/>\n<meta property=\"og:type\" content=\"article\" \/>\n<meta property=\"og:title\" content=\"Traitements le jour m\u00eame \u00e0 Montr\u00e9al - Soins dentaires en une journ\u00e9e\" \/>\n<meta property=\"og:description\" content=\"Vous n&#039;avez plus besoin de visites de retour avec nos traitements du jour m\u00eame. Nous vous facilitons la vie en finissant le travail en une seule s\u00e9ance\" \/>\n<meta property=\"og:url\" content=\"https:\/\/mag-dent.com\/fr\/traitements-le-jour-meme\/\" \/>\n<meta property=\"og:site_name\" content=\"Centre Dentaire Mag-Dent\" \/>\n<meta property=\"article:modified_time\" content=\"2019-06-18T16:30:10+00:00\" \/>\n<meta name=\"twitter:card\" content=\"summary_large_image\" \/>\n<meta name=\"twitter:label1\" content=\"Dur\u00e9e de lecture estim\u00e9e\" \/>\n\t<meta name=\"twitter:data1\" content=\"5 minutes\" \/>\n<script type=\"application\/ld+json\" class=\"yoast-schema-graph\">{\"@context\":\"https:\/\/schema.org\",\"@graph\":[{\"@type\":\"WebPage\",\"@id\":\"https:\/\/mag-dent.com\/fr\/traitements-le-jour-meme\/\",\"url\":\"https:\/\/mag-dent.com\/fr\/traitements-le-jour-meme\/\",\"name\":\"Traitements le jour m\u00eame \u00e0 Montr\u00e9al - Soins dentaires en une journ\u00e9e\",\"isPartOf\":{\"@id\":\"https:\/\/mag-dent.com\/#website\"},\"datePublished\":\"2019-03-28T20:48:29+00:00\",\"dateModified\":\"2019-06-18T16:30:10+00:00\",\"description\":\"Vous n'avez plus besoin de visites de retour avec nos traitements du jour m\u00eame. Nous vous facilitons la vie en finissant le travail en une seule s\u00e9ance\",\"breadcrumb\":{\"@id\":\"https:\/\/mag-dent.com\/fr\/traitements-le-jour-meme\/#breadcrumb\"},\"inLanguage\":\"fr-FR\",\"potentialAction\":[{\"@type\":\"ReadAction\",\"target\":[\"https:\/\/mag-dent.com\/fr\/traitements-le-jour-meme\/\"]}]},{\"@type\":\"BreadcrumbList\",\"@id\":\"https:\/\/mag-dent.com\/fr\/traitements-le-jour-meme\/#breadcrumb\",\"itemListElement\":[{\"@type\":\"ListItem\",\"position\":1,\"name\":\"Home\",\"item\":\"https:\/\/mag-dent.com\/\"},{\"@type\":\"ListItem\",\"position\":2,\"name\":\"Traitements le jour m\u00eame\"}]},{\"@type\":\"WebSite\",\"@id\":\"https:\/\/mag-dent.com\/#website\",\"url\":\"https:\/\/mag-dent.com\/\",\"name\":\"Centre Dentaire Mag-Dent\",\"description\":\"Offrant une dentisterie esth\u00e9tique g\u00e9n\u00e9rale et avanc\u00e9e, le Dr. Faraj Hanna A. et son \u00e9quipe sont des experts dans leur domaine.\",\"potentialAction\":[{\"@type\":\"SearchAction\",\"target\":{\"@type\":\"EntryPoint\",\"urlTemplate\":\"https:\/\/mag-dent.com\/?s={search_term_string}\"},\"query-input\":{\"@type\":\"PropertyValueSpecification\",\"valueRequired\":true,\"valueName\":\"search_term_string\"}}],\"inLanguage\":\"fr-FR\"}]}<\/script>\n<!-- \/ Yoast SEO plugin. -->","yoast_head_json":{"title":"Traitements le jour m\u00eame \u00e0 Montr\u00e9al - Soins dentaires en une journ\u00e9e","description":"Vous n'avez plus besoin de visites de retour avec nos traitements du jour m\u00eame. Nous vous facilitons la vie en finissant le travail en une seule s\u00e9ance","robots":{"index":"index","follow":"follow","max-snippet":"max-snippet:-1","max-image-preview":"max-image-preview:large","max-video-preview":"max-video-preview:-1"},"canonical":"https:\/\/mag-dent.com\/fr\/traitements-le-jour-meme\/","og_locale":"fr_FR","og_type":"article","og_title":"Traitements le jour m\u00eame \u00e0 Montr\u00e9al - Soins dentaires en une journ\u00e9e","og_description":"Vous n'avez plus besoin de visites de retour avec nos traitements du jour m\u00eame. Nous vous facilitons la vie en finissant le travail en une seule s\u00e9ance","og_url":"https:\/\/mag-dent.com\/fr\/traitements-le-jour-meme\/","og_site_name":"Centre Dentaire Mag-Dent","article_modified_time":"2019-06-18T16:30:10+00:00","twitter_card":"summary_large_image","twitter_misc":{"Dur\u00e9e de lecture estim\u00e9e":"5 minutes"},"schema":{"@context":"https:\/\/schema.org","@graph":[{"@type":"WebPage","@id":"https:\/\/mag-dent.com\/fr\/traitements-le-jour-meme\/","url":"https:\/\/mag-dent.com\/fr\/traitements-le-jour-meme\/","name":"Traitements le jour m\u00eame \u00e0 Montr\u00e9al - Soins dentaires en une journ\u00e9e","isPartOf":{"@id":"https:\/\/mag-dent.com\/#website"},"datePublished":"2019-03-28T20:48:29+00:00","dateModified":"2019-06-18T16:30:10+00:00","description":"Vous n'avez plus besoin de visites de retour avec nos traitements du jour m\u00eame. Nous vous facilitons la vie en finissant le travail en une seule s\u00e9ance","breadcrumb":{"@id":"https:\/\/mag-dent.com\/fr\/traitements-le-jour-meme\/#breadcrumb"},"inLanguage":"fr-FR","potentialAction":[{"@type":"ReadAction","target":["https:\/\/mag-dent.com\/fr\/traitements-le-jour-meme\/"]}]},{"@type":"BreadcrumbList","@id":"https:\/\/mag-dent.com\/fr\/traitements-le-jour-meme\/#breadcrumb","itemListElement":[{"@type":"ListItem","position":1,"name":"Home","item":"https:\/\/mag-dent.com\/"},{"@type":"ListItem","position":2,"name":"Traitements le jour m\u00eame"}]},{"@type":"WebSite","@id":"https:\/\/mag-dent.com\/#website","url":"https:\/\/mag-dent.com\/","name":"Centre Dentaire Mag-Dent","description":"Offrant une dentisterie esth\u00e9tique g\u00e9n\u00e9rale et avanc\u00e9e, le Dr. Faraj Hanna A. et son \u00e9quipe sont des experts dans leur domaine.","potentialAction":[{"@type":"SearchAction","target":{"@type":"EntryPoint","urlTemplate":"https:\/\/mag-dent.com\/?s={search_term_string}"},"query-input":{"@type":"PropertyValueSpecification","valueRequired":true,"valueName":"search_term_string"}}],"inLanguage":"fr-FR"}]}},"_links":{"self":[{"href":"https:\/\/mag-dent.com\/fr\/wp-json\/wp\/v2\/pages\/486","targetHints":{"allow":["GET"]}}],"collection":[{"href":"https:\/\/mag-dent.com\/fr\/wp-json\/wp\/v2\/pages"}],"about":[{"href":"https:\/\/mag-dent.com\/fr\/wp-json\/wp\/v2\/types\/page"}],"author":[{"embeddable":true,"href":"https:\/\/mag-dent.com\/fr\/wp-json\/wp\/v2\/users\/1"}],"replies":[{"embeddable":true,"href":"https:\/\/mag-dent.com\/fr\/wp-json\/wp\/v2\/comments?post=486"}],"version-history":[{"count":3,"href":"https:\/\/mag-dent.com\/fr\/wp-json\/wp\/v2\/pages\/486\/revisions"}],"predecessor-version":[{"id":489,"href":"https:\/\/mag-dent.com\/fr\/wp-json\/wp\/v2\/pages\/486\/revisions\/489"}],"wp:attachment":[{"href":"https:\/\/mag-dent.com\/fr\/wp-json\/wp\/v2\/media?parent=486"}],"curies":[{"name":"wp","href":"https:\/\/api.w.org\/{rel}","templated":true}]}}