{"id":476,"date":"2019-04-10T19:27:01","date_gmt":"2019-04-10T23:27:01","guid":{"rendered":"https:\/\/mag-dent.com\/patient-info\/"},"modified":"2019-04-19T11:03:33","modified_gmt":"2019-04-19T15:03:33","slug":"info-patient","status":"publish","type":"page","link":"https:\/\/mag-dent.com\/fr\/info-patient\/","title":{"rendered":"Info Patient"},"content":{"rendered":"<div class=\"wpb-content-wrapper\">[vc_row fullwidth=\u00a0\u00bbtrue\u00a0\u00bb fullwidth_content=\u00a0\u00bbfalse\u00a0\u00bb el_class=\u00a0\u00bbbox-text-ti\u00a0\u00bb css=\u00a0\u00bb.vc_custom_1553820373386{padding-top: 5% !important;padding-right: 5% !important;padding-bottom: 5% !important;padding-left: 5% !important;}\u00a0\u00bb][vc_column css=\u00a0\u00bb.vc_custom_1553815566950{background-position: center !important;background-repeat: no-repeat !important;background-size: cover !important;}\u00a0\u00bb][mk_blog style=\u00a0\u00bbgrid\u00a0\u00bb grid_image_height=\u00a0\u00bb230&Prime; disable_meta=\u00a0\u00bbfalse\u00a0\u00bb excerpt_length=\u00a0\u00bb103&Prime; exclude_post_format=\u00a0\u00bb\u00a0\u00bb cat=\u00a0\u00bb3&Prime;][\/vc_column][\/vc_row]\n<\/div>","protected":false},"excerpt":{"rendered":"<p>[vc_row fullwidth=\u00a0\u00bbtrue\u00a0\u00bb fullwidth_content=\u00a0\u00bbfalse\u00a0\u00bb el_class=\u00a0\u00bbbox-text-ti\u00a0\u00bb css=\u00a0\u00bb.vc_custom_1553820373386{padding-top: 5% !important;padding-right: 5% !important;padding-bottom: 5% !important;padding-left: 5% !important;}\u00a0\u00bb][vc_column css=\u00a0\u00bb.vc_custom_1553815566950{background-position: center !important;background-repeat: no-repeat !important;background-size: cover !important;}\u00a0\u00bb][mk_blog style=\u00a0\u00bbgrid\u00a0\u00bb grid_image_height=\u00a0\u00bb230&Prime; disable_meta=\u00a0\u00bbfalse\u00a0\u00bb excerpt_length=\u00a0\u00bb103&Prime; exclude_post_format=\u00a0\u00bb\u00a0\u00bb cat=\u00a0\u00bb3&Prime;][\/vc_column][\/vc_row]<\/p>\n","protected":false},"author":1,"featured_media":0,"parent":0,"menu_order":0,"comment_status":"closed","ping_status":"closed","template":"","meta":{"footnotes":""},"class_list":["post-476","page","type-page","status-publish","hentry"],"yoast_head":"<!-- This site is optimized with the Yoast SEO plugin v27.2 - https:\/\/yoast.com\/product\/yoast-seo-wordpress\/ -->\n<title>Info Patient - Centre Dentaire Mag-Dent<\/title>\n<meta name=\"robots\" content=\"index, follow, max-snippet:-1, max-image-preview:large, max-video-preview:-1\" \/>\n<link rel=\"canonical\" href=\"https:\/\/mag-dent.com\/fr\/info-patient\/\" \/>\n<meta property=\"og:locale\" content=\"fr_FR\" \/>\n<meta property=\"og:type\" content=\"article\" \/>\n<meta property=\"og:title\" content=\"Info Patient - Centre Dentaire Mag-Dent\" \/>\n<meta property=\"og:description\" content=\"[vc_row fullwidth=\u00a0\u00bbtrue\u00a0\u00bb fullwidth_content=\u00a0\u00bbfalse\u00a0\u00bb el_class=\u00a0\u00bbbox-text-ti\u00a0\u00bb css=\u00a0\u00bb.vc_custom_1553820373386{padding-top: 5% !important;padding-right: 5% !important;padding-bottom: 5% !important;padding-left: 5% !important;}\u00a0\u00bb][vc_column css=\u00a0\u00bb.vc_custom_1553815566950{background-position: center !important;background-repeat: no-repeat !important;background-size: cover !important;}\u00a0\u00bb][mk_blog style=\u00a0\u00bbgrid\u00a0\u00bb grid_image_height=\u00a0\u00bb230&Prime; disable_meta=\u00a0\u00bbfalse\u00a0\u00bb excerpt_length=\u00a0\u00bb103&Prime; exclude_post_format=\u00a0\u00bb\u00a0\u00bb cat=\u00a0\u00bb3&Prime;][\/vc_column][\/vc_row]\" \/>\n<meta property=\"og:url\" content=\"https:\/\/mag-dent.com\/fr\/info-patient\/\" \/>\n<meta property=\"og:site_name\" content=\"Centre Dentaire Mag-Dent\" \/>\n<meta property=\"article:modified_time\" content=\"2019-04-19T15:03:33+00:00\" \/>\n<meta name=\"twitter:card\" content=\"summary_large_image\" \/>\n<script type=\"application\/ld+json\" class=\"yoast-schema-graph\">{\"@context\":\"https:\/\/schema.org\",\"@graph\":[{\"@type\":\"WebPage\",\"@id\":\"https:\/\/mag-dent.com\/fr\/info-patient\/\",\"url\":\"https:\/\/mag-dent.com\/fr\/info-patient\/\",\"name\":\"Info Patient - Centre Dentaire Mag-Dent\",\"isPartOf\":{\"@id\":\"https:\/\/mag-dent.com\/#website\"},\"datePublished\":\"2019-04-10T23:27:01+00:00\",\"dateModified\":\"2019-04-19T15:03:33+00:00\",\"breadcrumb\":{\"@id\":\"https:\/\/mag-dent.com\/fr\/info-patient\/#breadcrumb\"},\"inLanguage\":\"fr-FR\",\"potentialAction\":[{\"@type\":\"ReadAction\",\"target\":[\"https:\/\/mag-dent.com\/fr\/info-patient\/\"]}]},{\"@type\":\"BreadcrumbList\",\"@id\":\"https:\/\/mag-dent.com\/fr\/info-patient\/#breadcrumb\",\"itemListElement\":[{\"@type\":\"ListItem\",\"position\":1,\"name\":\"Home\",\"item\":\"https:\/\/mag-dent.com\/\"},{\"@type\":\"ListItem\",\"position\":2,\"name\":\"Info Patient\"}]},{\"@type\":\"WebSite\",\"@id\":\"https:\/\/mag-dent.com\/#website\",\"url\":\"https:\/\/mag-dent.com\/\",\"name\":\"Centre Dentaire Mag-Dent\",\"description\":\"Offrant une dentisterie esth\u00e9tique g\u00e9n\u00e9rale et avanc\u00e9e, le Dr. Faraj Hanna A. et son \u00e9quipe sont des experts dans leur domaine.\",\"potentialAction\":[{\"@type\":\"SearchAction\",\"target\":{\"@type\":\"EntryPoint\",\"urlTemplate\":\"https:\/\/mag-dent.com\/?s={search_term_string}\"},\"query-input\":{\"@type\":\"PropertyValueSpecification\",\"valueRequired\":true,\"valueName\":\"search_term_string\"}}],\"inLanguage\":\"fr-FR\"}]}<\/script>\n<!-- \/ Yoast SEO plugin. -->","yoast_head_json":{"title":"Info Patient - Centre Dentaire Mag-Dent","robots":{"index":"index","follow":"follow","max-snippet":"max-snippet:-1","max-image-preview":"max-image-preview:large","max-video-preview":"max-video-preview:-1"},"canonical":"https:\/\/mag-dent.com\/fr\/info-patient\/","og_locale":"fr_FR","og_type":"article","og_title":"Info Patient - Centre Dentaire Mag-Dent","og_description":"[vc_row fullwidth=\u00a0\u00bbtrue\u00a0\u00bb fullwidth_content=\u00a0\u00bbfalse\u00a0\u00bb el_class=\u00a0\u00bbbox-text-ti\u00a0\u00bb css=\u00a0\u00bb.vc_custom_1553820373386{padding-top: 5% !important;padding-right: 5% !important;padding-bottom: 5% !important;padding-left: 5% !important;}\u00a0\u00bb][vc_column css=\u00a0\u00bb.vc_custom_1553815566950{background-position: center !important;background-repeat: no-repeat !important;background-size: cover !important;}\u00a0\u00bb][mk_blog style=\u00a0\u00bbgrid\u00a0\u00bb grid_image_height=\u00a0\u00bb230&Prime; disable_meta=\u00a0\u00bbfalse\u00a0\u00bb excerpt_length=\u00a0\u00bb103&Prime; exclude_post_format=\u00a0\u00bb\u00a0\u00bb cat=\u00a0\u00bb3&Prime;][\/vc_column][\/vc_row]","og_url":"https:\/\/mag-dent.com\/fr\/info-patient\/","og_site_name":"Centre Dentaire Mag-Dent","article_modified_time":"2019-04-19T15:03:33+00:00","twitter_card":"summary_large_image","schema":{"@context":"https:\/\/schema.org","@graph":[{"@type":"WebPage","@id":"https:\/\/mag-dent.com\/fr\/info-patient\/","url":"https:\/\/mag-dent.com\/fr\/info-patient\/","name":"Info Patient - Centre Dentaire Mag-Dent","isPartOf":{"@id":"https:\/\/mag-dent.com\/#website"},"datePublished":"2019-04-10T23:27:01+00:00","dateModified":"2019-04-19T15:03:33+00:00","breadcrumb":{"@id":"https:\/\/mag-dent.com\/fr\/info-patient\/#breadcrumb"},"inLanguage":"fr-FR","potentialAction":[{"@type":"ReadAction","target":["https:\/\/mag-dent.com\/fr\/info-patient\/"]}]},{"@type":"BreadcrumbList","@id":"https:\/\/mag-dent.com\/fr\/info-patient\/#breadcrumb","itemListElement":[{"@type":"ListItem","position":1,"name":"Home","item":"https:\/\/mag-dent.com\/"},{"@type":"ListItem","position":2,"name":"Info Patient"}]},{"@type":"WebSite","@id":"https:\/\/mag-dent.com\/#website","url":"https:\/\/mag-dent.com\/","name":"Centre Dentaire Mag-Dent","description":"Offrant une dentisterie esth\u00e9tique g\u00e9n\u00e9rale et avanc\u00e9e, le Dr. Faraj Hanna A. et son \u00e9quipe sont des experts dans leur domaine.","potentialAction":[{"@type":"SearchAction","target":{"@type":"EntryPoint","urlTemplate":"https:\/\/mag-dent.com\/?s={search_term_string}"},"query-input":{"@type":"PropertyValueSpecification","valueRequired":true,"valueName":"search_term_string"}}],"inLanguage":"fr-FR"}]}},"_links":{"self":[{"href":"https:\/\/mag-dent.com\/fr\/wp-json\/wp\/v2\/pages\/476","targetHints":{"allow":["GET"]}}],"collection":[{"href":"https:\/\/mag-dent.com\/fr\/wp-json\/wp\/v2\/pages"}],"about":[{"href":"https:\/\/mag-dent.com\/fr\/wp-json\/wp\/v2\/types\/page"}],"author":[{"embeddable":true,"href":"https:\/\/mag-dent.com\/fr\/wp-json\/wp\/v2\/users\/1"}],"replies":[{"embeddable":true,"href":"https:\/\/mag-dent.com\/fr\/wp-json\/wp\/v2\/comments?post=476"}],"version-history":[{"count":2,"href":"https:\/\/mag-dent.com\/fr\/wp-json\/wp\/v2\/pages\/476\/revisions"}],"predecessor-version":[{"id":626,"href":"https:\/\/mag-dent.com\/fr\/wp-json\/wp\/v2\/pages\/476\/revisions\/626"}],"wp:attachment":[{"href":"https:\/\/mag-dent.com\/fr\/wp-json\/wp\/v2\/media?parent=476"}],"curies":[{"name":"wp","href":"https:\/\/api.w.org\/{rel}","templated":true}]}}