{"id":469,"date":"2019-03-28T17:13:57","date_gmt":"2019-03-28T21:13:57","guid":{"rendered":"https:\/\/mag-dent.com\/missing-teeth\/"},"modified":"2021-01-19T16:35:57","modified_gmt":"2021-01-19T21:35:57","slug":"dents-manquantes","status":"publish","type":"page","link":"https:\/\/mag-dent.com\/fr\/dents-manquantes\/","title":{"rendered":"Dents Manquantes"},"content":{"rendered":"<div class=\"wpb-content-wrapper\">[vc_row][vc_column]\n\t\t\t<!-- START Missing Teeth REVOLUTION SLIDER 6.7.34 --><p class=\"rs-p-wp-fix\"><\/p>\n\t\t\t<rs-module-wrap id=\"rev_slider_6_1_wrapper\" data-source=\"gallery\" style=\"visibility:hidden;background:transparent;padding:0;margin:0px auto;margin-top:0;margin-bottom:0;\">\n\t\t\t\t<rs-module id=\"rev_slider_6_1\" style=\"\" data-version=\"6.7.34\">\n\t\t\t\t\t<rs-slides style=\"overflow: hidden; position: absolute;\">\n\t\t\t\t\t\t<rs-slide style=\"position: absolute;\" data-key=\"rs-15\" data-title=\"Slide\" data-anim=\"adpr:false;\">\n\t\t\t\t\t\t\t<img wpfc-lazyload-disable=\"true\" decoding=\"async\" src=\"\/\/mag-dent.com\/wp-content\/plugins\/revslider\/sr6\/assets\/assets\/dummy.png\" alt=\"\" title=\"Dents Manquantes\" class=\"rev-slidebg tp-rs-img rs-lazyload\" data-lazyload=\"\/\/mag-dent.com\/wp-content\/uploads\/2019\/03\/bg-missingtheet.jpg\" data-parallax=\"3\" data-no-retina>\n<!--\n\t\t\t\t\t\t\t--><rs-layer\n\t\t\t\t\t\t\t\tid=\"slider-6-slide-15-layer-1\" \n\t\t\t\t\t\t\t\tdata-type=\"text\"\n\t\t\t\t\t\t\t\tdata-color=\"#aaaf75\"\n\t\t\t\t\t\t\t\tdata-rsp_ch=\"on\"\n\t\t\t\t\t\t\t\tdata-xy=\"x:l,l,l,c;xo:36px,40px,0,0;yo:99px,110px,90px,150px;\"\n\t\t\t\t\t\t\t\tdata-text=\"s:65,52,42,48;l:72,57,57,52;fw:300;a:inherit,inherit,inherit,center;\"\n\t\t\t\t\t\t\t\tdata-frame_0=\"tp:600;\"\n\t\t\t\t\t\t\t\tdata-frame_1=\"tp:600;st:300;sp:710;sR:300;\"\n\t\t\t\t\t\t\t\tdata-frame_999=\"o:0;tp:600;st:w;sR:7990;\"\n\t\t\t\t\t\t\t\tstyle=\"z-index:5;font-family:'Montserrat';\"\n\t\t\t\t\t\t\t>Dents Manquantes \n\t\t\t\t\t\t\t<\/rs-layer><!--\n\n\t\t\t\t\t\t\t--><rs-layer\n\t\t\t\t\t\t\t\tid=\"slider-6-slide-15-layer-2\" \n\t\t\t\t\t\t\t\tdata-type=\"text\"\n\t\t\t\t\t\t\t\tdata-color=\"#414042\"\n\t\t\t\t\t\t\t\tdata-rsp_ch=\"on\"\n\t\t\t\t\t\t\t\tdata-xy=\"x:l,l,l,c;xo:39px,43px,0,-1px;yo:199px,187px,167px,237px;\"\n\t\t\t\t\t\t\t\tdata-text=\"w:normal;s:22,22,22,24;l:28;fw:300;a:inherit,inherit,inherit,center;\"\n\t\t\t\t\t\t\t\tdata-dim=\"w:617px,528px,425px,448px;h:141px,142px,auto,161px;\"\n\t\t\t\t\t\t\t\tdata-frame_0=\"tp:600;\"\n\t\t\t\t\t\t\t\tdata-frame_1=\"tp:600;st:350;sp:720;sR:350;\"\n\t\t\t\t\t\t\t\tdata-frame_999=\"o:0;tp:600;st:w;sR:7930;\"\n\t\t\t\t\t\t\t\tstyle=\"z-index:6;font-family:'Lato';\"\n\t\t\t\t\t\t\t>Un simple sourire peut exprimer tant de choses. Et un sourire confiant peut devenir votre signature ! Saviez-vous que la plupart des gens qui ont de beaux sourires ne sont pas n\u00e9s comme \u00e7a ? Alors pourquoi ne pas faire les prochains pas vers votre beau sourire ! \n\t\t\t\t\t\t\t<\/rs-layer><!--\n-->\t\t\t\t\t<\/rs-slide>\n\t\t\t\t\t<\/rs-slides>\n\t\t\t\t<\/rs-module>\n\t\t\t\t<script>\n\t\t\t\t\tsetREVStartSize({c: 'rev_slider_6_1',rl:[1240,1024,778,480],el:[],gw:[1200,1024,778,480],gh:[450,450,450,600],type:'hero',justify:'',layout:'fullwidth',mh:\"0\"});if (window.RS_MODULES!==undefined && window.RS_MODULES.modules!==undefined && window.RS_MODULES.modules[\"revslider61\"]!==undefined) {window.RS_MODULES.modules[\"revslider61\"].once = false;window.revapi6 = undefined;if (window.RS_MODULES.checkMinimal!==undefined) window.RS_MODULES.checkMinimal()}\n\t\t\t\t<\/script>\n\t\t\t<\/rs-module-wrap>\n\t\t\t<!-- END REVOLUTION SLIDER -->\n[\/vc_column][\/vc_row][vc_row fullwidth=\u00a0\u00bbtrue\u00a0\u00bb equal_columns=\u00a0\u00bbtrue\u00a0\u00bb attached=\u00a0\u00bbtrue\u00a0\u00bb el_class=\u00a0\u00bbsec-container\u00a0\u00bb][vc_column width=\u00a0\u00bb1\/2&Prime; css=\u00a0\u00bb.vc_custom_1553808209624{padding-top: 5% !important;padding-right: 5% !important;padding-bottom: 5% !important;padding-left: 5% !important;background-color: #b0b579 !important;}\u00a0\u00bb offset=\u00a0\u00bbvc_hidden-sm vc_hidden-xs\u00a0\u00bb][vc_column_text css=\u00a0\u00bb.vc_custom_1555016685998{margin-bottom: 0px !important;}\u00a0\u00bb]\n<div class=\"box-title-sec\">Proth\u00e8ses amovibles (dentiers)<\/div>\n[\/vc_column_text][vc_column_text el_class=\u00a0\u00bbtext-sec\u00a0\u00bb css=\u00a0\u00bb.vc_custom_1555016701064{margin-bottom: 0px !important;}\u00a0\u00bb]Si vous portez la m\u00eame proth\u00e8se dentaire (dentier) depuis plusieurs ann\u00e9es sans que celle-ci ait \u00e9t\u00e9 examin\u00e9e par votre professionnel dentaire, vous exposez votre sant\u00e9 \u00e0 des risques inutiles.<\/p>\n<p>Trop de gens croient qu&rsquo;une proth\u00e8se demeure ad\u00e9quate pendant plusieurs ann\u00e9es. Rien n\u2019est plus faux.<br \/>\nLa proth\u00e8se amovible (dentier) est constitu\u00e9e d&rsquo;une mati\u00e8re solide qui n&rsquo;est pas mall\u00e9able alors que votre visage, votre bouche et vos m\u00e2choires se transforment au fil des ans.<br \/>\nLes effets nuisibles possiblement subis par les porteurs d&rsquo;une proth\u00e8se vieille de plusieurs ann\u00e9es sont: ramollissement de la gencive, gencive douloureuse ou irrit\u00e9e mastication ou digestion plus ardue, maux de t\u00eate ou d&rsquo;oreilles, r\u00e9sorption acc\u00e9l\u00e9r\u00e9e de la gencive<\/p>\n<p>Si vos proth\u00e8ses dentaires sont trop instables, les implants dentaires pourraient \u00eatre une autre option.<br \/>\n[\/vc_column_text][\/vc_column][vc_column width=\u00a0\u00bb1\/2&Prime; css=\u00a0\u00bb.vc_custom_1553808204489{background-image: url(https:\/\/mag-dent.com\/wp-content\/uploads\/2019\/03\/imag-2-1.jpg?id=157) !important;background-position: center !important;background-repeat: no-repeat !important;background-size: cover !important;}\u00a0\u00bb offset=\u00a0\u00bbvc_hidden-sm vc_hidden-xs\u00a0\u00bb][\/vc_column][\/vc_row][vc_row fullwidth=\u00a0\u00bbtrue\u00a0\u00bb equal_columns=\u00a0\u00bbtrue\u00a0\u00bb attached=\u00a0\u00bbtrue\u00a0\u00bb el_class=\u00a0\u00bbsec-container\u00a0\u00bb][vc_column width=\u00a0\u00bb1\/2&Prime; css=\u00a0\u00bb.vc_custom_1553808222815{background-image: url(https:\/\/mag-dent.com\/wp-content\/uploads\/2019\/03\/imag-2-1.jpg?id=157) !important;background-position: center !important;background-repeat: no-repeat !important;background-size: cover !important;}\u00a0\u00bb offset=\u00a0\u00bbvc_hidden-lg vc_hidden-md\u00a0\u00bb][\/vc_column][vc_column width=\u00a0\u00bb1\/2&Prime; css=\u00a0\u00bb.vc_custom_1553808217431{padding-top: 5% !important;padding-right: 5% !important;padding-bottom: 5% !important;padding-left: 5% !important;background-color: #b0b579 !important;}\u00a0\u00bb offset=\u00a0\u00bbvc_hidden-lg vc_hidden-md\u00a0\u00bb][vc_column_text css=\u00a0\u00bb.vc_custom_1555016685998{margin-bottom: 0px !important;}\u00a0\u00bb]\n<div class=\"box-title-sec\">Proth\u00e8ses amovibles (dentiers)<\/div>\n[\/vc_column_text][vc_column_text el_class=\u00a0\u00bbtext-sec\u00a0\u00bb css=\u00a0\u00bb.vc_custom_1555016701064{margin-bottom: 0px !important;}\u00a0\u00bb]Si vous portez la m\u00eame proth\u00e8se dentaire (dentier) depuis plusieurs ann\u00e9es sans que celle-ci ait \u00e9t\u00e9 examin\u00e9e par votre professionnel dentaire, vous exposez votre sant\u00e9 \u00e0 des risques inutiles.<\/p>\n<p>Trop de gens croient qu&rsquo;une proth\u00e8se demeure ad\u00e9quate pendant plusieurs ann\u00e9es. Rien n\u2019est plus faux.<br \/>\nLa proth\u00e8se amovible (dentier) est constitu\u00e9e d&rsquo;une mati\u00e8re solide qui n&rsquo;est pas mall\u00e9able alors que votre visage, votre bouche et vos m\u00e2choires se transforment au fil des ans.<br \/>\nLes effets nuisibles possiblement subis par les porteurs d&rsquo;une proth\u00e8se vieille de plusieurs ann\u00e9es sont: ramollissement de la gencive, gencive douloureuse ou irrit\u00e9e mastication ou digestion plus ardue, maux de t\u00eate ou d&rsquo;oreilles, r\u00e9sorption acc\u00e9l\u00e9r\u00e9e de la gencive<\/p>\n<p>Si vos proth\u00e8ses dentaires sont trop instables, les implants dentaires pourraient \u00eatre une autre option.<br \/>\n[\/vc_column_text][\/vc_column][\/vc_row][vc_row fullwidth=\u00a0\u00bbtrue\u00a0\u00bb equal_columns=\u00a0\u00bbtrue\u00a0\u00bb attached=\u00a0\u00bbtrue\u00a0\u00bb el_class=\u00a0\u00bbsec-container\u00a0\u00bb][vc_column width=\u00a0\u00bb1\/2&Prime; css=\u00a0\u00bb.vc_custom_1553807930796{background-image: url(https:\/\/mag-dent.com\/wp-content\/uploads\/2019\/03\/imag-1-1.jpg?id=156) !important;background-position: center !important;background-repeat: no-repeat !important;background-size: cover !important;}\u00a0\u00bb][\/vc_column][vc_column width=\u00a0\u00bb1\/2&Prime; css=\u00a0\u00bb.vc_custom_1555622184503{padding-top: 5% !important;padding-right: 5% !important;padding-bottom: 5% !important;padding-left: 5% !important;background-color: #a2ab9a !important;}\u00a0\u00bb][vc_column_text css=\u00a0\u00bb.vc_custom_1553807906704{margin-bottom: 0px !important;}\u00a0\u00bb]\n<div class=\"box-title-sec\">Implants<\/div>\n[\/vc_column_text][vc_column_text el_class=\u00a0\u00bbtext-sec\u00a0\u00bb css=\u00a0\u00bb.vc_custom_1555016629544{margin-bottom: 0px !important;}\u00a0\u00bb]Un implant dentaire consiste en une racine artificielle en titane qui est ins\u00e9r\u00e9e dans l&rsquo;os de la dent manquante afin de fournir un ancrage qui va remplacer la racine de la dent naturelle.<\/p>\n<p>L&rsquo;un des avantages les plus importants des implants dentaires est la pr\u00e9servation des os des m\u00e2choires , ce qui \u00e9vite au visage de se d\u00e9former avec le temps.[\/vc_column_text][\/vc_column][\/vc_row][vc_row fullwidth=\u00a0\u00bbtrue\u00a0\u00bb equal_columns=\u00a0\u00bbtrue\u00a0\u00bb attached=\u00a0\u00bbtrue\u00a0\u00bb el_class=\u00a0\u00bbsec-container\u00a0\u00bb][vc_column width=\u00a0\u00bb1\/2&Prime; css=\u00a0\u00bb.vc_custom_1553468113155{padding-top: 5% !important;padding-right: 5% !important;padding-bottom: 5% !important;padding-left: 5% !important;background-color: #9cb67a !important;}\u00a0\u00bb][vc_column_text css=\u00a0\u00bb.vc_custom_1555622344251{margin-bottom: 0px !important;}\u00a0\u00bb]\n<div class=\"box-title-sec\">Proth\u00e8ses dentaires fixes sur<br \/>\nimplants (All-on-4<sup>\u00a9<\/sup>)<\/div>\n[\/vc_column_text][vc_column_text el_class=\u00a0\u00bbtext-sec\u00a0\u00bb css=\u00a0\u00bb.vc_custom_1555622322492{margin-bottom: 0px !important;}\u00a0\u00bb]Avec l&rsquo;\u00e9volution de la technologie des implants dentaires, nous pouvons maintenant fournir, dans la plupart des cas, des proth\u00e8ses fixes temporaires le jour m\u00eame de l&rsquo;intervention.<\/p>\n<p>Technique All-on-4<br \/>\nQuatre implants sont plac\u00e9s dans l&rsquo;os de la m\u00e2choire tandis que la proth\u00e8se temporaire est fabriqu\u00e9e et viss\u00e9e dans les implants. Ceci assure la fixation des dents.<br \/>\nApr\u00e8s 4 \u00e0 6 mois, nous pouvons proc\u00e9der \u00e0 la livraison de la proth\u00e8se fixe d\u00e9finitive.[\/vc_column_text][\/vc_column][vc_column width=\u00a0\u00bb1\/2&Prime; css=\u00a0\u00bb.vc_custom_1553467702393{background-image: url(https:\/\/mag-dent.com\/wp-content\/uploads\/2019\/03\/sect-1.jpg?id=112) !important;background-position: center !important;background-repeat: no-repeat !important;background-size: cover !important;}\u00a0\u00bb][\/vc_column][\/vc_row][vc_row equal_columns=\u00a0\u00bbtrue\u00a0\u00bb css=\u00a0\u00bb.vc_custom_1553469030774{margin-top: 50px !important;}\u00a0\u00bb][vc_column][vc_column_text el_class=\u00a0\u00bbtitle-main\u00a0\u00bb css=\u00a0\u00bb.vc_custom_1555016766822{margin-bottom: 0px !important;}\u00a0\u00bb]\n<h2 style=\"text-align: center;\">L&rsquo;exp\u00e9rience Mag-Dent<\/h2>\n[\/vc_column_text][\/vc_column][\/vc_row][vc_row css=\u00a0\u00bb.vc_custom_1553091209091{margin-top: 50px !important;}\u00a0\u00bb][vc_column width=\u00a0\u00bb1\/4&Prime;][vc_single_image image=\u00a0\u00bb33&Prime; img_size=\u00a0\u00bblarge\u00a0\u00bb alignment=\u00a0\u00bbcenter\u00a0\u00bb el_class=\u00a0\u00bbicon-exp\u00a0\u00bb][vc_column_text el_class=\u00a0\u00bbexp-title\u00a0\u00bb css=\u00a0\u00bb.vc_custom_1555016774892{margin-bottom: 0px !important;}\u00a0\u00bb]Horaire Flexible[\/vc_column_text][vc_column_text el_class=\u00a0\u00bbexp-text\u00a0\u00bb css=\u00a0\u00bb.vc_custom_1555016784069{margin-bottom: 0px !important;}\u00a0\u00bb]Nous avons des heures de rendez-vous flexibles pour r\u00e9pondre \u00e0 votre horaire charg\u00e9.[\/vc_column_text][\/vc_column][vc_column width=\u00a0\u00bb1\/4&Prime;][vc_single_image image=\u00a0\u00bb32&Prime; img_size=\u00a0\u00bblarge\u00a0\u00bb alignment=\u00a0\u00bbcenter\u00a0\u00bb el_class=\u00a0\u00bbicon-exp\u00a0\u00bb][vc_column_text el_class=\u00a0\u00bbexp-title\u00a0\u00bb css=\u00a0\u00bb.vc_custom_1555016793342{margin-bottom: 0px !important;}\u00a0\u00bb]Stationnement gratuit[\/vc_column_text][vc_column_text el_class=\u00a0\u00bbexp-text\u00a0\u00bb css=\u00a0\u00bb.vc_custom_1555016802771{margin-bottom: 0px !important;}\u00a0\u00bb]Ne vous inqui\u00e9tez pas de trouver du stationnement dans notre quartier, car nous offrons un stationnement gratuit \u00e0 l\u2019int\u00e9rieur pour nos patients.[\/vc_column_text][\/vc_column][vc_column width=\u00a0\u00bb1\/4&Prime;][vc_single_image image=\u00a0\u00bb31&Prime; img_size=\u00a0\u00bblarge\u00a0\u00bb alignment=\u00a0\u00bbcenter\u00a0\u00bb el_class=\u00a0\u00bbicon-exp\u00a0\u00bb][vc_column_text el_class=\u00a0\u00bbexp-title\u00a0\u00bb css=\u00a0\u00bb.vc_custom_1555016810668{margin-bottom: 0px !important;}\u00a0\u00bb]Netflix dans chaque salle[\/vc_column_text][vc_column_text el_class=\u00a0\u00bbexp-text\u00a0\u00bb css=\u00a0\u00bb.vc_custom_1555016817514{margin-bottom: 0px !important;}\u00a0\u00bb]Tout en prenant soin de votre hygi\u00e8ne dentaire, vous pouvez vous d\u00e9tendre et regarder vos programmes pr\u00e9f\u00e9r\u00e9s sur Netflix.[\/vc_column_text][\/vc_column][vc_column width=\u00a0\u00bb1\/4&Prime;][vc_single_image image=\u00a0\u00bb30&Prime; img_size=\u00a0\u00bblarge\u00a0\u00bb alignment=\u00a0\u00bbcenter\u00a0\u00bb el_class=\u00a0\u00bbicon-exp\u00a0\u00bb][vc_column_text el_class=\u00a0\u00bbexp-title\u00a0\u00bb css=\u00a0\u00bb.vc_custom_1555016825678{margin-bottom: 0px !important;}\u00a0\u00bb]Trousse dentaire gratuite[\/vc_column_text][vc_column_text el_class=\u00a0\u00bbexp-text\u00a0\u00bb css=\u00a0\u00bb.vc_custom_1555016831765{margin-bottom: 0px !important;}\u00a0\u00bb]Chaque nouveau patient re\u00e7oit gratuitement un trousse d\u2019hygi\u00e8ne dentaire comprenant une brosse \u00e0 dents aliment\u00e9e par batterie.[\/vc_column_text][\/vc_column][\/vc_row][vc_row css=\u00a0\u00bb.vc_custom_1553103042850{margin-top: 50px !important;}\u00a0\u00bb][vc_column]\n\t\t\t<!-- START appointment REVOLUTION SLIDER 6.7.34 --><p class=\"rs-p-wp-fix\"><\/p>\n\t\t\t<rs-module-wrap id=\"rev_slider_2_2_wrapper\" data-source=\"gallery\" style=\"visibility:hidden;background:transparent;padding:0;margin:0px auto;margin-top:0;margin-bottom:0;\">\n\t\t\t\t<rs-module id=\"rev_slider_2_2\" style=\"\" data-version=\"6.7.34\">\n\t\t\t\t\t<rs-slides style=\"overflow: hidden; position: absolute;\">\n\t\t\t\t\t\t<rs-slide style=\"position: absolute;\" data-key=\"rs-11\" data-title=\"Slide\" data-anim=\"adpr:false;\">\n\t\t\t\t\t\t\t<img wpfc-lazyload-disable=\"true\" decoding=\"async\" src=\"\/\/mag-dent.com\/wp-content\/plugins\/revslider\/sr6\/assets\/assets\/dummy.png\" alt=\"\" title=\"Dents Manquantes\" class=\"rev-slidebg tp-rs-img rs-lazyload\" data-lazyload=\"\/\/mag-dent.com\/wp-content\/uploads\/2019\/03\/cta-bottom.jpg\" data-parallax=\"3\" data-no-retina>\n<!--\n\t\t\t\t\t\t\t--><rs-layer\n\t\t\t\t\t\t\t\tid=\"slider-2-slide-11-layer-1\" \n\t\t\t\t\t\t\t\tdata-type=\"text\"\n\t\t\t\t\t\t\t\tdata-rsp_ch=\"on\"\n\t\t\t\t\t\t\t\tdata-xy=\"x:c;xo:1px;y:m;yo:-19px,-19px,-19px,19px;\"\n\t\t\t\t\t\t\t\tdata-text=\"w:normal;s:37,37,31,22;l:54,54,54,34;fw:500;a:center;\"\n\t\t\t\t\t\t\t\tdata-dim=\"w:835px,835px,685px,427px;h:109px,109px,auto,auto;\"\n\t\t\t\t\t\t\t\tdata-frame_0=\"tp:600;\"\n\t\t\t\t\t\t\t\tdata-frame_1=\"tp:600;st:300;sp:710;sR:300;\"\n\t\t\t\t\t\t\t\tdata-frame_999=\"o:0;tp:600;st:w;sR:7990;\"\n\t\t\t\t\t\t\t\tstyle=\"z-index:5;font-family:'Montserrat';\"\n\t\t\t\t\t\t\t>Vous pouvez nous appeler au 514-738-2143 pour prendre rendez-vous.\n \n\t\t\t\t\t\t\t<\/rs-layer><!--\n\n\t\t\t\t\t\t\t--><rs-layer\n\t\t\t\t\t\t\t\tid=\"slider-2-slide-11-layer-4\" \n\t\t\t\t\t\t\t\tclass=\"rev-btn\"\n\t\t\t\t\t\t\t\tdata-type=\"button\"\n\t\t\t\t\t\t\t\tdata-color=\"#aaaf75\"\n\t\t\t\t\t\t\t\tdata-xy=\"x:c;yo:309px,309px,309px,379px;\"\n\t\t\t\t\t\t\t\tdata-text=\"s:19;l:17;fw:700;a:inherit;\"\n\t\t\t\t\t\t\t\tdata-actions='o:click;a:simplelink;target:_self;url:https:\/\/mag-dent.com\/fr\/contact-us\/;'\n\t\t\t\t\t\t\t\tdata-rsp_bd=\"off\"\n\t\t\t\t\t\t\t\tdata-padding=\"t:16;r:50;b:16;l:50;\"\n\t\t\t\t\t\t\t\tdata-border=\"bor:30px,30px,30px,30px;\"\n\t\t\t\t\t\t\t\tdata-frame_0=\"tp:600;\"\n\t\t\t\t\t\t\t\tdata-frame_1=\"tp:600;st:0;\"\n\t\t\t\t\t\t\t\tdata-frame_999=\"o:0;tp:600;st:w;sR:8700;\"\n\t\t\t\t\t\t\t\tdata-frame_hover=\"c:#b0b579;bgc:#efefef;boc:#000;bor:30px,30px,30px,30px;bos:solid;oX:50;oY:50;sp:0;e:none;\"\n\t\t\t\t\t\t\t\tstyle=\"z-index:6;background-color:#ffffff;font-family:'Montserrat';cursor:pointer;outline:none;box-shadow:none;box-sizing:border-box;-moz-box-sizing:border-box;-webkit-box-sizing:border-box;\"\n\t\t\t\t\t\t\t>Demande de rendez-vous \n\t\t\t\t\t\t\t<\/rs-layer><!--\n-->\t\t\t\t\t<\/rs-slide>\n\t\t\t\t\t<\/rs-slides>\n\t\t\t\t<\/rs-module>\n\t\t\t\t<script>\n\t\t\t\t\tsetREVStartSize({c: 'rev_slider_2_2',rl:[1240,1024,778,480],el:[],gw:[1240,1024,778,480],gh:[450,450,450,600],type:'hero',justify:'',layout:'fullwidth',mh:\"0\"});if (window.RS_MODULES!==undefined && window.RS_MODULES.modules!==undefined && window.RS_MODULES.modules[\"revslider22\"]!==undefined) {window.RS_MODULES.modules[\"revslider22\"].once = false;window.revapi2 = undefined;if (window.RS_MODULES.checkMinimal!==undefined) window.RS_MODULES.checkMinimal()}\n\t\t\t\t<\/script>\n\t\t\t<\/rs-module-wrap>\n\t\t\t<!-- END REVOLUTION SLIDER -->\n[\/vc_column][\/vc_row]\n<\/div>","protected":false},"excerpt":{"rendered":"<p>[vc_row][vc_column][\/vc_column][\/vc_row][vc_row fullwidth=\u00a0\u00bbtrue\u00a0\u00bb equal_columns=\u00a0\u00bbtrue\u00a0\u00bb attached=\u00a0\u00bbtrue\u00a0\u00bb el_class=\u00a0\u00bbsec-container\u00a0\u00bb][vc_column width=\u00a0\u00bb1\/2&Prime; css=\u00a0\u00bb.vc_custom_1553808209624{padding-top: 5% !important;padding-right: 5% !important;padding-bottom: 5% !important;padding-left: 5% !important;background-color: #b0b579 !important;}\u00a0\u00bb offset=\u00a0\u00bbvc_hidden-sm vc_hidden-xs\u00a0\u00bb][vc_column_text css=\u00a0\u00bb.vc_custom_1555016685998{margin-bottom: 0px !important;}\u00a0\u00bb] Proth\u00e8ses amovibles (dentiers) [\/vc_column_text][vc_column_text el_class=\u00a0\u00bbtext-sec\u00a0\u00bb css=\u00a0\u00bb.vc_custom_1555016701064{margin-bottom: 0px !important;}\u00a0\u00bb]Si vous portez la m\u00eame proth\u00e8se dentaire (dentier) depuis plusieurs ann\u00e9es sans que celle-ci ait \u00e9t\u00e9 examin\u00e9e par votre professionnel dentaire, vous exposez votre sant\u00e9 \u00e0 [&hellip;]<\/p>\n","protected":false},"author":1,"featured_media":0,"parent":0,"menu_order":0,"comment_status":"closed","ping_status":"closed","template":"","meta":{"footnotes":""},"class_list":["post-469","page","type-page","status-publish","hentry"],"yoast_head":"<!-- This site is optimized with the Yoast SEO plugin v27.2 - https:\/\/yoast.com\/product\/yoast-seo-wordpress\/ -->\n<title>Dents Manquantes - Centre Dentaire Mag-Dent - implants dentaires<\/title>\n<meta name=\"description\" content=\"Proth\u00e8ses amovibles (dentiers), Implants et les Proth\u00e8ses dentaires fixes surimplants (All-on-4\u00a9) sont de solutions a dents manquantes\" \/>\n<meta name=\"robots\" content=\"index, follow, max-snippet:-1, max-image-preview:large, max-video-preview:-1\" \/>\n<link rel=\"canonical\" href=\"https:\/\/mag-dent.com\/fr\/dents-manquantes\/\" \/>\n<meta property=\"og:locale\" content=\"fr_FR\" \/>\n<meta property=\"og:type\" content=\"article\" \/>\n<meta property=\"og:title\" content=\"Dents Manquantes - Centre Dentaire Mag-Dent - implants dentaires\" \/>\n<meta property=\"og:description\" content=\"Proth\u00e8ses amovibles (dentiers), Implants et les Proth\u00e8ses dentaires fixes surimplants (All-on-4\u00a9) sont de solutions a dents manquantes\" \/>\n<meta property=\"og:url\" content=\"https:\/\/mag-dent.com\/fr\/dents-manquantes\/\" \/>\n<meta property=\"og:site_name\" content=\"Centre Dentaire Mag-Dent\" \/>\n<meta property=\"article:modified_time\" content=\"2021-01-19T21:35:57+00:00\" \/>\n<meta name=\"twitter:card\" content=\"summary_large_image\" \/>\n<meta name=\"twitter:label1\" content=\"Dur\u00e9e de lecture estim\u00e9e\" \/>\n\t<meta name=\"twitter:data1\" content=\"6 minutes\" \/>\n<script type=\"application\/ld+json\" class=\"yoast-schema-graph\">{\"@context\":\"https:\/\/schema.org\",\"@graph\":[{\"@type\":\"WebPage\",\"@id\":\"https:\/\/mag-dent.com\/fr\/dents-manquantes\/\",\"url\":\"https:\/\/mag-dent.com\/fr\/dents-manquantes\/\",\"name\":\"Dents Manquantes - Centre Dentaire Mag-Dent - implants dentaires\",\"isPartOf\":{\"@id\":\"https:\/\/mag-dent.com\/#website\"},\"datePublished\":\"2019-03-28T21:13:57+00:00\",\"dateModified\":\"2021-01-19T21:35:57+00:00\",\"description\":\"Proth\u00e8ses amovibles (dentiers), Implants et les Proth\u00e8ses dentaires fixes surimplants (All-on-4\u00a9) sont de solutions a dents manquantes\",\"breadcrumb\":{\"@id\":\"https:\/\/mag-dent.com\/fr\/dents-manquantes\/#breadcrumb\"},\"inLanguage\":\"fr-FR\",\"potentialAction\":[{\"@type\":\"ReadAction\",\"target\":[\"https:\/\/mag-dent.com\/fr\/dents-manquantes\/\"]}]},{\"@type\":\"BreadcrumbList\",\"@id\":\"https:\/\/mag-dent.com\/fr\/dents-manquantes\/#breadcrumb\",\"itemListElement\":[{\"@type\":\"ListItem\",\"position\":1,\"name\":\"Home\",\"item\":\"https:\/\/mag-dent.com\/\"},{\"@type\":\"ListItem\",\"position\":2,\"name\":\"Dents Manquantes\"}]},{\"@type\":\"WebSite\",\"@id\":\"https:\/\/mag-dent.com\/#website\",\"url\":\"https:\/\/mag-dent.com\/\",\"name\":\"Centre Dentaire Mag-Dent\",\"description\":\"Offrant une dentisterie esth\u00e9tique g\u00e9n\u00e9rale et avanc\u00e9e, le Dr. Faraj Hanna A. et son \u00e9quipe sont des experts dans leur domaine.\",\"potentialAction\":[{\"@type\":\"SearchAction\",\"target\":{\"@type\":\"EntryPoint\",\"urlTemplate\":\"https:\/\/mag-dent.com\/?s={search_term_string}\"},\"query-input\":{\"@type\":\"PropertyValueSpecification\",\"valueRequired\":true,\"valueName\":\"search_term_string\"}}],\"inLanguage\":\"fr-FR\"}]}<\/script>\n<!-- \/ Yoast SEO plugin. -->","yoast_head_json":{"title":"Dents Manquantes - Centre Dentaire Mag-Dent - implants dentaires","description":"Proth\u00e8ses amovibles (dentiers), Implants et les Proth\u00e8ses dentaires fixes surimplants (All-on-4\u00a9) sont de solutions a dents manquantes","robots":{"index":"index","follow":"follow","max-snippet":"max-snippet:-1","max-image-preview":"max-image-preview:large","max-video-preview":"max-video-preview:-1"},"canonical":"https:\/\/mag-dent.com\/fr\/dents-manquantes\/","og_locale":"fr_FR","og_type":"article","og_title":"Dents Manquantes - Centre Dentaire Mag-Dent - implants dentaires","og_description":"Proth\u00e8ses amovibles (dentiers), Implants et les Proth\u00e8ses dentaires fixes surimplants (All-on-4\u00a9) sont de solutions a dents manquantes","og_url":"https:\/\/mag-dent.com\/fr\/dents-manquantes\/","og_site_name":"Centre Dentaire Mag-Dent","article_modified_time":"2021-01-19T21:35:57+00:00","twitter_card":"summary_large_image","twitter_misc":{"Dur\u00e9e de lecture estim\u00e9e":"6 minutes"},"schema":{"@context":"https:\/\/schema.org","@graph":[{"@type":"WebPage","@id":"https:\/\/mag-dent.com\/fr\/dents-manquantes\/","url":"https:\/\/mag-dent.com\/fr\/dents-manquantes\/","name":"Dents Manquantes - Centre Dentaire Mag-Dent - implants dentaires","isPartOf":{"@id":"https:\/\/mag-dent.com\/#website"},"datePublished":"2019-03-28T21:13:57+00:00","dateModified":"2021-01-19T21:35:57+00:00","description":"Proth\u00e8ses amovibles (dentiers), Implants et les Proth\u00e8ses dentaires fixes surimplants (All-on-4\u00a9) sont de solutions a dents manquantes","breadcrumb":{"@id":"https:\/\/mag-dent.com\/fr\/dents-manquantes\/#breadcrumb"},"inLanguage":"fr-FR","potentialAction":[{"@type":"ReadAction","target":["https:\/\/mag-dent.com\/fr\/dents-manquantes\/"]}]},{"@type":"BreadcrumbList","@id":"https:\/\/mag-dent.com\/fr\/dents-manquantes\/#breadcrumb","itemListElement":[{"@type":"ListItem","position":1,"name":"Home","item":"https:\/\/mag-dent.com\/"},{"@type":"ListItem","position":2,"name":"Dents Manquantes"}]},{"@type":"WebSite","@id":"https:\/\/mag-dent.com\/#website","url":"https:\/\/mag-dent.com\/","name":"Centre Dentaire Mag-Dent","description":"Offrant une dentisterie esth\u00e9tique g\u00e9n\u00e9rale et avanc\u00e9e, le Dr. Faraj Hanna A. et son \u00e9quipe sont des experts dans leur domaine.","potentialAction":[{"@type":"SearchAction","target":{"@type":"EntryPoint","urlTemplate":"https:\/\/mag-dent.com\/?s={search_term_string}"},"query-input":{"@type":"PropertyValueSpecification","valueRequired":true,"valueName":"search_term_string"}}],"inLanguage":"fr-FR"}]}},"_links":{"self":[{"href":"https:\/\/mag-dent.com\/fr\/wp-json\/wp\/v2\/pages\/469","targetHints":{"allow":["GET"]}}],"collection":[{"href":"https:\/\/mag-dent.com\/fr\/wp-json\/wp\/v2\/pages"}],"about":[{"href":"https:\/\/mag-dent.com\/fr\/wp-json\/wp\/v2\/types\/page"}],"author":[{"embeddable":true,"href":"https:\/\/mag-dent.com\/fr\/wp-json\/wp\/v2\/users\/1"}],"replies":[{"embeddable":true,"href":"https:\/\/mag-dent.com\/fr\/wp-json\/wp\/v2\/comments?post=469"}],"version-history":[{"count":9,"href":"https:\/\/mag-dent.com\/fr\/wp-json\/wp\/v2\/pages\/469\/revisions"}],"predecessor-version":[{"id":601,"href":"https:\/\/mag-dent.com\/fr\/wp-json\/wp\/v2\/pages\/469\/revisions\/601"}],"wp:attachment":[{"href":"https:\/\/mag-dent.com\/fr\/wp-json\/wp\/v2\/media?parent=469"}],"curies":[{"name":"wp","href":"https:\/\/api.w.org\/{rel}","templated":true}]}}