{"id":463,"date":"2019-04-11T16:54:17","date_gmt":"2019-04-11T20:54:17","guid":{"rendered":"https:\/\/mag-dent.com\/?page_id=463"},"modified":"2019-10-15T14:10:43","modified_gmt":"2019-10-15T18:10:43","slug":"hygiene-dentaire","status":"publish","type":"page","link":"https:\/\/mag-dent.com\/fr\/hygiene-dentaire\/","title":{"rendered":"Hygi\u00e8ne dentaire"},"content":{"rendered":"<div class=\"wpb-content-wrapper\">[vc_row][vc_column]\n\t\t\t<!-- START dentalhygiene REVOLUTION SLIDER 6.7.34 --><p class=\"rs-p-wp-fix\"><\/p>\n\t\t\t<rs-module-wrap id=\"rev_slider_7_1_wrapper\" data-source=\"gallery\" style=\"visibility:hidden;background:transparent;padding:0;margin:0px auto;margin-top:0;margin-bottom:0;\">\n\t\t\t\t<rs-module id=\"rev_slider_7_1\" style=\"\" data-version=\"6.7.34\">\n\t\t\t\t\t<rs-slides style=\"overflow: hidden; position: absolute;\">\n\t\t\t\t\t\t<rs-slide style=\"position: absolute;\" data-key=\"rs-14\" data-title=\"Slide\" data-anim=\"adpr:false;\">\n\t\t\t\t\t\t\t<img wpfc-lazyload-disable=\"true\" decoding=\"async\" src=\"\/\/mag-dent.com\/wp-content\/plugins\/revslider\/sr6\/assets\/assets\/dummy.png\" alt=\"\" title=\"Hygi\u00e8ne dentaire\" class=\"rev-slidebg tp-rs-img rs-lazyload\" data-lazyload=\"\/\/mag-dent.com\/wp-content\/uploads\/2019\/04\/dentalhygiene-1.jpg\" data-parallax=\"3\" data-no-retina>\n<!--\n\t\t\t\t\t\t\t--><rs-layer\n\t\t\t\t\t\t\t\tid=\"slider-7-slide-14-layer-1\" \n\t\t\t\t\t\t\t\tdata-type=\"text\"\n\t\t\t\t\t\t\t\tdata-color=\"#aaaf75\"\n\t\t\t\t\t\t\t\tdata-rsp_ch=\"on\"\n\t\t\t\t\t\t\t\tdata-xy=\"x:l,l,l,c;xo:40px,68px,71px,0;yo:126px,125px,134px,161px;\"\n\t\t\t\t\t\t\t\tdata-text=\"w:normal;s:65,52,42,48;l:72,57,57,52;fw:300;a:inherit,inherit,inherit,center;\"\n\t\t\t\t\t\t\t\tdata-dim=\"w:571px,469px,370px,461px;h:auto,auto,auto,106px;\"\n\t\t\t\t\t\t\t\tdata-frame_0=\"tp:600;\"\n\t\t\t\t\t\t\t\tdata-frame_1=\"tp:600;st:300;sp:710;sR:300;\"\n\t\t\t\t\t\t\t\tdata-frame_999=\"o:0;tp:600;st:w;sR:7990;\"\n\t\t\t\t\t\t\t\tstyle=\"z-index:5;font-family:'Montserrat';\"\n\t\t\t\t\t\t\t>Hygi\u00e8ne dentaire \n \n\t\t\t\t\t\t\t<\/rs-layer><!--\n\n\t\t\t\t\t\t\t--><rs-layer\n\t\t\t\t\t\t\t\tid=\"slider-7-slide-14-layer-2\" \n\t\t\t\t\t\t\t\tdata-type=\"text\"\n\t\t\t\t\t\t\t\tdata-color=\"#414042\"\n\t\t\t\t\t\t\t\tdata-rsp_ch=\"on\"\n\t\t\t\t\t\t\t\tdata-xy=\"x:l,l,l,c;xo:46px,71px,70px,0;yo:214px,195px,206px,237px;\"\n\t\t\t\t\t\t\t\tdata-text=\"w:normal;s:22,22,22,24;l:28;fw:300;a:inherit,inherit,inherit,center;\"\n\t\t\t\t\t\t\t\tdata-dim=\"w:527px,394px,425px,448px;h:114px,143px,auto,161px;\"\n\t\t\t\t\t\t\t\tdata-frame_0=\"tp:600;\"\n\t\t\t\t\t\t\t\tdata-frame_1=\"tp:600;st:350;sp:720;sR:350;\"\n\t\t\t\t\t\t\t\tdata-frame_999=\"o:0;tp:600;st:w;sR:7930;\"\n\t\t\t\t\t\t\t\tstyle=\"z-index:6;font-family:'Lato';\"\n\t\t\t\t\t\t\t>Notre but est de vous aider \u00e0 atteindre et \u00e0 maintenir une bonne sant\u00e9 buccale. C\u2019est pourquoi nous voulons travailler avec vous pour vous donner les moyens de conserver vos dents toute votre vie. \n\t\t\t\t\t\t\t<\/rs-layer><!--\n-->\t\t\t\t\t<\/rs-slide>\n\t\t\t\t\t<\/rs-slides>\n\t\t\t\t<\/rs-module>\n\t\t\t\t<script>\n\t\t\t\t\tsetREVStartSize({c: 'rev_slider_7_1',rl:[1240,1024,778,480],el:[],gw:[1200,1024,778,480],gh:[450,450,450,600],type:'hero',justify:'',layout:'fullwidth',mh:\"0\"});if (window.RS_MODULES!==undefined && window.RS_MODULES.modules!==undefined && window.RS_MODULES.modules[\"revslider71\"]!==undefined) {window.RS_MODULES.modules[\"revslider71\"].once = false;window.revapi7 = undefined;if (window.RS_MODULES.checkMinimal!==undefined) window.RS_MODULES.checkMinimal()}\n\t\t\t\t<\/script>\n\t\t\t<\/rs-module-wrap>\n\t\t\t<!-- END REVOLUTION SLIDER -->\n[\/vc_column][\/vc_row][vc_row][vc_column][vc_column_text][\/vc_column_text][\/vc_column][\/vc_row][vc_row fullwidth=\u00a0\u00bbtrue\u00a0\u00bb equal_columns=\u00a0\u00bbtrue\u00a0\u00bb attached=\u00a0\u00bbtrue\u00a0\u00bb el_class=\u00a0\u00bbsec-container\u00a0\u00bb][vc_column width=\u00a0\u00bb1\/2&Prime; css=\u00a0\u00bb.vc_custom_1553811660342{padding-top: 7% !important;padding-right: 5% !important;padding-bottom: 7% !important;padding-left: 5% !important;background-color: #9cb67a !important;}\u00a0\u00bb][vc_column_text css=\u00a0\u00bb.vc_custom_1555015921029{margin-bottom: 0px !important;}\u00a0\u00bb]\n<div class=\"box-title-sec\">Examens dentaires<\/div>\n[\/vc_column_text][vc_column_text el_class=\u00a0\u00bbtext-sec\u00a0\u00bb css=\u00a0\u00bb.vc_custom_1571163040184{margin-bottom: 0px !important;}\u00a0\u00bb]Il existe plusieurs types d\u2019examens dentaires en fonction de vos besoins.<\/p>\n<p><strong style=\"color: #fff;\">Consultation<\/strong><br \/>\nNous offrons aux nouveaux patients d\u00e9sirant plus d\u2019informations sur une condition particuli\u00e8re une consultation \u00e0 l\u2019aide d\u2019un examen visuel. Cet examen par un de nos dentistes servira \u00e0 r\u00e9pondre \u00e0 toutes vos questions. Certains frais peuvent s&rsquo;appliquer.<\/p>\n<p><strong style=\"color: #fff;\">Examen complet<\/strong><br \/>\nUne fois les honoraires discut\u00e9s \u00e0 la consultation ou une fois l\u2019urgence trait\u00e9e, nous recommandons \u00e0 tout nouveau patient un examen complet. Selon votre situation personnelle et votre sant\u00e9 dentaire, votre examen complet comprend les services diagnostiques, pr\u00e9ventifs et \u00e9ducatifs.<\/p>\n<p><strong style=\"color: #fff;\">Examen de rappel et soins pr\u00e9ventifs (Nettoyage)<\/strong><br \/>\nUne fois que l&rsquo;\u00e9tat de sant\u00e9 dentaire d&rsquo;un patient est r\u00e9tabli, des examens r\u00e9guliers sont effectu\u00e9s afin d&rsquo;\u00e9viter que les probl\u00e8mes ne se reproduisent.[\/vc_column_text][\/vc_column][vc_column width=\u00a0\u00bb1\/2&Prime; css=\u00a0\u00bb.vc_custom_1554165767435{background-image: url(https:\/\/mag-dent.com\/wp-content\/uploads\/2019\/04\/mag-dent-dental-exam.jpg?id=300) !important;background-position: center !important;background-repeat: no-repeat !important;background-size: cover !important;}\u00a0\u00bb][\/vc_column][\/vc_row][vc_row el_class=\u00a0\u00bbboxes-container\u00a0\u00bb][vc_column][vc_row_inner][vc_column_inner el_class=\u00a0\u00bbwhite-block\u00a0\u00bb width=\u00a0\u00bb1\/2&Prime;][vc_column_text el_class=\u00a0\u00bbblock-text-white\u00a0\u00bb css=\u00a0\u00bb.vc_custom_1555016217525{margin-bottom: 0px !important;}\u00a0\u00bb]\n<p style=\"text-align: left; font-size: 26px;\">\u00ab L\u2019examen oral de routine \u00bb aussi appel\u00e9 examen p\u00e9riodique ou examen de rappel est un examen de contr\u00f4le<\/p>\n[\/vc_column_text][\/vc_column_inner][vc_column_inner el_class=\u00a0\u00bbblack-block\u00a0\u00bb width=\u00a0\u00bb1\/2&Prime;][vc_column_text el_class=\u00a0\u00bbblock-text-black\u00a0\u00bb css=\u00a0\u00bb.vc_custom_1555016243203{margin-bottom: 0px !important;}\u00a0\u00bb]Qui doit \u00eatre fait de 3 \u00e0 6 mois apr\u00e8s l\u2019examen complet selon l\u2019\u00e9tat de votre sant\u00e9 orale. Le but de cet examen est de pr\u00e9venir les caries, les maladies de gencives ou autres probl\u00e8mes dentaires qui auraient pu se d\u00e9velopper depuis la derni\u00e8re visite chez le dentiste et de revoir la fa\u00e7on dont le patient prend soin de ses dents. Cet examen est souvent accompagn\u00e9 de soins de maintien de la sant\u00e9 des gencives (d\u00e9tartrage) pour aider le patient \u00e0 garder ses dents toute sa vie.[\/vc_column_text][\/vc_column_inner][\/vc_row_inner][\/vc_column][\/vc_row][vc_row fullwidth=\u00a0\u00bbtrue\u00a0\u00bb equal_columns=\u00a0\u00bbtrue\u00a0\u00bb attached=\u00a0\u00bbtrue\u00a0\u00bb el_class=\u00a0\u00bbsec-container\u00a0\u00bb][vc_column width=\u00a0\u00bb1\/2&Prime; css=\u00a0\u00bb.vc_custom_1553811392883{background-image: url(https:\/\/mag-dent.com\/wp-content\/uploads\/2019\/03\/img-2.jpg?id=167) !important;background-position: center !important;background-repeat: no-repeat !important;background-size: cover !important;}\u00a0\u00bb offset=\u00a0\u00bbvc_hidden-sm vc_hidden-xs\u00a0\u00bb][\/vc_column][vc_column width=\u00a0\u00bb1\/2&Prime; css=\u00a0\u00bb.vc_custom_1553808209624{padding-top: 5% !important;padding-right: 5% !important;padding-bottom: 5% !important;padding-left: 5% !important;background-color: #b0b579 !important;}\u00a0\u00bb offset=\u00a0\u00bbvc_hidden-sm vc_hidden-xs\u00a0\u00bb][vc_column_text css=\u00a0\u00bb.vc_custom_1555016263823{margin-bottom: 0px !important;}\u00a0\u00bb]\n<div class=\"box-title-sec\">Soins dentaires aux enfants<\/div>\n[\/vc_column_text][vc_column_text el_class=\u00a0\u00bbtext-sec\u00a0\u00bb css=\u00a0\u00bb.vc_custom_1555016282320{margin-bottom: 0px !important;}\u00a0\u00bb]L\u2019Acad\u00e9mie canadienne de dentisterie p\u00e9diatrique recommande que le premier rendez-vous chez le dentiste ait lieu lorsque votre enfant a 1 an. De bonnes habitudes alimentaires et d\u2019hygi\u00e8ne orale vous seront recommand\u00e9es.<\/p>\n<p>Par apr\u00e8s, un examen \u00e0 tous les 6 mois permettra de d\u00e9celer pr\u00e9cocement tout petit probl\u00e8me. Le d\u00e9tartrage, prophylaxie (nettoyage) et l\u2019application de substance anti-cariog\u00e8ne sont sugg\u00e9r\u00e9s d\u00e8s l\u2019\u00e2ge de 3 ans pour pr\u00e9venir la carie et la gingivite.<\/p>\n<p>Lors de ces visites, le dentiste et l\u2019hygi\u00e9niste dentaire s\u2019assureront d\u2019\u00e9tablir un lien de confiance avec votre enfant et veilleront \u00e0 examiner ses dents et revoir avec vous ainsi qu\u2019avec votre enfant les techniques du brossage et de la soie dentaire.<br \/>\n[\/vc_column_text][\/vc_column][\/vc_row][vc_row equal_columns=\u00a0\u00bbtrue\u00a0\u00bb css=\u00a0\u00bb.vc_custom_1553469030774{margin-top: 50px !important;}\u00a0\u00bb][vc_column][vc_column_text el_class=\u00a0\u00bbtitle-main\u00a0\u00bb css=\u00a0\u00bb.vc_custom_1555016310551{margin-bottom: 0px !important;}\u00a0\u00bb]\n<h2 style=\"text-align: center;\">L&rsquo;exp\u00e9rience Mag-Dent<\/h2>\n[\/vc_column_text][\/vc_column][\/vc_row][vc_row css=\u00a0\u00bb.vc_custom_1553091209091{margin-top: 50px !important;}\u00a0\u00bb][vc_column width=\u00a0\u00bb1\/4&Prime;][vc_single_image image=\u00a0\u00bb33&Prime; img_size=\u00a0\u00bblarge\u00a0\u00bb alignment=\u00a0\u00bbcenter\u00a0\u00bb el_class=\u00a0\u00bbicon-exp\u00a0\u00bb][vc_column_text el_class=\u00a0\u00bbexp-title\u00a0\u00bb css=\u00a0\u00bb.vc_custom_1555016319814{margin-bottom: 0px !important;}\u00a0\u00bb]Horaire Flexible[\/vc_column_text][vc_column_text el_class=\u00a0\u00bbexp-text\u00a0\u00bb css=\u00a0\u00bb.vc_custom_1555016328943{margin-bottom: 0px !important;}\u00a0\u00bb]Nous avons des heures de rendez-vous flexibles pour r\u00e9pondre \u00e0 votre horaire charg\u00e9.[\/vc_column_text][\/vc_column][vc_column width=\u00a0\u00bb1\/4&Prime;][vc_single_image image=\u00a0\u00bb32&Prime; img_size=\u00a0\u00bblarge\u00a0\u00bb alignment=\u00a0\u00bbcenter\u00a0\u00bb el_class=\u00a0\u00bbicon-exp\u00a0\u00bb][vc_column_text el_class=\u00a0\u00bbexp-title\u00a0\u00bb css=\u00a0\u00bb.vc_custom_1555016338000{margin-bottom: 0px !important;}\u00a0\u00bb]Stationnement gratuit[\/vc_column_text][vc_column_text el_class=\u00a0\u00bbexp-text\u00a0\u00bb css=\u00a0\u00bb.vc_custom_1555016366006{margin-bottom: 0px !important;}\u00a0\u00bb]Ne vous inqui\u00e9tez pas de trouver du stationnement dans notre quartier, car nous offrons un stationnement gratuit \u00e0 l\u2019int\u00e9rieur pour nos patients.[\/vc_column_text][\/vc_column][vc_column width=\u00a0\u00bb1\/4&Prime;][vc_single_image image=\u00a0\u00bb31&Prime; img_size=\u00a0\u00bblarge\u00a0\u00bb alignment=\u00a0\u00bbcenter\u00a0\u00bb el_class=\u00a0\u00bbicon-exp\u00a0\u00bb][vc_column_text el_class=\u00a0\u00bbexp-title\u00a0\u00bb css=\u00a0\u00bb.vc_custom_1555016378269{margin-bottom: 0px !important;}\u00a0\u00bb]Netflix dans chaque salle[\/vc_column_text][vc_column_text el_class=\u00a0\u00bbexp-text\u00a0\u00bb css=\u00a0\u00bb.vc_custom_1555016385277{margin-bottom: 0px !important;}\u00a0\u00bb]Tout en prenant soin de votre hygi\u00e8ne dentaire, vous pouvez vous d\u00e9tendre et regarder vos programmes pr\u00e9f\u00e9r\u00e9s sur Netflix.[\/vc_column_text][\/vc_column][vc_column width=\u00a0\u00bb1\/4&Prime;][vc_single_image image=\u00a0\u00bb30&Prime; img_size=\u00a0\u00bblarge\u00a0\u00bb alignment=\u00a0\u00bbcenter\u00a0\u00bb el_class=\u00a0\u00bbicon-exp\u00a0\u00bb][vc_column_text el_class=\u00a0\u00bbexp-title\u00a0\u00bb css=\u00a0\u00bb.vc_custom_1555016395717{margin-bottom: 0px !important;}\u00a0\u00bb]Trousse dentaire gratuite[\/vc_column_text][vc_column_text el_class=\u00a0\u00bbexp-text\u00a0\u00bb css=\u00a0\u00bb.vc_custom_1555016403893{margin-bottom: 0px !important;}\u00a0\u00bb]Chaque nouveau patient re\u00e7oit gratuitement un trousse d\u2019hygi\u00e8ne dentaire comprenant une brosse \u00e0 dents aliment\u00e9e par batterie.[\/vc_column_text][\/vc_column][\/vc_row][vc_row css=\u00a0\u00bb.vc_custom_1553103042850{margin-top: 50px !important;}\u00a0\u00bb][vc_column]\n\t\t\t<!-- START appointment REVOLUTION SLIDER 6.7.34 --><p class=\"rs-p-wp-fix\"><\/p>\n\t\t\t<rs-module-wrap id=\"rev_slider_2_2_wrapper\" data-source=\"gallery\" style=\"visibility:hidden;background:transparent;padding:0;margin:0px auto;margin-top:0;margin-bottom:0;\">\n\t\t\t\t<rs-module id=\"rev_slider_2_2\" style=\"\" data-version=\"6.7.34\">\n\t\t\t\t\t<rs-slides style=\"overflow: hidden; position: absolute;\">\n\t\t\t\t\t\t<rs-slide style=\"position: absolute;\" data-key=\"rs-11\" data-title=\"Slide\" data-anim=\"adpr:false;\">\n\t\t\t\t\t\t\t<img wpfc-lazyload-disable=\"true\" decoding=\"async\" src=\"\/\/mag-dent.com\/wp-content\/plugins\/revslider\/sr6\/assets\/assets\/dummy.png\" alt=\"\" title=\"Hygi\u00e8ne dentaire\" class=\"rev-slidebg tp-rs-img rs-lazyload\" data-lazyload=\"\/\/mag-dent.com\/wp-content\/uploads\/2019\/03\/cta-bottom.jpg\" data-parallax=\"3\" data-no-retina>\n<!--\n\t\t\t\t\t\t\t--><rs-layer\n\t\t\t\t\t\t\t\tid=\"slider-2-slide-11-layer-1\" \n\t\t\t\t\t\t\t\tdata-type=\"text\"\n\t\t\t\t\t\t\t\tdata-rsp_ch=\"on\"\n\t\t\t\t\t\t\t\tdata-xy=\"x:c;xo:1px;y:m;yo:-19px,-19px,-19px,19px;\"\n\t\t\t\t\t\t\t\tdata-text=\"w:normal;s:37,37,31,22;l:54,54,54,34;fw:500;a:center;\"\n\t\t\t\t\t\t\t\tdata-dim=\"w:835px,835px,685px,427px;h:109px,109px,auto,auto;\"\n\t\t\t\t\t\t\t\tdata-frame_0=\"tp:600;\"\n\t\t\t\t\t\t\t\tdata-frame_1=\"tp:600;st:300;sp:710;sR:300;\"\n\t\t\t\t\t\t\t\tdata-frame_999=\"o:0;tp:600;st:w;sR:7990;\"\n\t\t\t\t\t\t\t\tstyle=\"z-index:5;font-family:'Montserrat';\"\n\t\t\t\t\t\t\t>Vous pouvez nous appeler au 514-738-2143 pour prendre rendez-vous.\n \n\t\t\t\t\t\t\t<\/rs-layer><!--\n\n\t\t\t\t\t\t\t--><rs-layer\n\t\t\t\t\t\t\t\tid=\"slider-2-slide-11-layer-4\" \n\t\t\t\t\t\t\t\tclass=\"rev-btn\"\n\t\t\t\t\t\t\t\tdata-type=\"button\"\n\t\t\t\t\t\t\t\tdata-color=\"#aaaf75\"\n\t\t\t\t\t\t\t\tdata-xy=\"x:c;yo:309px,309px,309px,379px;\"\n\t\t\t\t\t\t\t\tdata-text=\"s:19;l:17;fw:700;a:inherit;\"\n\t\t\t\t\t\t\t\tdata-actions='o:click;a:simplelink;target:_self;url:https:\/\/mag-dent.com\/fr\/contact-us\/;'\n\t\t\t\t\t\t\t\tdata-rsp_bd=\"off\"\n\t\t\t\t\t\t\t\tdata-padding=\"t:16;r:50;b:16;l:50;\"\n\t\t\t\t\t\t\t\tdata-border=\"bor:30px,30px,30px,30px;\"\n\t\t\t\t\t\t\t\tdata-frame_0=\"tp:600;\"\n\t\t\t\t\t\t\t\tdata-frame_1=\"tp:600;st:0;\"\n\t\t\t\t\t\t\t\tdata-frame_999=\"o:0;tp:600;st:w;sR:8700;\"\n\t\t\t\t\t\t\t\tdata-frame_hover=\"c:#b0b579;bgc:#efefef;boc:#000;bor:30px,30px,30px,30px;bos:solid;oX:50;oY:50;sp:0;e:none;\"\n\t\t\t\t\t\t\t\tstyle=\"z-index:6;background-color:#ffffff;font-family:'Montserrat';cursor:pointer;outline:none;box-shadow:none;box-sizing:border-box;-moz-box-sizing:border-box;-webkit-box-sizing:border-box;\"\n\t\t\t\t\t\t\t>Demande de rendez-vous \n\t\t\t\t\t\t\t<\/rs-layer><!--\n-->\t\t\t\t\t<\/rs-slide>\n\t\t\t\t\t<\/rs-slides>\n\t\t\t\t<\/rs-module>\n\t\t\t\t<script>\n\t\t\t\t\tsetREVStartSize({c: 'rev_slider_2_2',rl:[1240,1024,778,480],el:[],gw:[1240,1024,778,480],gh:[450,450,450,600],type:'hero',justify:'',layout:'fullwidth',mh:\"0\"});if (window.RS_MODULES!==undefined && window.RS_MODULES.modules!==undefined && window.RS_MODULES.modules[\"revslider22\"]!==undefined) {window.RS_MODULES.modules[\"revslider22\"].once = false;window.revapi2 = undefined;if (window.RS_MODULES.checkMinimal!==undefined) window.RS_MODULES.checkMinimal()}\n\t\t\t\t<\/script>\n\t\t\t<\/rs-module-wrap>\n\t\t\t<!-- END REVOLUTION SLIDER -->\n[\/vc_column][\/vc_row]\n<\/div>","protected":false},"excerpt":{"rendered":"<p>[vc_row][vc_column][\/vc_column][\/vc_row][vc_row][vc_column][vc_column_text][\/vc_column_text][\/vc_column][\/vc_row][vc_row fullwidth=\u00a0\u00bbtrue\u00a0\u00bb equal_columns=\u00a0\u00bbtrue\u00a0\u00bb attached=\u00a0\u00bbtrue\u00a0\u00bb el_class=\u00a0\u00bbsec-container\u00a0\u00bb][vc_column width=\u00a0\u00bb1\/2&Prime; css=\u00a0\u00bb.vc_custom_1553811660342{padding-top: 7% !important;padding-right: 5% !important;padding-bottom: 7% !important;padding-left: 5% !important;background-color: #9cb67a !important;}\u00a0\u00bb][vc_column_text css=\u00a0\u00bb.vc_custom_1555015921029{margin-bottom: 0px !important;}\u00a0\u00bb] Examens dentaires [\/vc_column_text][vc_column_text el_class=\u00a0\u00bbtext-sec\u00a0\u00bb css=\u00a0\u00bb.vc_custom_1571163040184{margin-bottom: 0px !important;}\u00a0\u00bb]Il existe plusieurs types d\u2019examens dentaires en fonction de vos besoins. Consultation Nous offrons aux nouveaux patients d\u00e9sirant plus d\u2019informations sur une condition particuli\u00e8re une consultation \u00e0 l\u2019aide d\u2019un [&hellip;]<\/p>\n","protected":false},"author":1,"featured_media":0,"parent":0,"menu_order":0,"comment_status":"closed","ping_status":"closed","template":"","meta":{"footnotes":""},"class_list":["post-463","page","type-page","status-publish","hentry"],"yoast_head":"<!-- This site is optimized with the Yoast SEO plugin v27.4 - https:\/\/yoast.com\/product\/yoast-seo-wordpress\/ -->\n<title>Hygi\u00e8ne dentaire \u00e0 Montr\u00e9al - Nettoyage dentaire et examen dentaire<\/title>\n<meta name=\"description\" content=\"Nous suivons tous les moyens n\u00e9cessaires pour garder vos dents saines et propres. Notre objectif est de vous aider \u00e0 atteindre et \u00e0 maintenir une bonne\" \/>\n<meta name=\"robots\" content=\"index, follow, max-snippet:-1, max-image-preview:large, max-video-preview:-1\" \/>\n<link rel=\"canonical\" href=\"https:\/\/mag-dent.com\/fr\/hygiene-dentaire\/\" \/>\n<meta property=\"og:locale\" content=\"fr_FR\" \/>\n<meta property=\"og:type\" content=\"article\" \/>\n<meta property=\"og:title\" content=\"Hygi\u00e8ne dentaire \u00e0 Montr\u00e9al - Nettoyage dentaire et examen dentaire\" \/>\n<meta property=\"og:description\" content=\"Nous suivons tous les moyens n\u00e9cessaires pour garder vos dents saines et propres. Notre objectif est de vous aider \u00e0 atteindre et \u00e0 maintenir une bonne\" \/>\n<meta property=\"og:url\" content=\"https:\/\/mag-dent.com\/fr\/hygiene-dentaire\/\" \/>\n<meta property=\"og:site_name\" content=\"Centre Dentaire Mag-Dent\" \/>\n<meta property=\"article:modified_time\" content=\"2019-10-15T18:10:43+00:00\" \/>\n<meta name=\"twitter:card\" content=\"summary_large_image\" \/>\n<meta name=\"twitter:label1\" content=\"Dur\u00e9e de lecture estim\u00e9e\" \/>\n\t<meta name=\"twitter:data1\" content=\"5 minutes\" \/>\n<script type=\"application\/ld+json\" class=\"yoast-schema-graph\">{\"@context\":\"https:\\\/\\\/schema.org\",\"@graph\":[{\"@type\":\"WebPage\",\"@id\":\"https:\\\/\\\/mag-dent.com\\\/fr\\\/hygiene-dentaire\\\/\",\"url\":\"https:\\\/\\\/mag-dent.com\\\/fr\\\/hygiene-dentaire\\\/\",\"name\":\"Hygi\u00e8ne dentaire \u00e0 Montr\u00e9al - Nettoyage dentaire et examen dentaire\",\"isPartOf\":{\"@id\":\"https:\\\/\\\/mag-dent.com\\\/#website\"},\"datePublished\":\"2019-04-11T20:54:17+00:00\",\"dateModified\":\"2019-10-15T18:10:43+00:00\",\"description\":\"Nous suivons tous les moyens n\u00e9cessaires pour garder vos dents saines et propres. Notre objectif est de vous aider \u00e0 atteindre et \u00e0 maintenir une bonne\",\"breadcrumb\":{\"@id\":\"https:\\\/\\\/mag-dent.com\\\/fr\\\/hygiene-dentaire\\\/#breadcrumb\"},\"inLanguage\":\"fr-FR\",\"potentialAction\":[{\"@type\":\"ReadAction\",\"target\":[\"https:\\\/\\\/mag-dent.com\\\/fr\\\/hygiene-dentaire\\\/\"]}]},{\"@type\":\"BreadcrumbList\",\"@id\":\"https:\\\/\\\/mag-dent.com\\\/fr\\\/hygiene-dentaire\\\/#breadcrumb\",\"itemListElement\":[{\"@type\":\"ListItem\",\"position\":1,\"name\":\"Home\",\"item\":\"https:\\\/\\\/mag-dent.com\\\/\"},{\"@type\":\"ListItem\",\"position\":2,\"name\":\"Hygi\u00e8ne dentaire\"}]},{\"@type\":\"WebSite\",\"@id\":\"https:\\\/\\\/mag-dent.com\\\/#website\",\"url\":\"https:\\\/\\\/mag-dent.com\\\/\",\"name\":\"Centre Dentaire Mag-Dent\",\"description\":\"Offrant une dentisterie esth\u00e9tique g\u00e9n\u00e9rale et avanc\u00e9e, le Dr. Faraj Hanna A. et son \u00e9quipe sont des experts dans leur domaine.\",\"potentialAction\":[{\"@type\":\"SearchAction\",\"target\":{\"@type\":\"EntryPoint\",\"urlTemplate\":\"https:\\\/\\\/mag-dent.com\\\/?s={search_term_string}\"},\"query-input\":{\"@type\":\"PropertyValueSpecification\",\"valueRequired\":true,\"valueName\":\"search_term_string\"}}],\"inLanguage\":\"fr-FR\"}]}<\/script>\n<!-- \/ Yoast SEO plugin. -->","yoast_head_json":{"title":"Hygi\u00e8ne dentaire \u00e0 Montr\u00e9al - Nettoyage dentaire et examen dentaire","description":"Nous suivons tous les moyens n\u00e9cessaires pour garder vos dents saines et propres. Notre objectif est de vous aider \u00e0 atteindre et \u00e0 maintenir une bonne","robots":{"index":"index","follow":"follow","max-snippet":"max-snippet:-1","max-image-preview":"max-image-preview:large","max-video-preview":"max-video-preview:-1"},"canonical":"https:\/\/mag-dent.com\/fr\/hygiene-dentaire\/","og_locale":"fr_FR","og_type":"article","og_title":"Hygi\u00e8ne dentaire \u00e0 Montr\u00e9al - Nettoyage dentaire et examen dentaire","og_description":"Nous suivons tous les moyens n\u00e9cessaires pour garder vos dents saines et propres. Notre objectif est de vous aider \u00e0 atteindre et \u00e0 maintenir une bonne","og_url":"https:\/\/mag-dent.com\/fr\/hygiene-dentaire\/","og_site_name":"Centre Dentaire Mag-Dent","article_modified_time":"2019-10-15T18:10:43+00:00","twitter_card":"summary_large_image","twitter_misc":{"Dur\u00e9e de lecture estim\u00e9e":"5 minutes"},"schema":{"@context":"https:\/\/schema.org","@graph":[{"@type":"WebPage","@id":"https:\/\/mag-dent.com\/fr\/hygiene-dentaire\/","url":"https:\/\/mag-dent.com\/fr\/hygiene-dentaire\/","name":"Hygi\u00e8ne dentaire \u00e0 Montr\u00e9al - Nettoyage dentaire et examen dentaire","isPartOf":{"@id":"https:\/\/mag-dent.com\/#website"},"datePublished":"2019-04-11T20:54:17+00:00","dateModified":"2019-10-15T18:10:43+00:00","description":"Nous suivons tous les moyens n\u00e9cessaires pour garder vos dents saines et propres. Notre objectif est de vous aider \u00e0 atteindre et \u00e0 maintenir une bonne","breadcrumb":{"@id":"https:\/\/mag-dent.com\/fr\/hygiene-dentaire\/#breadcrumb"},"inLanguage":"fr-FR","potentialAction":[{"@type":"ReadAction","target":["https:\/\/mag-dent.com\/fr\/hygiene-dentaire\/"]}]},{"@type":"BreadcrumbList","@id":"https:\/\/mag-dent.com\/fr\/hygiene-dentaire\/#breadcrumb","itemListElement":[{"@type":"ListItem","position":1,"name":"Home","item":"https:\/\/mag-dent.com\/"},{"@type":"ListItem","position":2,"name":"Hygi\u00e8ne dentaire"}]},{"@type":"WebSite","@id":"https:\/\/mag-dent.com\/#website","url":"https:\/\/mag-dent.com\/","name":"Centre Dentaire Mag-Dent","description":"Offrant une dentisterie esth\u00e9tique g\u00e9n\u00e9rale et avanc\u00e9e, le Dr. Faraj Hanna A. et son \u00e9quipe sont des experts dans leur domaine.","potentialAction":[{"@type":"SearchAction","target":{"@type":"EntryPoint","urlTemplate":"https:\/\/mag-dent.com\/?s={search_term_string}"},"query-input":{"@type":"PropertyValueSpecification","valueRequired":true,"valueName":"search_term_string"}}],"inLanguage":"fr-FR"}]}},"_links":{"self":[{"href":"https:\/\/mag-dent.com\/fr\/wp-json\/wp\/v2\/pages\/463","targetHints":{"allow":["GET"]}}],"collection":[{"href":"https:\/\/mag-dent.com\/fr\/wp-json\/wp\/v2\/pages"}],"about":[{"href":"https:\/\/mag-dent.com\/fr\/wp-json\/wp\/v2\/types\/page"}],"author":[{"embeddable":true,"href":"https:\/\/mag-dent.com\/fr\/wp-json\/wp\/v2\/users\/1"}],"replies":[{"embeddable":true,"href":"https:\/\/mag-dent.com\/fr\/wp-json\/wp\/v2\/comments?post=463"}],"version-history":[{"count":7,"href":"https:\/\/mag-dent.com\/fr\/wp-json\/wp\/v2\/pages\/463\/revisions"}],"predecessor-version":[{"id":782,"href":"https:\/\/mag-dent.com\/fr\/wp-json\/wp\/v2\/pages\/463\/revisions\/782"}],"wp:attachment":[{"href":"https:\/\/mag-dent.com\/fr\/wp-json\/wp\/v2\/media?parent=463"}],"curies":[{"name":"wp","href":"https:\/\/api.w.org\/{rel}","templated":true}]}}