{"id":1554,"date":"2024-02-01T13:55:22","date_gmt":"2024-02-01T18:55:22","guid":{"rendered":"https:\/\/mag-dent.com\/merci-pour-votre-demande\/"},"modified":"2025-12-30T11:33:57","modified_gmt":"2025-12-30T16:33:57","slug":"merci-pour-votre-demande","status":"publish","type":"page","link":"https:\/\/mag-dent.com\/fr\/merci-pour-votre-demande\/","title":{"rendered":"Merci pour votre demande."},"content":{"rendered":"\t\t<div data-elementor-type=\"wp-page\" data-elementor-id=\"1554\" class=\"elementor elementor-1554 elementor-1541\" data-elementor-post-type=\"page\">\n\t\t\t\t<div class=\"elementor-element elementor-element-ce2ceb9 e-flex e-con-boxed e-con e-parent\" data-id=\"ce2ceb9\" data-element_type=\"container\" data-e-type=\"container\" data-settings=\"{&quot;background_background&quot;:&quot;classic&quot;}\">\n\t\t\t\t\t<div class=\"e-con-inner\">\n\t\t<div class=\"elementor-element elementor-element-87f104b e-con-full e-flex e-con e-child\" data-id=\"87f104b\" data-element_type=\"container\" data-e-type=\"container\">\n\t\t\t\t<div class=\"elementor-element elementor-element-66f83e5 elementor-widget elementor-widget-heading\" data-id=\"66f83e5\" data-element_type=\"widget\" data-e-type=\"widget\" data-widget_type=\"heading.default\">\n\t\t\t\t<div class=\"elementor-widget-container\">\n\t\t\t\t\t<h2 class=\"elementor-heading-title elementor-size-default\">WE LOOK FORWARD TO SEEING YOU!<\/h2>\t\t\t\t<\/div>\n\t\t\t\t<\/div>\n\t\t\t\t<div class=\"elementor-element elementor-element-3aba95b elementor-widget elementor-widget-heading\" data-id=\"3aba95b\" data-element_type=\"widget\" data-e-type=\"widget\" data-widget_type=\"heading.default\">\n\t\t\t\t<div class=\"elementor-widget-container\">\n\t\t\t\t\t<h2 class=\"elementor-heading-title elementor-size-default\">To finalize your request, please call our front desk during our business hours. \n\t\t\t\t\t\t\t<\/h2>\t\t\t\t<\/div>\n\t\t\t\t<\/div>\n\t\t<div class=\"elementor-element elementor-element-045e0cb e-con-full e-flex e-con e-child\" data-id=\"045e0cb\" data-element_type=\"container\" data-e-type=\"container\">\n\t\t\t\t<div class=\"elementor-element elementor-element-8f6d584 elementor-widget elementor-widget-heading\" data-id=\"8f6d584\" data-element_type=\"widget\" data-e-type=\"widget\" data-widget_type=\"heading.default\">\n\t\t\t\t<div class=\"elementor-widget-container\">\n\t\t\t\t\t<h2 class=\"elementor-heading-title elementor-size-default\">Monday: 7:00 am to 3:30 pm <\/h2>\t\t\t\t<\/div>\n\t\t\t\t<\/div>\n\t\t\t\t<div class=\"elementor-element elementor-element-84bf459 elementor-widget elementor-widget-heading\" data-id=\"84bf459\" data-element_type=\"widget\" data-e-type=\"widget\" data-widget_type=\"heading.default\">\n\t\t\t\t<div class=\"elementor-widget-container\">\n\t\t\t\t\t<h2 class=\"elementor-heading-title elementor-size-default\">Tuesday: 7:00 am to 3:30 pm <\/h2>\t\t\t\t<\/div>\n\t\t\t\t<\/div>\n\t\t\t\t<div class=\"elementor-element elementor-element-a380635 elementor-widget elementor-widget-heading\" data-id=\"a380635\" data-element_type=\"widget\" data-e-type=\"widget\" data-widget_type=\"heading.default\">\n\t\t\t\t<div class=\"elementor-widget-container\">\n\t\t\t\t\t<h2 class=\"elementor-heading-title elementor-size-default\">Wednesday: 7:00 am to 3:30 pm <\/h2>\t\t\t\t<\/div>\n\t\t\t\t<\/div>\n\t\t\t\t<div class=\"elementor-element elementor-element-da30cbf elementor-widget elementor-widget-heading\" data-id=\"da30cbf\" data-element_type=\"widget\" data-e-type=\"widget\" data-widget_type=\"heading.default\">\n\t\t\t\t<div class=\"elementor-widget-container\">\n\t\t\t\t\t<h2 class=\"elementor-heading-title elementor-size-default\">Thursday: 7:00 am to 3:30 pm <\/h2>\t\t\t\t<\/div>\n\t\t\t\t<\/div>\n\t\t\t\t<\/div>\n\t\t\t\t<\/div>\n\t\t\t\t<div class=\"elementor-element elementor-element-8ed899e elementor-widget-divider--view-line elementor-widget elementor-widget-divider\" data-id=\"8ed899e\" data-element_type=\"widget\" data-e-type=\"widget\" data-widget_type=\"divider.default\">\n\t\t\t\t<div class=\"elementor-widget-container\">\n\t\t\t\t\t\t\t<div class=\"elementor-divider\">\n\t\t\t<span class=\"elementor-divider-separator\">\n\t\t\t\t\t\t<\/span>\n\t\t<\/div>\n\t\t\t\t\t\t<\/div>\n\t\t\t\t<\/div>\n\t\t<div class=\"elementor-element elementor-element-108c088 e-con-full e-flex e-con e-child\" data-id=\"108c088\" data-element_type=\"container\" data-e-type=\"container\">\n\t\t\t\t<div class=\"elementor-element elementor-element-88f9b02 elementor-widget elementor-widget-heading\" data-id=\"88f9b02\" data-element_type=\"widget\" data-e-type=\"widget\" data-widget_type=\"heading.default\">\n\t\t\t\t<div class=\"elementor-widget-container\">\n\t\t\t\t\t<h2 class=\"elementor-heading-title elementor-size-default\">NOUS AVONS H\u00c2TE DE VOUS VOIR !<\/h2>\t\t\t\t<\/div>\n\t\t\t\t<\/div>\n\t\t\t\t<div class=\"elementor-element elementor-element-398b334 elementor-widget elementor-widget-heading\" data-id=\"398b334\" data-element_type=\"widget\" data-e-type=\"widget\" data-widget_type=\"heading.default\">\n\t\t\t\t<div class=\"elementor-widget-container\">\n\t\t\t\t\t<h2 class=\"elementor-heading-title elementor-size-default\">Pour finaliser votre demande, veuillez appeler notre r\u00e9ception pendant nos heures d\u2019ouverture : \n<\/h2>\t\t\t\t<\/div>\n\t\t\t\t<\/div>\n\t\t<div class=\"elementor-element elementor-element-9145a24 e-con-full e-flex e-con e-child\" data-id=\"9145a24\" data-element_type=\"container\" data-e-type=\"container\">\n\t\t\t\t<div class=\"elementor-element elementor-element-0b385f4 elementor-widget elementor-widget-heading\" data-id=\"0b385f4\" data-element_type=\"widget\" data-e-type=\"widget\" data-widget_type=\"heading.default\">\n\t\t\t\t<div class=\"elementor-widget-container\">\n\t\t\t\t\t<h2 class=\"elementor-heading-title elementor-size-default\">Lundi : 7h \u00e0 15h30 <\/h2>\t\t\t\t<\/div>\n\t\t\t\t<\/div>\n\t\t\t\t<div class=\"elementor-element elementor-element-ce3596a elementor-widget elementor-widget-heading\" data-id=\"ce3596a\" data-element_type=\"widget\" data-e-type=\"widget\" data-widget_type=\"heading.default\">\n\t\t\t\t<div class=\"elementor-widget-container\">\n\t\t\t\t\t<h2 class=\"elementor-heading-title elementor-size-default\">Mardi : 7h \u00e0 15h30<\/h2>\t\t\t\t<\/div>\n\t\t\t\t<\/div>\n\t\t\t\t<div class=\"elementor-element elementor-element-0c04739 elementor-widget elementor-widget-heading\" data-id=\"0c04739\" data-element_type=\"widget\" data-e-type=\"widget\" data-widget_type=\"heading.default\">\n\t\t\t\t<div class=\"elementor-widget-container\">\n\t\t\t\t\t<h2 class=\"elementor-heading-title elementor-size-default\">Mercredi : 7h \u00e0 15h30<\/h2>\t\t\t\t<\/div>\n\t\t\t\t<\/div>\n\t\t\t\t<div class=\"elementor-element elementor-element-ee373c5 elementor-widget elementor-widget-heading\" data-id=\"ee373c5\" data-element_type=\"widget\" data-e-type=\"widget\" data-widget_type=\"heading.default\">\n\t\t\t\t<div class=\"elementor-widget-container\">\n\t\t\t\t\t<h2 class=\"elementor-heading-title elementor-size-default\">Jeudi : 7h \u00e0 15h30<\/h2>\t\t\t\t<\/div>\n\t\t\t\t<\/div>\n\t\t\t\t<\/div>\n\t\t\t\t<\/div>\n\t\t\t\t\t<\/div>\n\t\t\t\t<\/div>\n\t\t\t\t<\/div>\n\t\t","protected":false},"excerpt":{"rendered":"<p>WE LOOK FORWARD TO SEEING YOU! To finalize your request, please call our front desk during our business hours. Monday: 7:00 am to 3:30 pm Tuesday: 7:00 am to 3:30 pm Wednesday: 7:00 am to 3:30 pm Thursday: 7:00 am to 3:30 pm NOUS AVONS H\u00c2TE DE VOUS VOIR ! Pour finaliser votre demande, veuillez [&hellip;]<\/p>\n","protected":false},"author":2,"featured_media":0,"parent":0,"menu_order":0,"comment_status":"closed","ping_status":"closed","template":"elementor_header_footer","meta":{"footnotes":""},"class_list":["post-1554","page","type-page","status-publish","hentry"],"yoast_head":"<!-- This site is optimized with the Yoast SEO plugin v27.2 - https:\/\/yoast.com\/product\/yoast-seo-wordpress\/ -->\n<title>Merci pour votre demande. - Centre Dentaire Mag-Dent<\/title>\n<meta name=\"robots\" content=\"index, follow, max-snippet:-1, max-image-preview:large, max-video-preview:-1\" \/>\n<link rel=\"canonical\" href=\"https:\/\/mag-dent.com\/fr\/merci-pour-votre-demande\/\" \/>\n<meta property=\"og:locale\" content=\"fr_FR\" \/>\n<meta property=\"og:type\" content=\"article\" \/>\n<meta property=\"og:title\" content=\"Merci pour votre demande. - Centre Dentaire Mag-Dent\" \/>\n<meta property=\"og:description\" content=\"WE LOOK FORWARD TO SEEING YOU! To finalize your request, please call our front desk during our business hours. Monday: 7:00 am to 3:30 pm Tuesday: 7:00 am to 3:30 pm Wednesday: 7:00 am to 3:30 pm Thursday: 7:00 am to 3:30 pm NOUS AVONS H\u00c2TE DE VOUS VOIR ! Pour finaliser votre demande, veuillez [&hellip;]\" \/>\n<meta property=\"og:url\" content=\"https:\/\/mag-dent.com\/fr\/merci-pour-votre-demande\/\" \/>\n<meta property=\"og:site_name\" content=\"Centre Dentaire Mag-Dent\" \/>\n<meta property=\"article:modified_time\" content=\"2025-12-30T16:33:57+00:00\" \/>\n<meta name=\"twitter:card\" content=\"summary_large_image\" \/>\n<meta name=\"twitter:label1\" content=\"Dur\u00e9e de lecture estim\u00e9e\" \/>\n\t<meta name=\"twitter:data1\" content=\"1 minute\" \/>\n<script type=\"application\/ld+json\" class=\"yoast-schema-graph\">{\"@context\":\"https:\/\/schema.org\",\"@graph\":[{\"@type\":\"WebPage\",\"@id\":\"https:\/\/mag-dent.com\/fr\/merci-pour-votre-demande\/\",\"url\":\"https:\/\/mag-dent.com\/fr\/merci-pour-votre-demande\/\",\"name\":\"Merci pour votre demande. - Centre Dentaire Mag-Dent\",\"isPartOf\":{\"@id\":\"https:\/\/mag-dent.com\/#website\"},\"datePublished\":\"2024-02-01T18:55:22+00:00\",\"dateModified\":\"2025-12-30T16:33:57+00:00\",\"breadcrumb\":{\"@id\":\"https:\/\/mag-dent.com\/fr\/merci-pour-votre-demande\/#breadcrumb\"},\"inLanguage\":\"fr-FR\",\"potentialAction\":[{\"@type\":\"ReadAction\",\"target\":[\"https:\/\/mag-dent.com\/fr\/merci-pour-votre-demande\/\"]}]},{\"@type\":\"BreadcrumbList\",\"@id\":\"https:\/\/mag-dent.com\/fr\/merci-pour-votre-demande\/#breadcrumb\",\"itemListElement\":[{\"@type\":\"ListItem\",\"position\":1,\"name\":\"Home\",\"item\":\"https:\/\/mag-dent.com\/\"},{\"@type\":\"ListItem\",\"position\":2,\"name\":\"Merci pour votre demande.\"}]},{\"@type\":\"WebSite\",\"@id\":\"https:\/\/mag-dent.com\/#website\",\"url\":\"https:\/\/mag-dent.com\/\",\"name\":\"Centre Dentaire Mag-Dent\",\"description\":\"Offrant une dentisterie esth\u00e9tique g\u00e9n\u00e9rale et avanc\u00e9e, le Dr. Faraj Hanna A. et son \u00e9quipe sont des experts dans leur domaine.\",\"potentialAction\":[{\"@type\":\"SearchAction\",\"target\":{\"@type\":\"EntryPoint\",\"urlTemplate\":\"https:\/\/mag-dent.com\/?s={search_term_string}\"},\"query-input\":{\"@type\":\"PropertyValueSpecification\",\"valueRequired\":true,\"valueName\":\"search_term_string\"}}],\"inLanguage\":\"fr-FR\"}]}<\/script>\n<!-- \/ Yoast SEO plugin. -->","yoast_head_json":{"title":"Merci pour votre demande. - Centre Dentaire Mag-Dent","robots":{"index":"index","follow":"follow","max-snippet":"max-snippet:-1","max-image-preview":"max-image-preview:large","max-video-preview":"max-video-preview:-1"},"canonical":"https:\/\/mag-dent.com\/fr\/merci-pour-votre-demande\/","og_locale":"fr_FR","og_type":"article","og_title":"Merci pour votre demande. - Centre Dentaire Mag-Dent","og_description":"WE LOOK FORWARD TO SEEING YOU! To finalize your request, please call our front desk during our business hours. Monday: 7:00 am to 3:30 pm Tuesday: 7:00 am to 3:30 pm Wednesday: 7:00 am to 3:30 pm Thursday: 7:00 am to 3:30 pm NOUS AVONS H\u00c2TE DE VOUS VOIR ! Pour finaliser votre demande, veuillez [&hellip;]","og_url":"https:\/\/mag-dent.com\/fr\/merci-pour-votre-demande\/","og_site_name":"Centre Dentaire Mag-Dent","article_modified_time":"2025-12-30T16:33:57+00:00","twitter_card":"summary_large_image","twitter_misc":{"Dur\u00e9e de lecture estim\u00e9e":"1 minute"},"schema":{"@context":"https:\/\/schema.org","@graph":[{"@type":"WebPage","@id":"https:\/\/mag-dent.com\/fr\/merci-pour-votre-demande\/","url":"https:\/\/mag-dent.com\/fr\/merci-pour-votre-demande\/","name":"Merci pour votre demande. - Centre Dentaire Mag-Dent","isPartOf":{"@id":"https:\/\/mag-dent.com\/#website"},"datePublished":"2024-02-01T18:55:22+00:00","dateModified":"2025-12-30T16:33:57+00:00","breadcrumb":{"@id":"https:\/\/mag-dent.com\/fr\/merci-pour-votre-demande\/#breadcrumb"},"inLanguage":"fr-FR","potentialAction":[{"@type":"ReadAction","target":["https:\/\/mag-dent.com\/fr\/merci-pour-votre-demande\/"]}]},{"@type":"BreadcrumbList","@id":"https:\/\/mag-dent.com\/fr\/merci-pour-votre-demande\/#breadcrumb","itemListElement":[{"@type":"ListItem","position":1,"name":"Home","item":"https:\/\/mag-dent.com\/"},{"@type":"ListItem","position":2,"name":"Merci pour votre demande."}]},{"@type":"WebSite","@id":"https:\/\/mag-dent.com\/#website","url":"https:\/\/mag-dent.com\/","name":"Centre Dentaire Mag-Dent","description":"Offrant une dentisterie esth\u00e9tique g\u00e9n\u00e9rale et avanc\u00e9e, le Dr. Faraj Hanna A. et son \u00e9quipe sont des experts dans leur domaine.","potentialAction":[{"@type":"SearchAction","target":{"@type":"EntryPoint","urlTemplate":"https:\/\/mag-dent.com\/?s={search_term_string}"},"query-input":{"@type":"PropertyValueSpecification","valueRequired":true,"valueName":"search_term_string"}}],"inLanguage":"fr-FR"}]}},"_links":{"self":[{"href":"https:\/\/mag-dent.com\/fr\/wp-json\/wp\/v2\/pages\/1554","targetHints":{"allow":["GET"]}}],"collection":[{"href":"https:\/\/mag-dent.com\/fr\/wp-json\/wp\/v2\/pages"}],"about":[{"href":"https:\/\/mag-dent.com\/fr\/wp-json\/wp\/v2\/types\/page"}],"author":[{"embeddable":true,"href":"https:\/\/mag-dent.com\/fr\/wp-json\/wp\/v2\/users\/2"}],"replies":[{"embeddable":true,"href":"https:\/\/mag-dent.com\/fr\/wp-json\/wp\/v2\/comments?post=1554"}],"version-history":[{"count":4,"href":"https:\/\/mag-dent.com\/fr\/wp-json\/wp\/v2\/pages\/1554\/revisions"}],"predecessor-version":[{"id":1887,"href":"https:\/\/mag-dent.com\/fr\/wp-json\/wp\/v2\/pages\/1554\/revisions\/1887"}],"wp:attachment":[{"href":"https:\/\/mag-dent.com\/fr\/wp-json\/wp\/v2\/media?parent=1554"}],"curies":[{"name":"wp","href":"https:\/\/api.w.org\/{rel}","templated":true}]}}